{"id":702374,"date":"2025-08-27T15:16:01","date_gmt":"2025-08-27T12:16:01","guid":{"rendered":"https:\/\/roveyayinevi.com.tr\/index.php\/urun\/latin-amerikanin-kesik-damarlari\/"},"modified":"2026-04-16T02:11:42","modified_gmt":"2026-04-15T23:11:42","slug":"latin-amerikanin-kesik-damarlari","status":"publish","type":"product","link":"https:\/\/roveyayinevi.com.tr\/index.php\/urun\/latin-amerikanin-kesik-damarlari\/","title":{"rendered":"Latin Amerika&#8217;n\u0131n Kesik Damarlar\u0131"},"content":{"rendered":"<p>Topraklar\u0131ndaki zenginlikler nedeniyle be\u015f y\u00fczy\u0131ld\u0131r kesintisiz bir \u015fekilde ya\u011fmaya ve sald\u0131r\u0131ya maruz kalanLatin Amerika\u2019n\u0131n hik\u00e2yesi; b\u00fct\u00fcn insanl\u0131\u011f\u0131n g\u00fc\u00e7 ve iktidar ili\u015fkilerinin, emperyalist politikalar\u0131n, sava\u015flar\u0131nalt\u0131ndaki nedenlerin, bask\u0131 kar\u015f\u0131s\u0131nda mayalanan \u00f6fkenin, isyan\u0131n ve ac\u0131n\u0131n \u00f6zetidir.Alt\u0131n, elmas, kalay, g\u00fcm\u00fc\u015f gibi do\u011fal kaynaklar\u0131n; kakao, \u015fekerkam\u0131\u015f\u0131, muz, pamuk gibi tar\u0131m \u00fcr\u00fcnlerininf\u0131\u015fk\u0131rd\u0131\u011f\u0131 bereketli topraklar halklar\u0131 yoksulla\u015ft\u0131rm\u0131\u015f, ba\u015fka k\u0131talar\u0131n ihtiya\u00e7lar\u0131n\u0131 kar\u015f\u0131lamak \u00fczere kimi zamani\u015fgal, \u00e7o\u011fu zaman da kukla y\u00f6netimler arac\u0131l\u0131\u011f\u0131yla talan edilmi\u015ftir. \u00dcstelik sald\u0131rganlar niyetlerini hi\u00e7bir zamangizleme ihtiyac\u0131 duymam\u0131\u015ft\u0131r. Meksika\u2019n\u0131n fethi s\u0131ras\u0131nda Hern\u00e1n Cort\u00e9s\u2019in yard\u0131mc\u0131l\u0131\u011f\u0131n\u0131 yapan Bernal Diaz delcastillo bunu \u015fu s\u00f6zlerle a\u00e7\u0131k\u00e7a ifade eder: \u201cTanr\u0131\u2019ya ve h\u00fck\u00fcmdar\u0131m\u0131za hizmet i\u00e7in geldik biz buraya. Fakatayn\u0131 zamanda, buradaki zenginlikler i\u00e7in de geldik.\u201d K\u00f6le ta\u015f\u0131yan gemiler belki art\u0131k okyanusu ge\u00e7miyor amak\u00f6le t\u00fcccarlar\u0131 \u00e7al\u0131\u015fma bakanl\u0131\u011f\u0131 arac\u0131l\u0131\u011f\u0131yla i\u015flerini s\u00fcrd\u00fcrmeye devam ediyorlar.Ya\u011fma ve talan\u0131n oldu\u011fu yerde elbette direni\u015f de var; Latin Amerika tarihi ayn\u0131 zamanda Tupac Amaru\u2019danHidalgo ve Morelos\u2019a, Sim\u00f3n Bolivar\u2019dan Jos\u00e9 Artigas\u2019a, Zapata\u2019dan castro ve Che Guevara\u2019ya kadarbug\u00fcn\u00fcm\u00fcze de ilham veren bir\u00e7ok ismin \u00f6nc\u00fcl\u00fc\u011f\u00fcnde geli\u015fmi\u015f bir ayaklanmalar tarihidir.Eduardo Galeano bu h\u0131rs, talan, ya\u011fma, kan, g\u00f6zya\u015f\u0131 ve direni\u015fle harmanlanm\u0131\u015f y\u00fczy\u0131llar\u0131n d\u00f6k\u00fcm\u00fcn\u00fc herzamanki sade ama \u00e7arp\u0131c\u0131 diliyle kay\u0131t alt\u0131na al\u0131rken, belleklere kaz\u0131nmas\u0131 gereken bir ger\u00e7ekli\u011fin alt\u0131n\u0131 kal\u0131nca\u00e7iziyor, bug\u00fcn\u00fc anlaman\u0131n ipu\u00e7lar\u0131n\u0131 incelikle sat\u0131rlara d\u00f6k\u00fcyor, s\u00f6m\u00fcr\u00fcye kar\u015f\u0131 \u00f6fke kadar umudu dab\u00fcy\u00fct\u00fcyor\u2026 <\/p>\n","protected":false},"excerpt":{"rendered":"<p>Topraklar\u0131ndaki zenginlikler nedeniyle be\u015f y\u00fczy\u0131ld\u0131r kesintisiz bir \u015fekilde ya\u011fmaya ve sald\u0131r\u0131ya maruz kalanLatin Amerika\u2019n\u0131n hik\u00e2yesi; b\u00fct\u00fcn insanl\u0131\u011f\u0131n g\u00fc\u00e7 ve iktidar ili\u015fkilerinin, emperyalist politikalar\u0131n, sava\u015flar\u0131nalt\u0131ndaki nedenlerin, bask\u0131<span class=\"excerpt-hellip\"> [\u2026]<\/span><\/p>\n","protected":false},"featured_media":0,"template":"","meta":{"_monsterinsights_skip_tracking":false,"_monsterinsights_sitenote_active":false,"_monsterinsights_sitenote_note":"","_monsterinsights_sitenote_category":0},"product_brand":[],"product_cat":[12777,12291],"product_tag":[],"class_list":{"0":"post-702374","1":"product","2":"type-product","3":"status-publish","5":"product_cat-deneme","6":"product_cat-edebiyat","7":"pa_cilt-ciltsiz","8":"pa_tur-kitap","9":"pa_yayinevi-sel-yayincilik","10":"pa_yazar-eduardo-galeano","12":"first","13":"instock","14":"sale","15":"shipping-taxable","16":"purchasable","17":"product-type-simple"},"_links":{"self":[{"href":"https:\/\/roveyayinevi.com.tr\/index.php\/wp-json\/wp\/v2\/product\/702374","targetHints":{"allow":["GET"]}}],"collection":[{"href":"https:\/\/roveyayinevi.com.tr\/index.php\/wp-json\/wp\/v2\/product"}],"about":[{"href":"https:\/\/roveyayinevi.com.tr\/index.php\/wp-json\/wp\/v2\/types\/product"}],"wp:attachment":[{"href":"https:\/\/roveyayinevi.com.tr\/index.php\/wp-json\/wp\/v2\/media?parent=702374"}],"wp:term":[{"taxonomy":"product_brand","embeddable":true,"href":"https:\/\/roveyayinevi.com.tr\/index.php\/wp-json\/wp\/v2\/product_brand?post=702374"},{"taxonomy":"product_cat","embeddable":true,"href":"https:\/\/roveyayinevi.com.tr\/index.php\/wp-json\/wp\/v2\/product_cat?post=702374"},{"taxonomy":"product_tag","embeddable":true,"href":"https:\/\/roveyayinevi.com.tr\/index.php\/wp-json\/wp\/v2\/product_tag?post=702374"}],"curies":[{"name":"wp","href":"https:\/\/api.w.org\/{rel}","templated":true}]}}