{"id":702370,"date":"2025-08-27T15:15:59","date_gmt":"2025-08-27T12:15:59","guid":{"rendered":"https:\/\/roveyayinevi.com.tr\/index.php\/urun\/gunes-topla-benim-icin\/"},"modified":"2026-04-16T02:11:42","modified_gmt":"2026-04-15T23:11:42","slug":"gunes-topla-benim-icin","status":"publish","type":"product","link":"https:\/\/roveyayinevi.com.tr\/index.php\/urun\/gunes-topla-benim-icin\/","title":{"rendered":"G\u00fcne\u015f Topla Benim \u0130\u00e7in"},"content":{"rendered":"<p>Seheryeli \u00e7\u0131k da\u011flara G\u00fcne\u015f topla benim i\u00e7in Haber ilet d\u00f6rt diyara G\u00fcne\u015f topla benim i\u00e7in Umutlar\u0131n aras\u0131ndan Kirpiklerin karas\u0131ndan D\u00f6\u015fte b\u0131\u00e7ak yaras\u0131ndan G\u00fcne\u015f topla benim i\u00e7in Yazdan k\u0131\u015ftan ilkbahardan Mahpuslarda d\u00f6rt duvardan Doludizgin sevdalardan G\u00fcne\u015f topla benim i\u00e7in Seheryeli yar g\u00f6z\u00fcnden Havadaki ku\u015f izinden Geceleyin g\u00f6ky\u00fcz\u00fcnden G\u00fcne\u015f topla benim i\u00e7in <\/p>\n","protected":false},"excerpt":{"rendered":"<p>Seheryeli \u00e7\u0131k da\u011flara G\u00fcne\u015f topla benim i\u00e7in Haber ilet d\u00f6rt diyara G\u00fcne\u015f topla benim i\u00e7in Umutlar\u0131n aras\u0131ndan Kirpiklerin karas\u0131ndan D\u00f6\u015fte b\u0131\u00e7ak yaras\u0131ndan G\u00fcne\u015f topla benim i\u00e7in<span class=\"excerpt-hellip\"> [\u2026]<\/span><\/p>\n","protected":false},"featured_media":0,"template":"","meta":{"_monsterinsights_skip_tracking":false,"_monsterinsights_sitenote_active":false,"_monsterinsights_sitenote_note":"","_monsterinsights_sitenote_category":0},"product_brand":[],"product_cat":[12291,12509],"product_tag":[],"class_list":{"0":"post-702370","1":"product","2":"type-product","3":"status-publish","5":"product_cat-edebiyat","6":"product_cat-siir","7":"pa_cilt-ciltsiz","8":"pa_tur-kitap","9":"pa_yayinevi-islik-yayinlari","10":"pa_yazar-ulku-tamer","12":"first","13":"instock","14":"sale","15":"shipping-taxable","16":"purchasable","17":"product-type-simple"},"_links":{"self":[{"href":"https:\/\/roveyayinevi.com.tr\/index.php\/wp-json\/wp\/v2\/product\/702370","targetHints":{"allow":["GET"]}}],"collection":[{"href":"https:\/\/roveyayinevi.com.tr\/index.php\/wp-json\/wp\/v2\/product"}],"about":[{"href":"https:\/\/roveyayinevi.com.tr\/index.php\/wp-json\/wp\/v2\/types\/product"}],"wp:attachment":[{"href":"https:\/\/roveyayinevi.com.tr\/index.php\/wp-json\/wp\/v2\/media?parent=702370"}],"wp:term":[{"taxonomy":"product_brand","embeddable":true,"href":"https:\/\/roveyayinevi.com.tr\/index.php\/wp-json\/wp\/v2\/product_brand?post=702370"},{"taxonomy":"product_cat","embeddable":true,"href":"https:\/\/roveyayinevi.com.tr\/index.php\/wp-json\/wp\/v2\/product_cat?post=702370"},{"taxonomy":"product_tag","embeddable":true,"href":"https:\/\/roveyayinevi.com.tr\/index.php\/wp-json\/wp\/v2\/product_tag?post=702370"}],"curies":[{"name":"wp","href":"https:\/\/api.w.org\/{rel}","templated":true}]}}