{"id":702366,"date":"2025-08-27T15:15:58","date_gmt":"2025-08-27T12:15:58","guid":{"rendered":"https:\/\/roveyayinevi.com.tr\/index.php\/urun\/toplum-ve-edebiyat\/"},"modified":"2026-04-16T02:11:42","modified_gmt":"2026-04-15T23:11:42","slug":"toplum-ve-edebiyat","status":"publish","type":"product","link":"https:\/\/roveyayinevi.com.tr\/index.php\/urun\/toplum-ve-edebiyat\/","title":{"rendered":"Toplum ve Edebiyat"},"content":{"rendered":"<p>Edebiyat k\u00fclt\u00fcr\u00fcm\u00fcze b\u00fcy\u00fck katk\u0131larda bulunan Adnan Binyazar, d\u00fc\u015f\u00fcnce d\u00fcnyam\u0131z\u0131n en verimli denemecilerinden biri. Kitap, ki\u015fiyi bilgece d\u00fc\u015f\u00fcnmeye y\u00f6neltiyor, onu erdemli k\u0131l\u0131yor. \u0130nsan, yery\u00fcz\u00fcndeki varl\u0131\u011f\u0131n\u0131n bilincine ancak kitapla var\u0131r. Zaman\u0131 en olumlu y\u00f6nde kullanma al\u0131\u015fkanl\u0131\u011f\u0131n\u0131 kazand\u0131ran bu edim, insana sonsuzca d\u00fc\u015f\u00fcnebildi\u011fi bir d\u00fcnyan\u0131n kap\u0131s\u0131n\u0131 da aralar. Goethe\u2019nin Faust\u2019unun \u00e7eli\u015fkili kimli\u011fini, ancak bu kap\u0131dan girenler kavrayabiliyor. Kitap, insanca varolu\u015fun k\u00fclt\u00fcr belgesidir. Onu \u00e7a\u011fdan \u00e7a\u011fa ta\u015f\u0131y\u0131p sonsuzlu\u011fa erdiren de, \u00f6zg\u00fcrce d\u00fc\u015f\u00fcnmenin yoluna sokan da kitapt\u0131r. \u0130nsan, ancak d\u00fc\u015f\u00fcnsel varl\u0131k bilincine erdi\u011fi oranda \u2018insan\u2019 de\u011fil midir? \ufffcTan\u0131t\u0131m Metni<\/p>\n","protected":false},"excerpt":{"rendered":"<p>Edebiyat k\u00fclt\u00fcr\u00fcm\u00fcze b\u00fcy\u00fck katk\u0131larda bulunan Adnan Binyazar, d\u00fc\u015f\u00fcnce d\u00fcnyam\u0131z\u0131n en verimli denemecilerinden biri. Kitap, ki\u015fiyi bilgece d\u00fc\u015f\u00fcnmeye y\u00f6neltiyor, onu erdemli k\u0131l\u0131yor. \u0130nsan, yery\u00fcz\u00fcndeki varl\u0131\u011f\u0131n\u0131n bilincine ancak<span class=\"excerpt-hellip\"> [\u2026]<\/span><\/p>\n","protected":false},"featured_media":0,"template":"","meta":{"_monsterinsights_skip_tracking":false,"_monsterinsights_sitenote_active":false,"_monsterinsights_sitenote_note":"","_monsterinsights_sitenote_category":0},"product_brand":[],"product_cat":[12777,12291],"product_tag":[],"class_list":{"0":"post-702366","1":"product","2":"type-product","3":"status-publish","5":"product_cat-deneme","6":"product_cat-edebiyat","7":"pa_cilt-ciltsiz","8":"pa_tur-kitap","9":"pa_yayinevi-can-yayinlari","10":"pa_yazar-adnan-binyazar","12":"first","13":"instock","14":"sale","15":"shipping-taxable","16":"purchasable","17":"product-type-simple"},"_links":{"self":[{"href":"https:\/\/roveyayinevi.com.tr\/index.php\/wp-json\/wp\/v2\/product\/702366","targetHints":{"allow":["GET"]}}],"collection":[{"href":"https:\/\/roveyayinevi.com.tr\/index.php\/wp-json\/wp\/v2\/product"}],"about":[{"href":"https:\/\/roveyayinevi.com.tr\/index.php\/wp-json\/wp\/v2\/types\/product"}],"wp:attachment":[{"href":"https:\/\/roveyayinevi.com.tr\/index.php\/wp-json\/wp\/v2\/media?parent=702366"}],"wp:term":[{"taxonomy":"product_brand","embeddable":true,"href":"https:\/\/roveyayinevi.com.tr\/index.php\/wp-json\/wp\/v2\/product_brand?post=702366"},{"taxonomy":"product_cat","embeddable":true,"href":"https:\/\/roveyayinevi.com.tr\/index.php\/wp-json\/wp\/v2\/product_cat?post=702366"},{"taxonomy":"product_tag","embeddable":true,"href":"https:\/\/roveyayinevi.com.tr\/index.php\/wp-json\/wp\/v2\/product_tag?post=702366"}],"curies":[{"name":"wp","href":"https:\/\/api.w.org\/{rel}","templated":true}]}}