{"id":702360,"date":"2025-08-27T15:15:56","date_gmt":"2025-08-27T12:15:56","guid":{"rendered":"https:\/\/roveyayinevi.com.tr\/index.php\/urun\/izmirli\/"},"modified":"2026-04-16T02:11:42","modified_gmt":"2026-04-15T23:11:42","slug":"izmirli","status":"publish","type":"product","link":"https:\/\/roveyayinevi.com.tr\/index.php\/urun\/izmirli\/","title":{"rendered":"\u0130zmirli"},"content":{"rendered":"<p>Okudu\u011fum sat\u0131rlar alt\u00fcst olacak hayat\u0131m\u0131n \u00f6ns\u00f6z\u00fcym\u00fc\u015f me\u011fer&#8230; <\/p>\n","protected":false},"excerpt":{"rendered":"<p>Okudu\u011fum sat\u0131rlar alt\u00fcst olacak hayat\u0131m\u0131n \u00f6ns\u00f6z\u00fcym\u00fc\u015f me\u011fer&#8230;<\/p>\n","protected":false},"featured_media":0,"template":"","meta":{"_monsterinsights_skip_tracking":false,"_monsterinsights_sitenote_active":false,"_monsterinsights_sitenote_note":"","_monsterinsights_sitenote_category":0},"product_brand":[],"product_cat":[12291,12711],"product_tag":[],"class_list":{"0":"post-702360","1":"product","2":"type-product","3":"status-publish","5":"product_cat-edebiyat","6":"product_cat-roman-oyku","7":"pa_cilt-ciltsiz","8":"pa_tur-kitap","9":"pa_yayinevi-profil-kitap","10":"pa_yazar-firat-sunel","12":"first","13":"instock","14":"sale","15":"shipping-taxable","16":"purchasable","17":"product-type-simple"},"_links":{"self":[{"href":"https:\/\/roveyayinevi.com.tr\/index.php\/wp-json\/wp\/v2\/product\/702360","targetHints":{"allow":["GET"]}}],"collection":[{"href":"https:\/\/roveyayinevi.com.tr\/index.php\/wp-json\/wp\/v2\/product"}],"about":[{"href":"https:\/\/roveyayinevi.com.tr\/index.php\/wp-json\/wp\/v2\/types\/product"}],"wp:attachment":[{"href":"https:\/\/roveyayinevi.com.tr\/index.php\/wp-json\/wp\/v2\/media?parent=702360"}],"wp:term":[{"taxonomy":"product_brand","embeddable":true,"href":"https:\/\/roveyayinevi.com.tr\/index.php\/wp-json\/wp\/v2\/product_brand?post=702360"},{"taxonomy":"product_cat","embeddable":true,"href":"https:\/\/roveyayinevi.com.tr\/index.php\/wp-json\/wp\/v2\/product_cat?post=702360"},{"taxonomy":"product_tag","embeddable":true,"href":"https:\/\/roveyayinevi.com.tr\/index.php\/wp-json\/wp\/v2\/product_tag?post=702360"}],"curies":[{"name":"wp","href":"https:\/\/api.w.org\/{rel}","templated":true}]}}