{"id":702357,"date":"2025-08-27T15:15:55","date_gmt":"2025-08-27T12:15:55","guid":{"rendered":"https:\/\/roveyayinevi.com.tr\/index.php\/urun\/anadolu-garaji\/"},"modified":"2026-04-16T02:11:42","modified_gmt":"2026-04-15T23:11:42","slug":"anadolu-garaji","status":"publish","type":"product","link":"https:\/\/roveyayinevi.com.tr\/index.php\/urun\/anadolu-garaji\/","title":{"rendered":"Anadolu Garaj\u0131"},"content":{"rendered":"<p>Fakir Baykurt, \u00f6yku\u0308lerinde k\u00f6y ya\u015fam\u0131n\u0131n sertli\u011fi, yoksulluk, cahillik, taassup, bat\u0131l inan\u00e7, s\u00f6m\u00fcr\u00fc gibi sorunlar\u0131 ele alarak k\u00f6ylu\u0308nu\u0308n maddi ve manevi du\u0308nyas\u0131n\u0131 toplumsalc\u0131 ve ger\u00e7ek\u00e7i bir bak\u0131\u015ftan, canl\u0131 tan\u0131kl\u0131klardan yola \u00e7\u0131kan yazar, gu\u0308nlu\u0308k konu\u015fma dilini \u00f6yku\u0308ye ta\u015f\u0131yarak zaman zaman mizahi bir dil kullan\u0131yor; bu\u0308rokrasinin \u00e7arklar\u0131 aras\u0131nda s\u0131k\u0131\u015fan ama i\u00e7inde de bir umudu bar\u0131nd\u0131ran \u201cs\u0131radan insan\u0131\u201d, ya\u015fad\u0131\u011f\u0131 yerin atmosferiyle birlikte \u00e7arp\u0131c\u0131 bir bi\u00e7imde betimliyor.\u0130lk bas\u0131m\u0131 1970\u2019de yap\u0131lan Anadolu Garaj\u0131\u2019n\u0131 yeniden okurla bulu\u015fturuyoruz: \u201cAh; bana edenler etti\u011finden bulsun! Bana sebep olanlar kebap olsun! Cay\u0131r cay\u0131r yans\u0131nlar ate\u015flerde! Anam babam, kaynanam kaynatam, kocam, hepsinin yu\u0308zlerini yu\u0308yu\u0308cu\u0308ler g\u00f6rsu\u0308n! Hepsini tene\u015firler paklas\u0131n! Hepsinin s\u0131rtlar\u0131 tahtaya gelsin! Bana g\u00f6z de\u011fdirenlerin, bana muska yazd\u0131ranlar\u0131n! Bu tu\u0308yu\u0308 bozuk doktorun, bu \u015fa\u015f\u0131 hem\u015firenin! Elimi kolumu tutup bay\u0131ltanlar\u0131n, i\u00e7imi bo\u015faltanlar\u0131n! Tu\u0308mu\u0308nu\u0308n yeri, yedi kat cehennem olsun! \u015eimdi yat\u0131p kalk\u0131p ileniyorum hepici\u011fine. G\u00f6kyu\u0308zu\u0308ne bakarken ileniyorum. Yan\u0131ba\u015f\u0131mda yatan \u00d6mercikli gelin \u00e7isini ederken ileniyorum. Bana nas\u0131ls\u0131n diye soran birisine iyiyim diye kar\u015f\u0131l\u0131k verirken ileniyorum. \u201cBunu koymam sizde!\u201d diyorum. \u201cNe yapar eder \u00f6cu\u0308mu\u0308 al\u0131r\u0131m! Hepinizin durdu\u011fu k\u00f6yu\u0308, hepinizin gerde\u011fe girdi\u011fi evi yakar\u0131m! Nas\u0131l ald\u0131n\u0131z benim bebemi?\u201d diyorum. Ah; ah kahbe du\u0308nya ah; ah \u00e7aresizlik!\u201d (Da\u011flarda Do\u011furaca\u011f\u0131m)  <\/p>\n","protected":false},"excerpt":{"rendered":"<p>Fakir Baykurt, \u00f6yku\u0308lerinde k\u00f6y ya\u015fam\u0131n\u0131n sertli\u011fi, yoksulluk, cahillik, taassup, bat\u0131l inan\u00e7, s\u00f6m\u00fcr\u00fc gibi sorunlar\u0131 ele alarak k\u00f6ylu\u0308nu\u0308n maddi ve manevi du\u0308nyas\u0131n\u0131 toplumsalc\u0131 ve ger\u00e7ek\u00e7i bir bak\u0131\u015ftan,<span class=\"excerpt-hellip\"> [\u2026]<\/span><\/p>\n","protected":false},"featured_media":0,"template":"","meta":{"_monsterinsights_skip_tracking":false,"_monsterinsights_sitenote_active":false,"_monsterinsights_sitenote_note":"","_monsterinsights_sitenote_category":0},"product_brand":[],"product_cat":[12291,12292],"product_tag":[],"class_list":{"0":"post-702357","1":"product","2":"type-product","3":"status-publish","5":"product_cat-edebiyat","6":"product_cat-turk-edebiyati","7":"pa_cilt-ciltsiz","8":"pa_tur-kitap","9":"pa_yayinevi-literatur-yayinevi","10":"pa_yazar-fakir-baykurt","12":"first","13":"instock","14":"sale","15":"shipping-taxable","16":"purchasable","17":"product-type-simple"},"_links":{"self":[{"href":"https:\/\/roveyayinevi.com.tr\/index.php\/wp-json\/wp\/v2\/product\/702357","targetHints":{"allow":["GET"]}}],"collection":[{"href":"https:\/\/roveyayinevi.com.tr\/index.php\/wp-json\/wp\/v2\/product"}],"about":[{"href":"https:\/\/roveyayinevi.com.tr\/index.php\/wp-json\/wp\/v2\/types\/product"}],"wp:attachment":[{"href":"https:\/\/roveyayinevi.com.tr\/index.php\/wp-json\/wp\/v2\/media?parent=702357"}],"wp:term":[{"taxonomy":"product_brand","embeddable":true,"href":"https:\/\/roveyayinevi.com.tr\/index.php\/wp-json\/wp\/v2\/product_brand?post=702357"},{"taxonomy":"product_cat","embeddable":true,"href":"https:\/\/roveyayinevi.com.tr\/index.php\/wp-json\/wp\/v2\/product_cat?post=702357"},{"taxonomy":"product_tag","embeddable":true,"href":"https:\/\/roveyayinevi.com.tr\/index.php\/wp-json\/wp\/v2\/product_tag?post=702357"}],"curies":[{"name":"wp","href":"https:\/\/api.w.org\/{rel}","templated":true}]}}