{"id":702356,"date":"2025-08-27T15:15:54","date_gmt":"2025-08-27T12:15:54","guid":{"rendered":"https:\/\/roveyayinevi.com.tr\/index.php\/urun\/belki-bir-gun\/"},"modified":"2026-04-16T02:11:27","modified_gmt":"2026-04-15T23:11:27","slug":"belki-bir-gun","status":"publish","type":"product","link":"https:\/\/roveyayinevi.com.tr\/index.php\/urun\/belki-bir-gun\/","title":{"rendered":"Belki Bir G\u00fcn"},"content":{"rendered":"<p>Sultan 3. Selim\u2019in saltanat y\u0131llar\u0131&#8230; Nizam-\u0131 Cedid\u2019in kurulmaya \u00e7al\u0131\u015f\u0131ld\u0131\u011f\u0131, Yeni\u00e7eri Oca\u011f\u0131\u2019n\u0131n kald\u0131r\u0131larak yeni bir yap\u0131lanmaya gidi\u015fin ba\u015flat\u0131ld\u0131\u011f\u0131 sanc\u0131l\u0131 d\u00f6nem&#8230; Devlet \u015fuurunu ve T\u00fcrk\u00fcn siyasi tarihteki do\u011frultusunu olaylar\u0131n ve krizlerin de\u011ferlendirilmesinde esasl\u0131 bir \u00f6l\u00e7\u00fc kabul eden Bekir B\u00fcy\u00fckark\u0131n, yeniden b\u00fcy\u00fck devlet olma \u00fcmidini Belki Bir G\u00fcn de, bu kritik olaylar\u0131n ayr\u0131nt\u0131lar\u0131nda ar\u0131yor&#8230; 200 y\u0131l \u00f6nceki atalar\u0131n\u0131n devlet \u015fuurundan ve gayretinden ilham\u0131n\u0131 almaya \u00f6nem veren kahramanlar\u0131n\u0131 sarayda, serhadlerde, \u0130stanbul sokaklar\u0131nda maceradan maceraya ko\u015fturarak, zevkle ve heyecanla okuyuculara bu hedefe eri\u015fmenin yollar\u0131n\u0131 i\u015faret etmeye \u00e7al\u0131\u015f\u0131yor. <\/p>\n","protected":false},"excerpt":{"rendered":"<p>Sultan 3. Selim\u2019in saltanat y\u0131llar\u0131&#8230; Nizam-\u0131 Cedid\u2019in kurulmaya \u00e7al\u0131\u015f\u0131ld\u0131\u011f\u0131, Yeni\u00e7eri Oca\u011f\u0131\u2019n\u0131n kald\u0131r\u0131larak yeni bir yap\u0131lanmaya gidi\u015fin ba\u015flat\u0131ld\u0131\u011f\u0131 sanc\u0131l\u0131 d\u00f6nem&#8230; Devlet \u015fuurunu ve T\u00fcrk\u00fcn siyasi tarihteki do\u011frultusunu<span class=\"excerpt-hellip\"> [\u2026]<\/span><\/p>\n","protected":false},"featured_media":0,"template":"","meta":{"_monsterinsights_skip_tracking":false,"_monsterinsights_sitenote_active":false,"_monsterinsights_sitenote_note":"","_monsterinsights_sitenote_category":0},"product_brand":[],"product_cat":[12291,12745],"product_tag":[],"class_list":{"0":"post-702356","1":"product","2":"type-product","3":"status-publish","5":"product_cat-edebiyat","6":"product_cat-tarihi-roman","7":"pa_cilt-ciltsiz","8":"pa_tur-kitap","9":"pa_yayinevi-otuken-nesriyat","10":"pa_yazar-bekir-buyukarkin","12":"first","13":"instock","14":"sale","15":"shipping-taxable","16":"purchasable","17":"product-type-simple"},"_links":{"self":[{"href":"https:\/\/roveyayinevi.com.tr\/index.php\/wp-json\/wp\/v2\/product\/702356","targetHints":{"allow":["GET"]}}],"collection":[{"href":"https:\/\/roveyayinevi.com.tr\/index.php\/wp-json\/wp\/v2\/product"}],"about":[{"href":"https:\/\/roveyayinevi.com.tr\/index.php\/wp-json\/wp\/v2\/types\/product"}],"wp:attachment":[{"href":"https:\/\/roveyayinevi.com.tr\/index.php\/wp-json\/wp\/v2\/media?parent=702356"}],"wp:term":[{"taxonomy":"product_brand","embeddable":true,"href":"https:\/\/roveyayinevi.com.tr\/index.php\/wp-json\/wp\/v2\/product_brand?post=702356"},{"taxonomy":"product_cat","embeddable":true,"href":"https:\/\/roveyayinevi.com.tr\/index.php\/wp-json\/wp\/v2\/product_cat?post=702356"},{"taxonomy":"product_tag","embeddable":true,"href":"https:\/\/roveyayinevi.com.tr\/index.php\/wp-json\/wp\/v2\/product_tag?post=702356"}],"curies":[{"name":"wp","href":"https:\/\/api.w.org\/{rel}","templated":true}]}}