{"id":702355,"date":"2025-08-27T15:15:54","date_gmt":"2025-08-27T12:15:54","guid":{"rendered":"https:\/\/roveyayinevi.com.tr\/index.php\/urun\/belhin-guvercinleri\/"},"modified":"2026-04-16T02:11:27","modified_gmt":"2026-04-15T23:11:27","slug":"belhin-guvercinleri","status":"publish","type":"product","link":"https:\/\/roveyayinevi.com.tr\/index.php\/urun\/belhin-guvercinleri\/","title":{"rendered":"Belh\u2019in G\u00fcvercinleri"},"content":{"rendered":"<p>\u00c7a\u011f\u0131m\u0131z, Hazret-i Mevl\u00e2na\u2019n\u0131n \u00e7a\u011f\u0131na \u00e7ok benziyor: Kaba kuvvetin, ihtiras ve \u015fehvetin putla\u015ft\u0131\u011f\u0131, kutsal ile ruhsal\u0131n ayaklar alt\u0131nda dola\u015ft\u0131\u011f\u0131 bu \u00e7a\u011fda, sevgi ve bar\u0131\u015fa susayanlar, Mevl\u00e2nalar\u0131 ar\u0131yor. Ruhlar\u0131 a\u015fkla diriltecek, topluma huzur ve bar\u0131\u015f getirecek manevi \u00f6nderleri \u00f6zl\u00fcyor. Mevl\u00e2na, bar\u0131\u015f g\u00fcverciniydi. L\u00e2kin hi\u00e7bir zaman bar\u0131\u015f, bar\u0131\u015f diye feryat etmedi. Biliyordu ki, bar\u0131\u015f, bar\u0131\u015f demekle, topluma bar\u0131\u015f gelmez. Bar\u0131\u015f g\u00fclleri, ancak g\u00f6n\u00fcl bah\u00e7elerine dikilen fidanlarda a\u00e7ar, aradan dev\u015firilir. \u00d6yleyse, G\u00fcl dermek isteyenler, sevgi fidanlar\u0131 dikmeliler. <\/p>\n","protected":false},"excerpt":{"rendered":"<p>\u00c7a\u011f\u0131m\u0131z, Hazret-i Mevl\u00e2na\u2019n\u0131n \u00e7a\u011f\u0131na \u00e7ok benziyor: Kaba kuvvetin, ihtiras ve \u015fehvetin putla\u015ft\u0131\u011f\u0131, kutsal ile ruhsal\u0131n ayaklar alt\u0131nda dola\u015ft\u0131\u011f\u0131 bu \u00e7a\u011fda, sevgi ve bar\u0131\u015fa susayanlar, Mevl\u00e2nalar\u0131 ar\u0131yor.<span class=\"excerpt-hellip\"> [\u2026]<\/span><\/p>\n","protected":false},"featured_media":0,"template":"","meta":{"_monsterinsights_skip_tracking":false,"_monsterinsights_sitenote_active":false,"_monsterinsights_sitenote_note":"","_monsterinsights_sitenote_category":0},"product_brand":[],"product_cat":[12718,12719,12720],"product_tag":[],"class_list":{"0":"post-702355","1":"product","2":"type-product","3":"status-publish","5":"product_cat-din","6":"product_cat-islam","7":"product_cat-tasavvuf-mezhepler-tarikatlar","8":"pa_tur-kitap","9":"pa_yayinevi-otuken-nesriyat","10":"pa_yazar-emin-isik","12":"first","13":"instock","14":"sale","15":"shipping-taxable","16":"purchasable","17":"product-type-simple"},"_links":{"self":[{"href":"https:\/\/roveyayinevi.com.tr\/index.php\/wp-json\/wp\/v2\/product\/702355","targetHints":{"allow":["GET"]}}],"collection":[{"href":"https:\/\/roveyayinevi.com.tr\/index.php\/wp-json\/wp\/v2\/product"}],"about":[{"href":"https:\/\/roveyayinevi.com.tr\/index.php\/wp-json\/wp\/v2\/types\/product"}],"wp:attachment":[{"href":"https:\/\/roveyayinevi.com.tr\/index.php\/wp-json\/wp\/v2\/media?parent=702355"}],"wp:term":[{"taxonomy":"product_brand","embeddable":true,"href":"https:\/\/roveyayinevi.com.tr\/index.php\/wp-json\/wp\/v2\/product_brand?post=702355"},{"taxonomy":"product_cat","embeddable":true,"href":"https:\/\/roveyayinevi.com.tr\/index.php\/wp-json\/wp\/v2\/product_cat?post=702355"},{"taxonomy":"product_tag","embeddable":true,"href":"https:\/\/roveyayinevi.com.tr\/index.php\/wp-json\/wp\/v2\/product_tag?post=702355"}],"curies":[{"name":"wp","href":"https:\/\/api.w.org\/{rel}","templated":true}]}}