{"id":702354,"date":"2025-08-27T15:15:53","date_gmt":"2025-08-27T12:15:53","guid":{"rendered":"https:\/\/roveyayinevi.com.tr\/index.php\/urun\/kokular-kitabi-ciltli\/"},"modified":"2026-04-16T02:11:27","modified_gmt":"2026-04-15T23:11:27","slug":"kokular-kitabi-ciltli","status":"publish","type":"product","link":"https:\/\/roveyayinevi.com.tr\/index.php\/urun\/kokular-kitabi-ciltli\/","title":{"rendered":"Kokular Kitab\u0131 (Ciltli)"},"content":{"rendered":"<p>Kokular Kitab\u0131, nihayet elinizde!Art\u0131k g\u00f6n\u00fcl rahatl\u0131\u011f\u0131yla \u201cburnunuzun dikine\u201d gidebilirsiniz.Ama sanmay\u0131n ki kokular sadece do\u011frular\u0131 s\u00f6yler.Kand\u0131\u011f\u0131m\u0131z yalanlar i\u00e7in de bir k\u0131lavuz ayn\u0131 zamandaKokular Kitab\u0131. \u201cKoku\u201d denince, T\u00fcrkiye\u2019de akla ilk gelen isim; Vedat Ozan.\u0130lk kitab\u0131 ve uzun soluklu \u00e7al\u0131\u015fmas\u0131n\u0131n ilk cildi Kokular Kitab\u0131\u2019nda meselenin hemen her cephesini ku\u015fat\u0131yor: mitoloji, k\u00fclt\u00fcrel tarih, kimya, ekonomi-politik, psikoloji, edebiyat, g\u00fcndelik hayat&#8230;Bu kitab\u0131 okuduktan sonra; bir bebe\u011fi severken, do\u011falgaz faturan\u0131z\u0131 yat\u0131r\u0131rken, ba\u015f\u0131n\u0131z\u0131n \u00fczerinden bir g\u00fcvercin s\u00fcr\u00fcs\u00fc ge\u00e7erken, al\u0131\u015fveri\u015f yaparken, ans\u0131z\u0131n nostaljiye kap\u0131ld\u0131\u011f\u0131n\u0131zda, kendinizi kar\u015f\u0131 cinsi etkilemeye \u00e7al\u0131\u015f\u0131rken yakalad\u0131\u011f\u0131n\u0131zda, hatta asans\u00f6re bindi\u011finizde, art\u0131k ba\u015fka \u00e7a\u011fr\u0131\u015f\u0131mlarlad\u00fc\u015f\u00fcnmeye ba\u015flayacaks\u0131n\u0131z.Kokular Kitab\u0131\u2019n\u0131 d\u00f6n\u00fcp d\u00f6n\u00fcp okuyacaks\u0131n\u0131z; burnunuzda t\u00fctecek&#8230;Ama hepsi bu de\u011fil, merak etmeyin! Daha \u00fc\u00e7 cilt s\u0131ras\u0131n\u0131 bekliyor: bunun parf\u00fcm\u00fc var, k\u00fclt\u00fcrel tarihi var, lezzet boyutu var. Annemizin karn\u0131ndayken ba\u015flayan koku\u2019yla maceram\u0131z\u0131n ayr\u0131nt\u0131l\u0131 hik\u00e2yesi, yine orada ba\u015flayan lezzet\u2019le tamamlanacak.\u0130nsan\u0131n gizli pusulas\u0131 burnun, dolay\u0131s\u0131yla koku\u2019nun akla gelen, gelmeyen neredeyse her \u015feyimize sirayet eden d\u00fcnyas\u0131na ho\u015fgeldiniz\u2026 \u201cBir odaya girip o odan\u0131n duvar\u0131ndaki bir resmi veya nesneyi tesad\u00fcfen g\u00f6rmemi\u015f olabiliriz ama ayn\u0131 odadaki kokuyu es ge\u00e7memiz, atlamam\u0131z imk\u00e2ns\u0131z. Bu, ka\u00e7\u0131n\u0131lmaz bir uyaranla kar\u015f\u0131 kar\u015f\u0131yay\u0131z, demek.\u201d <\/p>\n","protected":false},"excerpt":{"rendered":"<p>Kokular Kitab\u0131, nihayet elinizde!Art\u0131k g\u00f6n\u00fcl rahatl\u0131\u011f\u0131yla \u201cburnunuzun dikine\u201d gidebilirsiniz.Ama sanmay\u0131n ki kokular sadece do\u011frular\u0131 s\u00f6yler.Kand\u0131\u011f\u0131m\u0131z yalanlar i\u00e7in de bir k\u0131lavuz ayn\u0131 zamandaKokular Kitab\u0131. \u201cKoku\u201d denince, T\u00fcrkiye\u2019de<span class=\"excerpt-hellip\"> [\u2026]<\/span><\/p>\n","protected":false},"featured_media":0,"template":"","meta":{"_monsterinsights_skip_tracking":false,"_monsterinsights_sitenote_active":false,"_monsterinsights_sitenote_note":"","_monsterinsights_sitenote_category":0},"product_brand":[],"product_cat":[12777,12291],"product_tag":[],"class_list":{"0":"post-702354","1":"product","2":"type-product","3":"status-publish","5":"product_cat-deneme","6":"product_cat-edebiyat","7":"pa_cilt-ciltli","8":"pa_tur-kitap","9":"pa_yayinevi-everest-yayinlari","10":"pa_yazar-vedat-ozan","12":"first","13":"instock","14":"sale","15":"shipping-taxable","16":"purchasable","17":"product-type-simple"},"_links":{"self":[{"href":"https:\/\/roveyayinevi.com.tr\/index.php\/wp-json\/wp\/v2\/product\/702354","targetHints":{"allow":["GET"]}}],"collection":[{"href":"https:\/\/roveyayinevi.com.tr\/index.php\/wp-json\/wp\/v2\/product"}],"about":[{"href":"https:\/\/roveyayinevi.com.tr\/index.php\/wp-json\/wp\/v2\/types\/product"}],"wp:attachment":[{"href":"https:\/\/roveyayinevi.com.tr\/index.php\/wp-json\/wp\/v2\/media?parent=702354"}],"wp:term":[{"taxonomy":"product_brand","embeddable":true,"href":"https:\/\/roveyayinevi.com.tr\/index.php\/wp-json\/wp\/v2\/product_brand?post=702354"},{"taxonomy":"product_cat","embeddable":true,"href":"https:\/\/roveyayinevi.com.tr\/index.php\/wp-json\/wp\/v2\/product_cat?post=702354"},{"taxonomy":"product_tag","embeddable":true,"href":"https:\/\/roveyayinevi.com.tr\/index.php\/wp-json\/wp\/v2\/product_tag?post=702354"}],"curies":[{"name":"wp","href":"https:\/\/api.w.org\/{rel}","templated":true}]}}