{"id":702350,"date":"2025-08-27T15:15:52","date_gmt":"2025-08-27T12:15:52","guid":{"rendered":"https:\/\/roveyayinevi.com.tr\/index.php\/urun\/turk-halk-bilimi\/"},"modified":"2026-04-16T02:11:27","modified_gmt":"2026-04-15T23:11:27","slug":"turk-halk-bilimi","status":"publish","type":"product","link":"https:\/\/roveyayinevi.com.tr\/index.php\/urun\/turk-halk-bilimi\/","title":{"rendered":"T\u00fcrk Halk Bilimi"},"content":{"rendered":"<p>Halkbilimci, ara\u015ft\u0131rmac\u0131, yazar ve oyun yazar\u0131 Sedat Veyis \u00d6rnek 1928 y\u0131l\u0131rda Zara&#8217;da do\u011fdu. 1953 y\u0131l\u0131nda Ankara \u00dcniversitesi \u0130l\u00e2hiyat Fak\u00fcltesi&#8217;ni bitirdi. Dinler tarihi ve etnoloji dal\u0131nda Almanya&#8217;da T\u00fcbingen \u00dcniversitesi&#8217;nde doktoras\u0131n\u0131 verdi. A.\u00dc. Dil ve Tarih-Co\u011frafya Fak\u00fcltesi Etnoloji K\u00fcrs\u00fcs\u00fcne 1961 y\u0131l\u0131nda asistan olarak girdi ve 1971&#8217;de profes\u00f6rl\u00fc\u011fe y\u00fckseldi. Folklor \u00fczerine incelemeler yapt\u0131, hik\u00e2ye ve oyunlar yazd\u0131. Varl\u0131k, De\u011fi\u015fim, S\u0131r ve T\u00fcrk Dili dergilerinde \u00f6yk\u00fc, ele\u015ftiri, k\u0131sa oyun ve \u00e7evirileri yay\u0131nlan\u0131rken daha \u00e7ok oyun yazar\u0131 olarak tan\u0131nd\u0131. 15 Kas\u0131m 1980&#8217;de Ankara&#8217;da \u00f6ld\u00fc. <\/p>\n","protected":false},"excerpt":{"rendered":"<p>Halkbilimci, ara\u015ft\u0131rmac\u0131, yazar ve oyun yazar\u0131 Sedat Veyis \u00d6rnek 1928 y\u0131l\u0131rda Zara&#8217;da do\u011fdu. 1953 y\u0131l\u0131nda Ankara \u00dcniversitesi \u0130l\u00e2hiyat Fak\u00fcltesi&#8217;ni bitirdi. Dinler tarihi ve etnoloji dal\u0131nda Almanya&#8217;da<span class=\"excerpt-hellip\"> [\u2026]<\/span><\/p>\n","protected":false},"featured_media":0,"template":"","meta":{"_monsterinsights_skip_tracking":false,"_monsterinsights_sitenote_active":false,"_monsterinsights_sitenote_note":"","_monsterinsights_sitenote_category":0},"product_brand":[],"product_cat":[13072,12291],"product_tag":[],"class_list":{"0":"post-702350","1":"product","2":"type-product","3":"status-publish","5":"product_cat-arastirma-inceleme-referans","6":"product_cat-edebiyat","7":"pa_cilt-ciltsiz","8":"pa_tur-kitap","9":"pa_yayinevi-bilgesu-yayincilik","10":"pa_yazar-sedat-veyis-ornek","12":"first","13":"instock","14":"sale","15":"shipping-taxable","16":"purchasable","17":"product-type-simple"},"_links":{"self":[{"href":"https:\/\/roveyayinevi.com.tr\/index.php\/wp-json\/wp\/v2\/product\/702350","targetHints":{"allow":["GET"]}}],"collection":[{"href":"https:\/\/roveyayinevi.com.tr\/index.php\/wp-json\/wp\/v2\/product"}],"about":[{"href":"https:\/\/roveyayinevi.com.tr\/index.php\/wp-json\/wp\/v2\/types\/product"}],"wp:attachment":[{"href":"https:\/\/roveyayinevi.com.tr\/index.php\/wp-json\/wp\/v2\/media?parent=702350"}],"wp:term":[{"taxonomy":"product_brand","embeddable":true,"href":"https:\/\/roveyayinevi.com.tr\/index.php\/wp-json\/wp\/v2\/product_brand?post=702350"},{"taxonomy":"product_cat","embeddable":true,"href":"https:\/\/roveyayinevi.com.tr\/index.php\/wp-json\/wp\/v2\/product_cat?post=702350"},{"taxonomy":"product_tag","embeddable":true,"href":"https:\/\/roveyayinevi.com.tr\/index.php\/wp-json\/wp\/v2\/product_tag?post=702350"}],"curies":[{"name":"wp","href":"https:\/\/api.w.org\/{rel}","templated":true}]}}