{"id":702345,"date":"2025-08-27T15:15:50","date_gmt":"2025-08-27T12:15:50","guid":{"rendered":"https:\/\/roveyayinevi.com.tr\/index.php\/urun\/en-uzagindan-unutusun\/"},"modified":"2026-04-16T02:11:27","modified_gmt":"2026-04-15T23:11:27","slug":"en-uzagindan-unutusun","status":"publish","type":"product","link":"https:\/\/roveyayinevi.com.tr\/index.php\/urun\/en-uzagindan-unutusun\/","title":{"rendered":"En Uza\u011f\u0131ndan Unutu\u015fun"},"content":{"rendered":"<p>G\u00fcn\u00fcbirlik ya\u015fayan yoksul, sevecen bir gen\u00e7 adam, yava\u015f yava\u015f neredeyse kendili\u011finden kurulan ama hi\u00e7bir zaman sonu belli olmayan dostluk ve a\u015fk ili\u015fkileri, k\u0131sa s\u00fcren sevin\u00e7ler, kolay kolay d\u0131\u015fa vurulamayan ku\u015fkular ve ac\u0131lar&#8230; Patrick Modiano alabildi\u011fine yal\u0131n ama ayn\u0131 \u00f6l\u00e7\u00fcde duyarl\u0131 ve \u015fiirsel bir dil kullanarak okuru yaratt\u0131\u011f\u0131 d\u00fcnyan\u0131n i\u00e7ine \u00e7ekiyor. En Uza\u011f\u0131ndan Unutu\u015fun ilk bak\u0131\u015fta geli\u015fig\u00fczel yaz\u0131lm\u0131\u015f izlenimi veren ki\u015fileriyle, eksik anlat\u0131lm\u0131\u015f gibi g\u00f6r\u00fcnen ama yenileri eklendik\u00e7e b\u00fct\u00fcnlenip derinle\u015fen olaylar\u0131yla kentleri, sokaklar\u0131 ve evleriyle bizi b\u00fcy\u00fcleyen bir roman, bir ustal\u0131k d\u00f6nemi roman\u0131. \ufffcTan\u0131t\u0131m Metni<\/p>\n","protected":false},"excerpt":{"rendered":"<p>G\u00fcn\u00fcbirlik ya\u015fayan yoksul, sevecen bir gen\u00e7 adam, yava\u015f yava\u015f neredeyse kendili\u011finden kurulan ama hi\u00e7bir zaman sonu belli olmayan dostluk ve a\u015fk ili\u015fkileri, k\u0131sa s\u00fcren sevin\u00e7ler, kolay<span class=\"excerpt-hellip\"> [\u2026]<\/span><\/p>\n","protected":false},"featured_media":0,"template":"","meta":{"_monsterinsights_skip_tracking":false,"_monsterinsights_sitenote_active":false,"_monsterinsights_sitenote_note":"","_monsterinsights_sitenote_category":0},"product_brand":[],"product_cat":[12291,12711],"product_tag":[],"class_list":{"0":"post-702345","1":"product","2":"type-product","3":"status-publish","5":"product_cat-edebiyat","6":"product_cat-roman-oyku","7":"pa_cilt-ciltsiz","8":"pa_tur-kitap","9":"pa_yayinevi-can-yayinlari","10":"pa_yazar-patrick-modiano","12":"first","13":"instock","14":"sale","15":"shipping-taxable","16":"purchasable","17":"product-type-simple"},"_links":{"self":[{"href":"https:\/\/roveyayinevi.com.tr\/index.php\/wp-json\/wp\/v2\/product\/702345","targetHints":{"allow":["GET"]}}],"collection":[{"href":"https:\/\/roveyayinevi.com.tr\/index.php\/wp-json\/wp\/v2\/product"}],"about":[{"href":"https:\/\/roveyayinevi.com.tr\/index.php\/wp-json\/wp\/v2\/types\/product"}],"wp:attachment":[{"href":"https:\/\/roveyayinevi.com.tr\/index.php\/wp-json\/wp\/v2\/media?parent=702345"}],"wp:term":[{"taxonomy":"product_brand","embeddable":true,"href":"https:\/\/roveyayinevi.com.tr\/index.php\/wp-json\/wp\/v2\/product_brand?post=702345"},{"taxonomy":"product_cat","embeddable":true,"href":"https:\/\/roveyayinevi.com.tr\/index.php\/wp-json\/wp\/v2\/product_cat?post=702345"},{"taxonomy":"product_tag","embeddable":true,"href":"https:\/\/roveyayinevi.com.tr\/index.php\/wp-json\/wp\/v2\/product_tag?post=702345"}],"curies":[{"name":"wp","href":"https:\/\/api.w.org\/{rel}","templated":true}]}}