{"id":702337,"date":"2025-08-27T15:15:47","date_gmt":"2025-08-27T12:15:47","guid":{"rendered":"https:\/\/roveyayinevi.com.tr\/index.php\/urun\/sipsak-bilmeceler-1\/"},"modified":"2026-04-16T02:11:27","modified_gmt":"2026-04-15T23:11:27","slug":"sipsak-bilmeceler-1","status":"publish","type":"product","link":"https:\/\/roveyayinevi.com.tr\/index.php\/urun\/sipsak-bilmeceler-1\/","title":{"rendered":"\u015eip\u015fak Bilmeceler 1"},"content":{"rendered":"<p>\u015eimdi hep birlikte soru-yan\u0131t oyunu oynamaya var m\u0131s\u0131n\u0131z? Hem e\u011flenelim hem de kafam\u0131z \u00e7al\u0131\u015fs\u0131n diyorsan\u0131z yan\u0131tlar\u0131n\u0131z\u0131 \u015fip\u015fak haz\u0131rlay\u0131n. Kristof Kolomb\u2019un da dedi\u011fi gibi Zor olan bunu d\u00fc\u015f\u00fcnebilmektir! \ufffcTan\u0131t\u0131m Metni<\/p>\n","protected":false},"excerpt":{"rendered":"<p>\u015eimdi hep birlikte soru-yan\u0131t oyunu oynamaya var m\u0131s\u0131n\u0131z? Hem e\u011flenelim hem de kafam\u0131z \u00e7al\u0131\u015fs\u0131n diyorsan\u0131z yan\u0131tlar\u0131n\u0131z\u0131 \u015fip\u015fak haz\u0131rlay\u0131n. Kristof Kolomb\u2019un da dedi\u011fi gibi Zor olan bunu<span class=\"excerpt-hellip\"> [\u2026]<\/span><\/p>\n","protected":false},"featured_media":0,"template":"","meta":{"_monsterinsights_skip_tracking":false,"_monsterinsights_sitenote_active":false,"_monsterinsights_sitenote_note":"","_monsterinsights_sitenote_category":0},"product_brand":[],"product_cat":[12492,12274],"product_tag":[],"class_list":{"0":"post-702337","1":"product","2":"type-product","3":"status-publish","5":"product_cat-bilmece-bulmaca","6":"product_cat-cocuk-ve-genclik-kitaplari","7":"pa_cilt-ciltsiz","8":"pa_tur-kitap","9":"pa_yayinevi-can-cocuk-yayinlari","10":"pa_yazar-suleyman-bulut","12":"first","13":"instock","14":"sale","15":"shipping-taxable","16":"purchasable","17":"product-type-simple"},"_links":{"self":[{"href":"https:\/\/roveyayinevi.com.tr\/index.php\/wp-json\/wp\/v2\/product\/702337","targetHints":{"allow":["GET"]}}],"collection":[{"href":"https:\/\/roveyayinevi.com.tr\/index.php\/wp-json\/wp\/v2\/product"}],"about":[{"href":"https:\/\/roveyayinevi.com.tr\/index.php\/wp-json\/wp\/v2\/types\/product"}],"wp:attachment":[{"href":"https:\/\/roveyayinevi.com.tr\/index.php\/wp-json\/wp\/v2\/media?parent=702337"}],"wp:term":[{"taxonomy":"product_brand","embeddable":true,"href":"https:\/\/roveyayinevi.com.tr\/index.php\/wp-json\/wp\/v2\/product_brand?post=702337"},{"taxonomy":"product_cat","embeddable":true,"href":"https:\/\/roveyayinevi.com.tr\/index.php\/wp-json\/wp\/v2\/product_cat?post=702337"},{"taxonomy":"product_tag","embeddable":true,"href":"https:\/\/roveyayinevi.com.tr\/index.php\/wp-json\/wp\/v2\/product_tag?post=702337"}],"curies":[{"name":"wp","href":"https:\/\/api.w.org\/{rel}","templated":true}]}}