{"id":702335,"date":"2025-08-27T15:15:46","date_gmt":"2025-08-27T12:15:46","guid":{"rendered":"https:\/\/roveyayinevi.com.tr\/index.php\/urun\/buyuk-yazarlarin-gizli-hayatlari\/"},"modified":"2026-04-16T02:11:27","modified_gmt":"2026-04-15T23:11:27","slug":"buyuk-yazarlarin-gizli-hayatlari","status":"publish","type":"product","link":"https:\/\/roveyayinevi.com.tr\/index.php\/urun\/buyuk-yazarlarin-gizli-hayatlari\/","title":{"rendered":"B\u00fcy\u00fck Yazarlar\u0131n Gizli Hayatlar\u0131"},"content":{"rendered":"<p>\u00c7ok Satan B\u00fcy\u00fck Sanat\u00e7\u0131lar\u0131n Gizli Hayatlar\u0131 Kitab\u0131n\u0131n Yazar\u0131ndan: B\u00fcy\u00fck Yazarlar\u0131n Gizli Hayatlar\u0131 Katillere, Aldatanlara, Uyu\u015fturucu Ba\u011f\u0131ml\u0131lar\u0131na ve Edebiyat D\u00fcnyas\u0131n\u0131n Di\u011fer Efsanelerine Dair Garip Ama Ger\u00e7ek Hikayeler. WillIam Shakespeare\u2019den Leo Tolstoy\u2019a dek pek \u00e7ok yazar\u0131n s\u0131rad\u0131\u015f\u0131 ve sans\u00fcrs\u00fcz bir profilini sunan B\u00fcy\u00fck Yazarlar\u0131n Gizli Hayatlar\u0131, lise \u00f6\u011fretmeninizin sormaya korktu\u011fu t\u00fcm zorlu sorular\u0131 ele al\u0131yor: Nedir Lewis Carroll\u2019un \u015fu k\u00fc\u00e7\u00fck k\u0131zlarla meselesi? J. D. Salinger ger\u00e7ekten kendi idrar\u0131n\u0131 m\u0131 i\u00e7erdi? Lord Byron ka\u00e7 kad\u0131nla ve erkekle yatt\u0131? Ayn Rand neden Charlie\u2019nin Melekleri\u2019ne bay\u0131l\u0131rd\u0131? Klasik edebiyat okulda hi\u00e7 bu kadar e\u011flenceli olmam\u0131\u015ft\u0131! \ufffcTan\u0131t\u0131m Metni<\/p>\n","protected":false},"excerpt":{"rendered":"<p>\u00c7ok Satan B\u00fcy\u00fck Sanat\u00e7\u0131lar\u0131n Gizli Hayatlar\u0131 Kitab\u0131n\u0131n Yazar\u0131ndan: B\u00fcy\u00fck Yazarlar\u0131n Gizli Hayatlar\u0131 Katillere, Aldatanlara, Uyu\u015fturucu Ba\u011f\u0131ml\u0131lar\u0131na ve Edebiyat D\u00fcnyas\u0131n\u0131n Di\u011fer Efsanelerine Dair Garip Ama Ger\u00e7ek Hikayeler.<span class=\"excerpt-hellip\"> [\u2026]<\/span><\/p>\n","protected":false},"featured_media":0,"template":"","meta":{"_monsterinsights_skip_tracking":false,"_monsterinsights_sitenote_active":false,"_monsterinsights_sitenote_note":"","_monsterinsights_sitenote_category":0},"product_brand":[],"product_cat":[12291],"product_tag":[],"class_list":{"0":"post-702335","1":"product","2":"type-product","3":"status-publish","5":"product_cat-edebiyat","6":"pa_cilt-ciltsiz","7":"pa_tur-kitap","8":"pa_yayinevi-domingo-yayinevi","9":"pa_yazar-robert-schnakenberg","11":"first","12":"instock","13":"sale","14":"shipping-taxable","15":"purchasable","16":"product-type-simple"},"_links":{"self":[{"href":"https:\/\/roveyayinevi.com.tr\/index.php\/wp-json\/wp\/v2\/product\/702335","targetHints":{"allow":["GET"]}}],"collection":[{"href":"https:\/\/roveyayinevi.com.tr\/index.php\/wp-json\/wp\/v2\/product"}],"about":[{"href":"https:\/\/roveyayinevi.com.tr\/index.php\/wp-json\/wp\/v2\/types\/product"}],"wp:attachment":[{"href":"https:\/\/roveyayinevi.com.tr\/index.php\/wp-json\/wp\/v2\/media?parent=702335"}],"wp:term":[{"taxonomy":"product_brand","embeddable":true,"href":"https:\/\/roveyayinevi.com.tr\/index.php\/wp-json\/wp\/v2\/product_brand?post=702335"},{"taxonomy":"product_cat","embeddable":true,"href":"https:\/\/roveyayinevi.com.tr\/index.php\/wp-json\/wp\/v2\/product_cat?post=702335"},{"taxonomy":"product_tag","embeddable":true,"href":"https:\/\/roveyayinevi.com.tr\/index.php\/wp-json\/wp\/v2\/product_tag?post=702335"}],"curies":[{"name":"wp","href":"https:\/\/api.w.org\/{rel}","templated":true}]}}