{"id":702331,"date":"2025-08-27T15:15:45","date_gmt":"2025-08-27T12:15:45","guid":{"rendered":"https:\/\/roveyayinevi.com.tr\/index.php\/urun\/buyuk-sanatcilarin-gizli-hayatlari\/"},"modified":"2026-04-16T02:11:27","modified_gmt":"2026-04-15T23:11:27","slug":"buyuk-sanatcilarin-gizli-hayatlari","status":"publish","type":"product","link":"https:\/\/roveyayinevi.com.tr\/index.php\/urun\/buyuk-sanatcilarin-gizli-hayatlari\/","title":{"rendered":"B\u00fcy\u00fck Sanat\u00e7\u0131lar\u0131n Gizli Hayatlar\u0131"},"content":{"rendered":"<p>\u00d6\u011fretmenlerinizin Size B\u00fcy\u00fck Ressamlar ve Heykeltra\u015flar Hakk\u0131nda Asla Anlatmad\u0131\u011f\u0131 \u015eeyler&#8230; Cinayet, Sahtekarl\u0131k, D\u00fczenbazl\u0131k Ve B\u00fcy\u00fck Sanat \u00dczerine Ger\u00e7ek Hikayeler&#8230; Leonardo\u2019dan (s\u00f6zde sodomist) tutun da Caravaggio\u2019ya (h\u00fck\u00fcm yemi\u015f katil), Edward Hopper\u2019a (kar\u0131s\u0131n\u0131 d\u00f6vmekle itham edilir) varana kadar herkes hakk\u0131nda ta\u015fk\u0131n anekdotlar sunan B\u00fcy\u00fck Sanat\u00e7\u0131lar\u0131n Gizli Hayatlar\u0131, b\u00fcy\u00fck ustalar\u0131n uluslararas\u0131 sanat\u0131n\u0131n gerisindeki ahlaks\u0131zca, bu\u011fulu ve g\u00f6z\u00fc kara hikayeleri anlat\u0131yor. Michelangelo\u2019nun v\u00fccut kokusu \u00e7ok k\u00f6t\u00fc oldu\u011fu i\u00e7in asistanlar\u0131n\u0131n onunla \u00e7al\u0131\u015fmaya dayanamad\u0131\u011f\u0131n\u0131; Vincent Van Gogh\u2019un bazen do\u011frudan do\u011fruya t\u00fcpten boya yedi\u011fini; ve Georgia O\u2019Keefe\u2019nin \u00e7\u0131plak resim yapmaya bay\u0131ld\u0131\u011f\u0131n\u0131 \u00f6\u011freneceksiniz. \u0130\u015fte asla unutmayaca\u011f\u0131n\u0131z bir sanat tarihi dersi. Elizabeth Lunday mimari ve sanat konusunda uzman olan bir gazeteci. Mental Floss dergisinin \u015eaheserler s\u00fctununu yaz\u0131yor. \ufffcTan\u0131t\u0131m Metni<\/p>\n","protected":false},"excerpt":{"rendered":"<p>\u00d6\u011fretmenlerinizin Size B\u00fcy\u00fck Ressamlar ve Heykeltra\u015flar Hakk\u0131nda Asla Anlatmad\u0131\u011f\u0131 \u015eeyler&#8230; Cinayet, Sahtekarl\u0131k, D\u00fczenbazl\u0131k Ve B\u00fcy\u00fck Sanat \u00dczerine Ger\u00e7ek Hikayeler&#8230; Leonardo\u2019dan (s\u00f6zde sodomist) tutun da Caravaggio\u2019ya (h\u00fck\u00fcm<span class=\"excerpt-hellip\"> [\u2026]<\/span><\/p>\n","protected":false},"featured_media":0,"template":"","meta":{"_monsterinsights_skip_tracking":false,"_monsterinsights_sitenote_active":false,"_monsterinsights_sitenote_note":"","_monsterinsights_sitenote_category":0},"product_brand":[],"product_cat":[15563],"product_tag":[],"class_list":{"0":"post-702331","1":"product","2":"type-product","3":"status-publish","5":"product_cat-hobi","6":"pa_cilt-ciltsiz","7":"pa_tur-kitap","8":"pa_yayinevi-domingo-yayinevi","9":"pa_yazar-elizabeth-lunday","11":"first","12":"instock","13":"sale","14":"shipping-taxable","15":"purchasable","16":"product-type-simple"},"_links":{"self":[{"href":"https:\/\/roveyayinevi.com.tr\/index.php\/wp-json\/wp\/v2\/product\/702331","targetHints":{"allow":["GET"]}}],"collection":[{"href":"https:\/\/roveyayinevi.com.tr\/index.php\/wp-json\/wp\/v2\/product"}],"about":[{"href":"https:\/\/roveyayinevi.com.tr\/index.php\/wp-json\/wp\/v2\/types\/product"}],"wp:attachment":[{"href":"https:\/\/roveyayinevi.com.tr\/index.php\/wp-json\/wp\/v2\/media?parent=702331"}],"wp:term":[{"taxonomy":"product_brand","embeddable":true,"href":"https:\/\/roveyayinevi.com.tr\/index.php\/wp-json\/wp\/v2\/product_brand?post=702331"},{"taxonomy":"product_cat","embeddable":true,"href":"https:\/\/roveyayinevi.com.tr\/index.php\/wp-json\/wp\/v2\/product_cat?post=702331"},{"taxonomy":"product_tag","embeddable":true,"href":"https:\/\/roveyayinevi.com.tr\/index.php\/wp-json\/wp\/v2\/product_tag?post=702331"}],"curies":[{"name":"wp","href":"https:\/\/api.w.org\/{rel}","templated":true}]}}