{"id":702329,"date":"2025-08-27T15:15:44","date_gmt":"2025-08-27T12:15:44","guid":{"rendered":"https:\/\/roveyayinevi.com.tr\/index.php\/urun\/acik-kapi\/"},"modified":"2026-04-16T02:11:27","modified_gmt":"2026-04-15T23:11:27","slug":"acik-kapi","status":"publish","type":"product","link":"https:\/\/roveyayinevi.com.tr\/index.php\/urun\/acik-kapi\/","title":{"rendered":"A\u00e7\u0131k Kap\u0131"},"content":{"rendered":"<p>Dayanm\u0131\u015f duvara g\u00f6lgelerkuru otlar\u0131n sessizli\u011fini dinlerken h\u0131zla bir \u00f6l\u00fc ge\u00e7iyor \u00f6nlerinden haziran\u0131n i\u00e7inden aylar y\u0131llar ge\u00e7iyor inceliyor suyu nehirlerinan\u0131lar\u0131m\u0131z hen\u00fcz \u0131slak <\/p>\n","protected":false},"excerpt":{"rendered":"<p>Dayanm\u0131\u015f duvara g\u00f6lgelerkuru otlar\u0131n sessizli\u011fini dinlerken h\u0131zla bir \u00f6l\u00fc ge\u00e7iyor \u00f6nlerinden haziran\u0131n i\u00e7inden aylar y\u0131llar ge\u00e7iyor inceliyor suyu nehirlerinan\u0131lar\u0131m\u0131z hen\u00fcz \u0131slak<\/p>\n","protected":false},"featured_media":0,"template":"","meta":{"_monsterinsights_skip_tracking":false,"_monsterinsights_sitenote_active":false,"_monsterinsights_sitenote_note":"","_monsterinsights_sitenote_category":0},"product_brand":[],"product_cat":[12291,12509],"product_tag":[],"class_list":{"0":"post-702329","1":"product","2":"type-product","3":"status-publish","5":"product_cat-edebiyat","6":"product_cat-siir","7":"pa_tur-kitap","8":"pa_yayinevi-islik-yayinlari","9":"pa_yazar-tozan-alkan","11":"first","12":"instock","13":"sale","14":"shipping-taxable","15":"purchasable","16":"product-type-simple"},"_links":{"self":[{"href":"https:\/\/roveyayinevi.com.tr\/index.php\/wp-json\/wp\/v2\/product\/702329","targetHints":{"allow":["GET"]}}],"collection":[{"href":"https:\/\/roveyayinevi.com.tr\/index.php\/wp-json\/wp\/v2\/product"}],"about":[{"href":"https:\/\/roveyayinevi.com.tr\/index.php\/wp-json\/wp\/v2\/types\/product"}],"wp:attachment":[{"href":"https:\/\/roveyayinevi.com.tr\/index.php\/wp-json\/wp\/v2\/media?parent=702329"}],"wp:term":[{"taxonomy":"product_brand","embeddable":true,"href":"https:\/\/roveyayinevi.com.tr\/index.php\/wp-json\/wp\/v2\/product_brand?post=702329"},{"taxonomy":"product_cat","embeddable":true,"href":"https:\/\/roveyayinevi.com.tr\/index.php\/wp-json\/wp\/v2\/product_cat?post=702329"},{"taxonomy":"product_tag","embeddable":true,"href":"https:\/\/roveyayinevi.com.tr\/index.php\/wp-json\/wp\/v2\/product_tag?post=702329"}],"curies":[{"name":"wp","href":"https:\/\/api.w.org\/{rel}","templated":true}]}}