{"id":702328,"date":"2025-08-27T15:15:44","date_gmt":"2025-08-27T12:15:44","guid":{"rendered":"https:\/\/roveyayinevi.com.tr\/index.php\/urun\/ungenach\/"},"modified":"2026-04-16T02:11:26","modified_gmt":"2026-04-15T23:11:26","slug":"ungenach","status":"publish","type":"product","link":"https:\/\/roveyayinevi.com.tr\/index.php\/urun\/ungenach\/","title":{"rendered":"Ungenach"},"content":{"rendered":"<p>&#8220;Ungenach&#8221;, Thomas Bernhard\u2019\u0131n Avusturya\u2019n\u0131n su\u00e7lu belle\u011fine ili\u015fkin saptamalar\u0131n\u0131 ba\u015flatan kitab\u0131d\u0131r; anlat\u0131n\u0131n t\u00fcm\u00fc \u201caidiyet travmas\u0131\u201d \u00e7evresinde geli\u015fir. \u00dclke d\u0131\u015f\u0131nda ya\u015fayan Avusturyal\u0131 bir akademisyen, b\u00fcy\u00fck bir miras\u0131n v\u00e2risi, bu miras\u0131 akrabalar\u0131na \u201cb\u00f6l\u00fc\u015ft\u00fcrerek\u201d ondan bir an \u00f6nce kurtulmak ister. Gen\u00e7 adam miras meselesini halletmek i\u00e7in memlekete d\u00f6n\u00fcp de ge\u00e7mi\u015fle y\u00fcz y\u00fcze gelince, ge\u00e7mi\u015fin kar\u015f\u0131s\u0131na \u00e7\u0131kard\u0131\u011f\u0131 sorulara verilecek yan\u0131tlar\u0131n hepsine katlanmas\u0131 gerekti\u011fini g\u00f6recektir. Anlat\u0131c\u0131, \u00fc\u00e7 sese de katlanmal\u0131d\u0131r; Noter Moro\u2019nun delicesine otoriter sesine de, karde\u015fi Karl\u2019\u0131n mektuplar\u0131n\u0131n melankolisine de, Ungenach malik\u00e2nesi ve arazisi dolay\u0131s\u0131yla Avusturya ile t\u00fcm ba\u011flar\u0131n\u0131 koparmak isteyen kendi i\u00e7 sesine de\u2026 Thomas Bernhard &#8220;Ungenach&#8221;ta, istenmeyen bir miras\u0131 s\u0131rt\u0131ndan atma temas\u0131n\u0131, dolay\u0131s\u0131yla gelenekten kopu\u015fu ele al\u0131yor, 1945\u2019ten sonra Avusturya denen \u201cev\u2019\u2019de art\u0131k eskisi kadar rahat ya\u015fanamayaca\u011f\u0131 meselesiyle y\u00fczle\u015fiyor. <\/p>\n","protected":false},"excerpt":{"rendered":"<p>&#8220;Ungenach&#8221;, Thomas Bernhard\u2019\u0131n Avusturya\u2019n\u0131n su\u00e7lu belle\u011fine ili\u015fkin saptamalar\u0131n\u0131 ba\u015flatan kitab\u0131d\u0131r; anlat\u0131n\u0131n t\u00fcm\u00fc \u201caidiyet travmas\u0131\u201d \u00e7evresinde geli\u015fir. \u00dclke d\u0131\u015f\u0131nda ya\u015fayan Avusturyal\u0131 bir akademisyen, b\u00fcy\u00fck bir miras\u0131n v\u00e2risi,<span class=\"excerpt-hellip\"> [\u2026]<\/span><\/p>\n","protected":false},"featured_media":0,"template":"","meta":{"_monsterinsights_skip_tracking":false,"_monsterinsights_sitenote_active":false,"_monsterinsights_sitenote_note":"","_monsterinsights_sitenote_category":0},"product_brand":[],"product_cat":[18545,12291],"product_tag":[],"class_list":{"0":"post-702328","1":"product","2":"type-product","3":"status-publish","5":"product_cat-anlati","6":"product_cat-edebiyat","7":"pa_cilt-ciltsiz","8":"pa_tur-kitap","9":"pa_yayinevi-yapi-kredi-yayinlari","10":"pa_yazar-thomas-bernhard","12":"first","13":"instock","14":"sale","15":"shipping-taxable","16":"purchasable","17":"product-type-simple"},"_links":{"self":[{"href":"https:\/\/roveyayinevi.com.tr\/index.php\/wp-json\/wp\/v2\/product\/702328","targetHints":{"allow":["GET"]}}],"collection":[{"href":"https:\/\/roveyayinevi.com.tr\/index.php\/wp-json\/wp\/v2\/product"}],"about":[{"href":"https:\/\/roveyayinevi.com.tr\/index.php\/wp-json\/wp\/v2\/types\/product"}],"wp:attachment":[{"href":"https:\/\/roveyayinevi.com.tr\/index.php\/wp-json\/wp\/v2\/media?parent=702328"}],"wp:term":[{"taxonomy":"product_brand","embeddable":true,"href":"https:\/\/roveyayinevi.com.tr\/index.php\/wp-json\/wp\/v2\/product_brand?post=702328"},{"taxonomy":"product_cat","embeddable":true,"href":"https:\/\/roveyayinevi.com.tr\/index.php\/wp-json\/wp\/v2\/product_cat?post=702328"},{"taxonomy":"product_tag","embeddable":true,"href":"https:\/\/roveyayinevi.com.tr\/index.php\/wp-json\/wp\/v2\/product_tag?post=702328"}],"curies":[{"name":"wp","href":"https:\/\/api.w.org\/{rel}","templated":true}]}}