{"id":702325,"date":"2025-08-27T15:15:43","date_gmt":"2025-08-27T12:15:43","guid":{"rendered":"https:\/\/roveyayinevi.com.tr\/index.php\/urun\/kucuk-prens\/"},"modified":"2026-04-16T02:11:26","modified_gmt":"2026-04-15T23:11:26","slug":"kucuk-prens","status":"publish","type":"product","link":"https:\/\/roveyayinevi.com.tr\/index.php\/urun\/kucuk-prens\/","title":{"rendered":"K\u00fc\u00e7\u00fck Prens"},"content":{"rendered":"<p>Sahra \u00c7\u00f6l\u00fc&#8217;ne d\u00fc\u015fen pilotun K\u00fc\u00e7\u00fck Prens&#8217;le kar\u015f\u0131la\u015fmas\u0131 ile ba\u015flayan kitapta K\u00fc\u00e7\u00fck Prens&#8217;in a\u011fz\u0131ndan Saint-Exup\u00e9ry, insanlar\u0131n hatalar\u0131n\u0131, b\u00fcy\u00fcd\u00fckleri zaman unuttuklar\u0131 basit \u00e7ocuk bak\u0131\u015f\u0131n\u0131 vurgular. Kitapta bir \u00e7ocu\u011fun g\u00f6z\u00fcnden b\u00fcy\u00fcklerin d\u00fcnyas\u0131 anlat\u0131l\u0131r. <\/p>\n","protected":false},"excerpt":{"rendered":"<p>Sahra \u00c7\u00f6l\u00fc&#8217;ne d\u00fc\u015fen pilotun K\u00fc\u00e7\u00fck Prens&#8217;le kar\u015f\u0131la\u015fmas\u0131 ile ba\u015flayan kitapta K\u00fc\u00e7\u00fck Prens&#8217;in a\u011fz\u0131ndan Saint-Exup\u00e9ry, insanlar\u0131n hatalar\u0131n\u0131, b\u00fcy\u00fcd\u00fckleri zaman unuttuklar\u0131 basit \u00e7ocuk bak\u0131\u015f\u0131n\u0131 vurgular. Kitapta bir \u00e7ocu\u011fun<span class=\"excerpt-hellip\"> [\u2026]<\/span><\/p>\n","protected":false},"featured_media":0,"template":"","meta":{"_monsterinsights_skip_tracking":false,"_monsterinsights_sitenote_active":false,"_monsterinsights_sitenote_note":"","_monsterinsights_sitenote_category":0},"product_brand":[],"product_cat":[12275,12274],"product_tag":[],"class_list":{"0":"post-702325","1":"product","2":"type-product","3":"status-publish","5":"product_cat-6-12-yas-kitaplari","6":"product_cat-cocuk-ve-genclik-kitaplari","7":"pa_cilt-ciltsiz","8":"pa_tur-kitap","9":"pa_yayinevi-ez-de-yayinlari","10":"pa_yazar-antonie-de-saint-exupery","12":"first","13":"instock","14":"sale","15":"shipping-taxable","16":"purchasable","17":"product-type-simple"},"_links":{"self":[{"href":"https:\/\/roveyayinevi.com.tr\/index.php\/wp-json\/wp\/v2\/product\/702325","targetHints":{"allow":["GET"]}}],"collection":[{"href":"https:\/\/roveyayinevi.com.tr\/index.php\/wp-json\/wp\/v2\/product"}],"about":[{"href":"https:\/\/roveyayinevi.com.tr\/index.php\/wp-json\/wp\/v2\/types\/product"}],"wp:attachment":[{"href":"https:\/\/roveyayinevi.com.tr\/index.php\/wp-json\/wp\/v2\/media?parent=702325"}],"wp:term":[{"taxonomy":"product_brand","embeddable":true,"href":"https:\/\/roveyayinevi.com.tr\/index.php\/wp-json\/wp\/v2\/product_brand?post=702325"},{"taxonomy":"product_cat","embeddable":true,"href":"https:\/\/roveyayinevi.com.tr\/index.php\/wp-json\/wp\/v2\/product_cat?post=702325"},{"taxonomy":"product_tag","embeddable":true,"href":"https:\/\/roveyayinevi.com.tr\/index.php\/wp-json\/wp\/v2\/product_tag?post=702325"}],"curies":[{"name":"wp","href":"https:\/\/api.w.org\/{rel}","templated":true}]}}