{"id":702323,"date":"2025-08-27T15:15:42","date_gmt":"2025-08-27T12:15:42","guid":{"rendered":"https:\/\/roveyayinevi.com.tr\/index.php\/urun\/put\/"},"modified":"2026-04-16T02:11:26","modified_gmt":"2026-04-15T23:11:26","slug":"put","status":"publish","type":"product","link":"https:\/\/roveyayinevi.com.tr\/index.php\/urun\/put\/","title":{"rendered":"Put"},"content":{"rendered":"<p>\u0130sl\u00e2m tarihini, medeniyetini ve \u0130sl\u00e2m\u2019\u0131n getirdiklerini iyi anlamak i\u00e7in, t\u00fcm y\u00f6nleriyle Cahiliyenin iyi bilinmesi gerekir. Cahiliye, baz\u0131 \u00f6zellikleriyle yerk\u00fcrenin bir yerlerinde her zaman \u015fu veya bu \u015fekilde vard\u0131r ve farkl\u0131 yo\u011funluklarda ya\u015fan\u0131r. <\/p>\n","protected":false},"excerpt":{"rendered":"<p>\u0130sl\u00e2m tarihini, medeniyetini ve \u0130sl\u00e2m\u2019\u0131n getirdiklerini iyi anlamak i\u00e7in, t\u00fcm y\u00f6nleriyle Cahiliyenin iyi bilinmesi gerekir. Cahiliye, baz\u0131 \u00f6zellikleriyle yerk\u00fcrenin bir yerlerinde her zaman \u015fu veya bu<span class=\"excerpt-hellip\"> [\u2026]<\/span><\/p>\n","protected":false},"featured_media":0,"template":"","meta":{"_monsterinsights_skip_tracking":false,"_monsterinsights_sitenote_active":false,"_monsterinsights_sitenote_note":"","_monsterinsights_sitenote_category":0},"product_brand":[],"product_cat":[13036,12718,12719],"product_tag":[],"class_list":{"0":"post-702323","1":"product","2":"type-product","3":"status-publish","5":"product_cat-arastirma-inceleme-islam","6":"product_cat-din","7":"product_cat-islam","8":"pa_tur-kitap","9":"pa_yayinevi-nesil-yayinlari","10":"pa_yazar-murat-saricik","12":"first","13":"instock","14":"sale","15":"shipping-taxable","16":"purchasable","17":"product-type-simple"},"_links":{"self":[{"href":"https:\/\/roveyayinevi.com.tr\/index.php\/wp-json\/wp\/v2\/product\/702323","targetHints":{"allow":["GET"]}}],"collection":[{"href":"https:\/\/roveyayinevi.com.tr\/index.php\/wp-json\/wp\/v2\/product"}],"about":[{"href":"https:\/\/roveyayinevi.com.tr\/index.php\/wp-json\/wp\/v2\/types\/product"}],"wp:attachment":[{"href":"https:\/\/roveyayinevi.com.tr\/index.php\/wp-json\/wp\/v2\/media?parent=702323"}],"wp:term":[{"taxonomy":"product_brand","embeddable":true,"href":"https:\/\/roveyayinevi.com.tr\/index.php\/wp-json\/wp\/v2\/product_brand?post=702323"},{"taxonomy":"product_cat","embeddable":true,"href":"https:\/\/roveyayinevi.com.tr\/index.php\/wp-json\/wp\/v2\/product_cat?post=702323"},{"taxonomy":"product_tag","embeddable":true,"href":"https:\/\/roveyayinevi.com.tr\/index.php\/wp-json\/wp\/v2\/product_tag?post=702323"}],"curies":[{"name":"wp","href":"https:\/\/api.w.org\/{rel}","templated":true}]}}