{"id":702321,"date":"2025-08-27T15:15:41","date_gmt":"2025-08-27T12:15:41","guid":{"rendered":"https:\/\/roveyayinevi.com.tr\/index.php\/urun\/efendilik-savasi\/"},"modified":"2026-04-16T02:11:26","modified_gmt":"2026-04-15T23:11:26","slug":"efendilik-savasi","status":"publish","type":"product","link":"https:\/\/roveyayinevi.com.tr\/index.php\/urun\/efendilik-savasi\/","title":{"rendered":"Efendilik Sava\u015f\u0131"},"content":{"rendered":"<p>Fakir Baykurt, \u00f6yku\u0308lerinde k\u00f6y ya\u015fam\u0131n\u0131n sertli\u011fi, yoksulluk, cahillik, taassup, bat\u0131l inan\u00e7, s\u00f6m\u00fcr\u00fc gibi sorunlar\u0131 ele alarak k\u00f6ylu\u0308nu\u0308n maddi ve manevi du\u0308nyas\u0131n\u0131 toplumsalc\u0131 ve ger\u00e7ek\u00e7i bir bak\u0131\u015ftan , canl\u0131 tan\u0131kl\u0131klardan yola \u00e7\u0131kan yazar, gu\u0308nlu\u0308k konu\u015fma dilini \u00f6yku\u0308ye ta\u015f\u0131yarak zaman zaman mizahi bir dil kullan\u0131yor; bu\u0308rokrasinin \u00e7arklar\u0131 aras\u0131nda s\u0131k\u0131\u015fan ama i\u00e7inde de bir umudu bar\u0131nd\u0131ran \u201cs\u0131radan insan\u0131\u201d, ya\u015fad\u0131\u011f\u0131 yerin atmosferiyle birlikte \u00e7arp\u0131c\u0131 bir bi\u00e7imde betimliyor.   \u0130lk bas\u0131m\u0131 1959\u2019da yap\u0131lan Efendilik Sava\u015f\u0131\u2019n\u0131 yeniden okurla bulu\u015fturuyoruz:   \u201cBu havadisin duman\u0131 u\u0308stu\u0308ndeyken, bir ikindi vakti, aya\u011f\u0131ndaki mestlerin y\u0131rt\u0131\u011f\u0131n\u0131 yamatmak i\u00e7in, Beytullah Hoca bize geldi. Onun geldi\u011finde Ramazan uyku \u00e7ekiyordu. Anam, ak\u015fam i\u00e7in yaprak sarmas\u0131 yap\u0131yordu. Ben, anama yard\u0131m etmekte olan teyzemin, anadan \u00f6ksu\u0308z, babadan yetim ve gen\u00e7 ya\u015f\u0131nda kocas\u0131ndan dul kalan teyzemin dizine yatt\u0131m: \u201cNedir seninle al\u0131p veremedi\u011fi tanr\u0131n\u0131n? Ne bi\u00e7im i\u015f, ne bi\u00e7im adalet bu?\u201d diye \u015fakala\u015f\u0131p duruyordum. Birden giriverdi kap\u0131dan. Nas\u0131l derlenip toparland\u0131k, anam nas\u0131l Ramazan\u2019\u0131 uyard\u0131, bir anda nas\u0131l oldu bunlar? bilmiyorum&#8230; Alt\u0131na minder att\u0131k, oturttuk. Elini \u00f6ptu\u0308k.\u201cHo\u015f geldin, safa geldin, evimize bereket getirdin!\u201d dedik. Hi\u00e7 o seksen ya\u015f\u0131n adam\u0131 de\u011fil. Din\u00e7 mi din\u00e7! Kendi y\u00f6nu\u0308nde h\u00e2l\u00e2 kafas\u0131 i\u015fliyor. S\u00f6z etti\u011fi konularda onu yan\u0131ltmak gu\u0308\u00e7. Okudu\u011fu arap\u00e7a \u00e2yetleri hi\u00e7 du\u0308\u015fu\u0308nmeden \u00e7eviriveriyor&#8230;\u201d (Yaran Dede\u2019nin Ta\u015flar\u0131) <\/p>\n","protected":false},"excerpt":{"rendered":"<p>Fakir Baykurt, \u00f6yku\u0308lerinde k\u00f6y ya\u015fam\u0131n\u0131n sertli\u011fi, yoksulluk, cahillik, taassup, bat\u0131l inan\u00e7, s\u00f6m\u00fcr\u00fc gibi sorunlar\u0131 ele alarak k\u00f6ylu\u0308nu\u0308n maddi ve manevi du\u0308nyas\u0131n\u0131 toplumsalc\u0131 ve ger\u00e7ek\u00e7i bir bak\u0131\u015ftan<span class=\"excerpt-hellip\"> [\u2026]<\/span><\/p>\n","protected":false},"featured_media":0,"template":"","meta":{"_monsterinsights_skip_tracking":false,"_monsterinsights_sitenote_active":false,"_monsterinsights_sitenote_note":"","_monsterinsights_sitenote_category":0},"product_brand":[],"product_cat":[12291,12292],"product_tag":[],"class_list":{"0":"post-702321","1":"product","2":"type-product","3":"status-publish","5":"product_cat-edebiyat","6":"product_cat-turk-edebiyati","7":"pa_cilt-ciltsiz","8":"pa_tur-kitap","9":"pa_yayinevi-literatur-yayinevi","10":"pa_yazar-fakir-baykurt","12":"first","13":"instock","14":"sale","15":"shipping-taxable","16":"purchasable","17":"product-type-simple"},"_links":{"self":[{"href":"https:\/\/roveyayinevi.com.tr\/index.php\/wp-json\/wp\/v2\/product\/702321","targetHints":{"allow":["GET"]}}],"collection":[{"href":"https:\/\/roveyayinevi.com.tr\/index.php\/wp-json\/wp\/v2\/product"}],"about":[{"href":"https:\/\/roveyayinevi.com.tr\/index.php\/wp-json\/wp\/v2\/types\/product"}],"wp:attachment":[{"href":"https:\/\/roveyayinevi.com.tr\/index.php\/wp-json\/wp\/v2\/media?parent=702321"}],"wp:term":[{"taxonomy":"product_brand","embeddable":true,"href":"https:\/\/roveyayinevi.com.tr\/index.php\/wp-json\/wp\/v2\/product_brand?post=702321"},{"taxonomy":"product_cat","embeddable":true,"href":"https:\/\/roveyayinevi.com.tr\/index.php\/wp-json\/wp\/v2\/product_cat?post=702321"},{"taxonomy":"product_tag","embeddable":true,"href":"https:\/\/roveyayinevi.com.tr\/index.php\/wp-json\/wp\/v2\/product_tag?post=702321"}],"curies":[{"name":"wp","href":"https:\/\/api.w.org\/{rel}","templated":true}]}}