{"id":702319,"date":"2025-08-27T15:15:40","date_gmt":"2025-08-27T12:15:40","guid":{"rendered":"https:\/\/roveyayinevi.com.tr\/index.php\/urun\/anadolu-uygarliklari-ciltli\/"},"modified":"2026-04-16T02:11:26","modified_gmt":"2026-04-15T23:11:26","slug":"anadolu-uygarliklari-ciltli","status":"publish","type":"product","link":"https:\/\/roveyayinevi.com.tr\/index.php\/urun\/anadolu-uygarliklari-ciltli\/","title":{"rendered":"Anadolu Uygarl\u0131klar\u0131 (Ciltli)"},"content":{"rendered":"<p>Tarih boyunca bir\u00e7ok \u00f6nemli uygarl\u0131\u011fa ev sahipli\u011fi yapan Anadolu, ba\u015fta Hititler, Frigler, Urartular olmak \u00fczere, g\u00fcn\u00fcm\u00fczde tam olarak ortaya \u00e7\u0131kar\u0131lmam\u0131\u015f onlarca medeniyeti ve kavimleri ile d\u00fcnya tarihinde bir\u00e7ok \u201cilk\u201de \u015fahitlik etmi\u015ftir. Ekrem Akurgal Anadolu Uygarl\u0131klar\u0131&#8217;nda, Anadolu&#8217;nun bu zengin birikimini, M.\u00d6.2500 \u2013 M.S. 395 tarihleri aras\u0131nda var olmu\u015f uygarl\u0131klar\u0131 ayr\u0131nt\u0131l\u0131 bir bi\u00e7imde ele alarak, tarihten \u00f6nceki \u00e7a\u011flarda ya\u015fam\u0131\u015f uygarl\u0131klar\u0131 ve Bizans, Sel\u00e7uk, Osmanl\u0131 k\u00fclt\u00fcrlerini de toplu bir bak\u0131\u015f \u00e7er\u00e7evesinde sunarak bize aktar\u0131r. Bu kitapta, Anadolu&#8217;nun yeti\u015ftirdi\u011fi bir ayd\u0131n\u0131n g\u00f6z\u00fcnden Anadolu&#8217;nun kadim uygarl\u0131klar\u0131n\u0131 tan\u0131yacak ve Anadolu tarihinin gizem ve bilgelik dolu koridorlar\u0131nda kendinizi bulacaks\u0131n\u0131z. <\/p>\n","protected":false},"excerpt":{"rendered":"<p>Tarih boyunca bir\u00e7ok \u00f6nemli uygarl\u0131\u011fa ev sahipli\u011fi yapan Anadolu, ba\u015fta Hititler, Frigler, Urartular olmak \u00fczere, g\u00fcn\u00fcm\u00fczde tam olarak ortaya \u00e7\u0131kar\u0131lmam\u0131\u015f onlarca medeniyeti ve kavimleri ile d\u00fcnya<span class=\"excerpt-hellip\"> [\u2026]<\/span><\/p>\n","protected":false},"featured_media":0,"template":"","meta":{"_monsterinsights_skip_tracking":false,"_monsterinsights_sitenote_active":false,"_monsterinsights_sitenote_note":"","_monsterinsights_sitenote_category":0},"product_brand":[],"product_cat":[12304],"product_tag":[],"class_list":{"0":"post-702319","1":"product","2":"type-product","3":"status-publish","5":"product_cat-tarih","6":"pa_cilt-ciltli","7":"pa_tur-kitap","8":"pa_yayinevi-phoenix-yayinevi-ozel-urun","9":"pa_yazar-ekrem-akurgal","11":"first","12":"instock","13":"sale","14":"shipping-taxable","15":"purchasable","16":"product-type-simple"},"_links":{"self":[{"href":"https:\/\/roveyayinevi.com.tr\/index.php\/wp-json\/wp\/v2\/product\/702319","targetHints":{"allow":["GET"]}}],"collection":[{"href":"https:\/\/roveyayinevi.com.tr\/index.php\/wp-json\/wp\/v2\/product"}],"about":[{"href":"https:\/\/roveyayinevi.com.tr\/index.php\/wp-json\/wp\/v2\/types\/product"}],"wp:attachment":[{"href":"https:\/\/roveyayinevi.com.tr\/index.php\/wp-json\/wp\/v2\/media?parent=702319"}],"wp:term":[{"taxonomy":"product_brand","embeddable":true,"href":"https:\/\/roveyayinevi.com.tr\/index.php\/wp-json\/wp\/v2\/product_brand?post=702319"},{"taxonomy":"product_cat","embeddable":true,"href":"https:\/\/roveyayinevi.com.tr\/index.php\/wp-json\/wp\/v2\/product_cat?post=702319"},{"taxonomy":"product_tag","embeddable":true,"href":"https:\/\/roveyayinevi.com.tr\/index.php\/wp-json\/wp\/v2\/product_tag?post=702319"}],"curies":[{"name":"wp","href":"https:\/\/api.w.org\/{rel}","templated":true}]}}