{"id":702318,"date":"2025-08-27T15:15:40","date_gmt":"2025-08-27T12:15:40","guid":{"rendered":"https:\/\/roveyayinevi.com.tr\/index.php\/urun\/gregin-zaferleri\/"},"modified":"2026-04-16T02:11:26","modified_gmt":"2026-04-15T23:11:26","slug":"gregin-zaferleri","status":"publish","type":"product","link":"https:\/\/roveyayinevi.com.tr\/index.php\/urun\/gregin-zaferleri\/","title":{"rendered":"Greg\u2019in Zaferleri"},"content":{"rendered":"<p>Greg disfazik bir \u00e7ocuk oldu\u011fu i\u00e7in ileti\u015fim kurmakta zorlan\u0131yor. S\u00fcrekli etraf\u0131na bak\u0131n\u0131yor ve bazen arkada\u015flar\u0131yla \u00f6\u011fretmeninin s\u00f6yledi\u011fi kelimeleri anlamakta zorlan\u0131yor. Fakat Greg\u2019in hayal d\u00fcnyas\u0131 \u00e7ok zengin. Reng\u00e2renk ejderhalar ve rakunlar \u00e7iziyor. \u00dcstelik parlak m\u0131 parlak g\u00f6zleriyle de konu\u015fabiliyor. Greg konu\u015fma terapistinin ve s\u0131n\u0131f arkada\u015flar\u0131n\u0131n yard\u0131m\u0131yla kelimeleri daha iyi telaffuz etmeyi \u00f6\u011freniyor ve \u00e7evresindekiler onu daha iyi anlamaya ba\u015fl\u0131yor. Ayr\u0131ca, resim ve tekvando alan\u0131ndaki yetenekleriyle kendisini geli\u015ftiriyor. B\u00f6ylece, elde etti\u011fi k\u00fc\u00e7\u00fck zaferler sayesinde s\u0131n\u0131rlar\u0131n\u0131 a\u015fmay\u0131 ba\u015far\u0131yor. \ufffcTan\u0131t\u0131m Metni<\/p>\n","protected":false},"excerpt":{"rendered":"<p>Greg disfazik bir \u00e7ocuk oldu\u011fu i\u00e7in ileti\u015fim kurmakta zorlan\u0131yor. S\u00fcrekli etraf\u0131na bak\u0131n\u0131yor ve bazen arkada\u015flar\u0131yla \u00f6\u011fretmeninin s\u00f6yledi\u011fi kelimeleri anlamakta zorlan\u0131yor. Fakat Greg\u2019in hayal d\u00fcnyas\u0131 \u00e7ok zengin.<span class=\"excerpt-hellip\"> [\u2026]<\/span><\/p>\n","protected":false},"featured_media":0,"template":"","meta":{"_monsterinsights_skip_tracking":false,"_monsterinsights_sitenote_active":false,"_monsterinsights_sitenote_note":"","_monsterinsights_sitenote_category":0},"product_brand":[],"product_cat":[12274,12284],"product_tag":[],"class_list":{"0":"post-702318","1":"product","2":"type-product","3":"status-publish","5":"product_cat-cocuk-ve-genclik-kitaplari","6":"product_cat-hikayeler","7":"pa_cilt-ciltsiz","8":"pa_tur-kitap","9":"pa_yayinevi-yapi-kredi-yayinlari","10":"pa_yazar-danielle-noreau","12":"first","13":"instock","14":"sale","15":"shipping-taxable","16":"purchasable","17":"product-type-simple"},"_links":{"self":[{"href":"https:\/\/roveyayinevi.com.tr\/index.php\/wp-json\/wp\/v2\/product\/702318","targetHints":{"allow":["GET"]}}],"collection":[{"href":"https:\/\/roveyayinevi.com.tr\/index.php\/wp-json\/wp\/v2\/product"}],"about":[{"href":"https:\/\/roveyayinevi.com.tr\/index.php\/wp-json\/wp\/v2\/types\/product"}],"wp:attachment":[{"href":"https:\/\/roveyayinevi.com.tr\/index.php\/wp-json\/wp\/v2\/media?parent=702318"}],"wp:term":[{"taxonomy":"product_brand","embeddable":true,"href":"https:\/\/roveyayinevi.com.tr\/index.php\/wp-json\/wp\/v2\/product_brand?post=702318"},{"taxonomy":"product_cat","embeddable":true,"href":"https:\/\/roveyayinevi.com.tr\/index.php\/wp-json\/wp\/v2\/product_cat?post=702318"},{"taxonomy":"product_tag","embeddable":true,"href":"https:\/\/roveyayinevi.com.tr\/index.php\/wp-json\/wp\/v2\/product_tag?post=702318"}],"curies":[{"name":"wp","href":"https:\/\/api.w.org\/{rel}","templated":true}]}}