{"id":702317,"date":"2025-08-27T15:15:40","date_gmt":"2025-08-27T12:15:40","guid":{"rendered":"https:\/\/roveyayinevi.com.tr\/index.php\/urun\/eliza-basarisiz-olmaktan-korkuyor\/"},"modified":"2025-10-30T10:20:19","modified_gmt":"2025-10-30T07:20:19","slug":"eliza-basarisiz-olmaktan-korkuyor","status":"publish","type":"product","link":"https:\/\/roveyayinevi.com.tr\/index.php\/urun\/eliza-basarisiz-olmaktan-korkuyor\/","title":{"rendered":"Eliza Ba\u015far\u0131s\u0131z Olmaktan Korkuyor"},"content":{"rendered":"<p>Eliza ba\u015far\u0131s\u0131z olmaktan korkan ve bununla m\u00fccadele eden yedi ya\u015f\u0131nda k\u00fc\u00e7\u00fck bir k\u0131z. Bu endi\u015fesi \u00f6zellikle okulda, matematik dersinde ortaya \u00e7\u0131k\u0131yor. Matematik derslerinde Eliza\u2019n\u0131n karn\u0131 a\u011fr\u0131maya, kollar\u0131 ka\u015f\u0131nmaya ba\u015fl\u0131yor ve pani\u011fe kap\u0131l\u0131yor. Bir performans kayg\u0131s\u0131 ya\u015f\u0131yor. Eliza ailesinin ve \u00f6\u011fretmeninin yard\u0131m ve \u00f6zendirmesiyle matematik dersinde kar\u015f\u0131la\u015faca\u011f\u0131 s\u0131k\u0131nt\u0131lar\u0131, ba\u015f etmesi gereken zorluklar olarak g\u00f6rmeyi \u00f6\u011freniyor. Zaman i\u00e7inde, hatalar\u0131n ve ba\u015far\u0131s\u0131zl\u0131klar\u0131n bazen gerekli oldu\u011funu ve ger\u00e7ek ba\u015far\u0131n\u0131n bunlar\u0131n \u00fcstesinden gelmek oldu\u011funu anl\u0131yor. Eliza, cesareti ve azmi sayesinde kendine olan g\u00fcvenini kazanmay\u0131 ba\u015faracak.Yeti\u015fkinler i\u00e7in bile yeni bir ba\u015flang\u0131\u00e7 tedirgin edici olabilirken, \u00e7ocuklar i\u00e7in neden olmas\u0131n? Yeni bir karde\u015f, yeni bir okul, beklenmedik bir geli\u015fme ya da ba\u015f etmek zorunda kald\u0131\u011f\u0131m\u0131z heyecanlar, korkular, tak\u0131nt\u0131lar, duygular&#8230; \u201cGer\u00e7ek hayattan hik\u00e2yeler\u201d dizisi, farkl\u0131 duygu ve durumlara odaklan\u0131yor. \u00c7ocuklara, ya\u015fad\u0131klar\u0131 sorunlar kar\u015f\u0131s\u0131nda yeni pencereler a\u00e7abilecek resimli hikayelere yer verilmesinin yan\u0131 s\u0131ra ebeveynlere ve e\u011fitimcilere y\u00f6nelik bilgilendirici bir b\u00f6l\u00fcm de bulunuyor. <\/p>\n","protected":false},"excerpt":{"rendered":"<p>Eliza ba\u015far\u0131s\u0131z olmaktan korkan ve bununla m\u00fccadele eden yedi ya\u015f\u0131nda k\u00fc\u00e7\u00fck bir k\u0131z. Bu endi\u015fesi \u00f6zellikle okulda, matematik dersinde ortaya \u00e7\u0131k\u0131yor. Matematik derslerinde Eliza\u2019n\u0131n karn\u0131 a\u011fr\u0131maya,<span class=\"excerpt-hellip\"> [\u2026]<\/span><\/p>\n","protected":false},"featured_media":0,"template":"","meta":{"_monsterinsights_skip_tracking":false,"_monsterinsights_sitenote_active":false,"_monsterinsights_sitenote_note":"","_monsterinsights_sitenote_category":0},"product_brand":[],"product_cat":[12274,12284],"product_tag":[],"class_list":{"0":"post-702317","1":"product","2":"type-product","3":"status-publish","5":"product_cat-cocuk-ve-genclik-kitaplari","6":"product_cat-hikayeler","7":"pa_cilt-ciltsiz","8":"pa_tur-kitap","9":"pa_yayinevi-yapi-kredi-yayinlari","10":"pa_yazar-andree-masse","12":"first","13":"instock","14":"sale","15":"shipping-taxable","16":"purchasable","17":"product-type-simple"},"_links":{"self":[{"href":"https:\/\/roveyayinevi.com.tr\/index.php\/wp-json\/wp\/v2\/product\/702317","targetHints":{"allow":["GET"]}}],"collection":[{"href":"https:\/\/roveyayinevi.com.tr\/index.php\/wp-json\/wp\/v2\/product"}],"about":[{"href":"https:\/\/roveyayinevi.com.tr\/index.php\/wp-json\/wp\/v2\/types\/product"}],"wp:attachment":[{"href":"https:\/\/roveyayinevi.com.tr\/index.php\/wp-json\/wp\/v2\/media?parent=702317"}],"wp:term":[{"taxonomy":"product_brand","embeddable":true,"href":"https:\/\/roveyayinevi.com.tr\/index.php\/wp-json\/wp\/v2\/product_brand?post=702317"},{"taxonomy":"product_cat","embeddable":true,"href":"https:\/\/roveyayinevi.com.tr\/index.php\/wp-json\/wp\/v2\/product_cat?post=702317"},{"taxonomy":"product_tag","embeddable":true,"href":"https:\/\/roveyayinevi.com.tr\/index.php\/wp-json\/wp\/v2\/product_tag?post=702317"}],"curies":[{"name":"wp","href":"https:\/\/api.w.org\/{rel}","templated":true}]}}