{"id":702316,"date":"2025-08-27T15:15:39","date_gmt":"2025-08-27T12:15:39","guid":{"rendered":"https:\/\/roveyayinevi.com.tr\/index.php\/urun\/ayak-izlerimiz-1-porto\/"},"modified":"2026-04-16T02:11:26","modified_gmt":"2026-04-15T23:11:26","slug":"ayak-izlerimiz-1-porto","status":"publish","type":"product","link":"https:\/\/roveyayinevi.com.tr\/index.php\/urun\/ayak-izlerimiz-1-porto\/","title":{"rendered":"Ayak \u0130zlerimiz 1 &#8211; Porto"},"content":{"rendered":"<p>Porto, Bahad\u0131r Aksan&#8217;\u0131n seri olmas\u0131n\u0131 umarak ba\u015flad\u0131\u011f\u0131 projenin ilk kitab\u0131.  Kentsel d\u00f6n\u00fc\u015f\u00fcm projeleri neticesi kent haf\u0131zas\u0131n\u0131n silinmesini kan\u0131ksam\u0131\u015f toplumun ferdi olarak, bina duvarlar\u0131nda birka\u00e7 nesil evveline ait boya ya da fayans izlerini bulmak, darac\u0131k arnavut ta\u015f\u0131 kapl\u0131 sokaklarda y\u00fcr\u00fcrken ans\u0131z\u0131n minicik bir meydana \u00e7\u0131k\u0131vermek, o meydanlarda daha \u00f6nce topla\u015fanlar\u0131 hayal etmek, ta\u015f merdivenlerin a\u015f\u0131nm\u0131\u015f e\u011friliklerine basmak, onlarca \u00e7ocu\u011fun, postac\u0131n\u0131n, annenin, baban\u0131n, nine ve dedenin farkl\u0131 duygular i\u00e7indeyken bast\u0131\u011f\u0131 kap\u0131 zillerine ya da elektrik d\u00fc\u011fmelerine dokunmak ve b\u00f6ylece onlarla farkl\u0131 zamanlarda da olsa bir duyguda\u015fl\u0131k hissetmek, hepsi ama hepsi beni \u00e7ok etkiledi  diyor ve Porto suretlerini bizlere sunuyor. <\/p>\n","protected":false},"excerpt":{"rendered":"<p>Porto, Bahad\u0131r Aksan&#8217;\u0131n seri olmas\u0131n\u0131 umarak ba\u015flad\u0131\u011f\u0131 projenin ilk kitab\u0131. Kentsel d\u00f6n\u00fc\u015f\u00fcm projeleri neticesi kent haf\u0131zas\u0131n\u0131n silinmesini kan\u0131ksam\u0131\u015f toplumun ferdi olarak, bina duvarlar\u0131nda birka\u00e7 nesil evveline<span class=\"excerpt-hellip\"> [\u2026]<\/span><\/p>\n","protected":false},"featured_media":0,"template":"","meta":{"_monsterinsights_skip_tracking":false,"_monsterinsights_sitenote_active":false,"_monsterinsights_sitenote_note":"","_monsterinsights_sitenote_category":0},"product_brand":[],"product_cat":[12409,12408],"product_tag":[],"class_list":{"0":"post-702316","1":"product","2":"type-product","3":"status-publish","5":"product_cat-fotograf-sinema-tiyatro","6":"product_cat-sanat","7":"pa_cilt-ciltsiz","8":"pa_tur-kitap","9":"pa_yayinevi-bencekitap","10":"pa_yazar-bahadir-aksan","12":"first","13":"instock","14":"sale","15":"shipping-taxable","16":"purchasable","17":"product-type-simple"},"_links":{"self":[{"href":"https:\/\/roveyayinevi.com.tr\/index.php\/wp-json\/wp\/v2\/product\/702316","targetHints":{"allow":["GET"]}}],"collection":[{"href":"https:\/\/roveyayinevi.com.tr\/index.php\/wp-json\/wp\/v2\/product"}],"about":[{"href":"https:\/\/roveyayinevi.com.tr\/index.php\/wp-json\/wp\/v2\/types\/product"}],"wp:attachment":[{"href":"https:\/\/roveyayinevi.com.tr\/index.php\/wp-json\/wp\/v2\/media?parent=702316"}],"wp:term":[{"taxonomy":"product_brand","embeddable":true,"href":"https:\/\/roveyayinevi.com.tr\/index.php\/wp-json\/wp\/v2\/product_brand?post=702316"},{"taxonomy":"product_cat","embeddable":true,"href":"https:\/\/roveyayinevi.com.tr\/index.php\/wp-json\/wp\/v2\/product_cat?post=702316"},{"taxonomy":"product_tag","embeddable":true,"href":"https:\/\/roveyayinevi.com.tr\/index.php\/wp-json\/wp\/v2\/product_tag?post=702316"}],"curies":[{"name":"wp","href":"https:\/\/api.w.org\/{rel}","templated":true}]}}