{"id":702315,"date":"2025-08-27T15:15:39","date_gmt":"2025-08-27T12:15:39","guid":{"rendered":"https:\/\/roveyayinevi.com.tr\/index.php\/urun\/mukemmel-kadin-surtugun-tekidir\/"},"modified":"2026-04-16T02:11:26","modified_gmt":"2026-04-15T23:11:26","slug":"mukemmel-kadin-surtugun-tekidir","status":"publish","type":"product","link":"https:\/\/roveyayinevi.com.tr\/index.php\/urun\/mukemmel-kadin-surtugun-tekidir\/","title":{"rendered":"M\u00fckemmel Kad\u0131n S\u00fcrt\u00fc\u011f\u00fcn Tekidir!"},"content":{"rendered":"<p>M\u00fckemmel kad\u0131n yoktur, ak\u0131ll\u0131 kad\u0131n vard\u0131r.M\u00fckemmel kad\u0131n daima olmak istedi\u011fimiz kad\u0131nd\u0131r: Kusursuz giyinir, en zahmetli yemekleri bile kendi yapar, misafir a\u011f\u0131rlamakta h\u00fcnerlidir. \u00c7ocuk da yapar kariyer de, \u00fcstelik tek bir t\u0131rna\u011f\u0131n\u0131 bile k\u0131rmadan otuz ki\u015fiye b\u00f6rek a\u00e7abilir. K\u0131sacas\u0131 s\u00fcrt\u00fc\u011f\u00fcn tekidir. Sorun \u015fu ki ne biz bu kad\u0131nlardan ho\u015flan\u0131r\u0131z, ne de onlar bizden\u2026 Peki biz, bu kad\u0131nlarla nas\u0131l yar\u0131\u015fabiliriz?\u0130\u015fte bu kitap, modern hayat\u0131n yo\u011fun temposundan bunalan t\u00fcm kad\u0131nlar\u0131n g\u00fcnl\u00fck ya\u015famlar\u0131na dair e\u011flenceli bilgiler sunuyor ve merak edilen sorulara muzip cevaplar veriyor. Kad\u0131nlar neden ma\u00e7olardan ho\u015flan\u0131r? Facebook profil foto\u011fraf\u0131m\u0131z\u0131 nas\u0131l se\u00e7meliyiz? Cevab\u0131n\u0131 bilmek istemiyorsak erkeklere hangi sorular\u0131 sormamal\u0131y\u0131z? K\u0131skan\u00e7l\u0131\u011f\u0131n ne kadar\u0131na Evet? Sevgilinizin sizi terk edece\u011fini nas\u0131l anlars\u0131n\u0131z? Bir erke\u011fi nas\u0131l \u015fa\u015f\u0131rt\u0131rs\u0131n\u0131z? Bir kad\u0131n sarho\u015fken sayg\u0131nl\u0131\u011f\u0131n\u0131 nas\u0131l korur? \u00c7irkin bir bebek kar\u015f\u0131s\u0131nda nas\u0131l davranmal\u0131y\u0131z? G\u00fcnde sadece bir salata yiyen kad\u0131n muammas\u0131n\u0131n i\u00e7y\u00fcz\u00fc nedir? Erkeklerin s\u00f6ylediklerinin alt\u0131nda yatanlar nelerdir? Sosyal medyadaki mesajla\u015fmalar\u0131 nas\u0131l yorumlamal\u0131y\u0131z?Elinizde kusurlu kad\u0131nlar\u0131n mutlaka okumas\u0131 gereken bir rehber tutuyorsunuz. Bu rehber, \u00e7o\u011fumuz gibi eksikleriyle, kusurlar\u0131yla, sinir krizleriyle, normal bir kad\u0131n i\u00e7in vazge\u00e7ilmez bilgiler i\u00e7erirken ayn\u0131 zamanda da g\u00fcld\u00fcr\u00fcyor. M\u00fckemmel Kad\u0131n S\u00fcrt\u00fc\u011f\u00fcn Tekidir!, sizi kendinizdeki eksikliklerle bar\u0131\u015ft\u0131racak, size kendinizi yeniden tan\u0131tacak mucizevi bir kitap\u2026\ufffc<\/p>\n","protected":false},"excerpt":{"rendered":"<p>M\u00fckemmel kad\u0131n yoktur, ak\u0131ll\u0131 kad\u0131n vard\u0131r.M\u00fckemmel kad\u0131n daima olmak istedi\u011fimiz kad\u0131nd\u0131r: Kusursuz giyinir, en zahmetli yemekleri bile kendi yapar, misafir a\u011f\u0131rlamakta h\u00fcnerlidir. \u00c7ocuk da yapar kariyer<span class=\"excerpt-hellip\"> [\u2026]<\/span><\/p>\n","protected":false},"featured_media":0,"template":"","meta":{"_monsterinsights_skip_tracking":false,"_monsterinsights_sitenote_active":false,"_monsterinsights_sitenote_note":"","_monsterinsights_sitenote_category":0},"product_brand":[],"product_cat":[12291,14825],"product_tag":[],"class_list":{"0":"post-702315","1":"product","2":"type-product","3":"status-publish","5":"product_cat-edebiyat","6":"product_cat-mizah","7":"pa_cilt-ciltsiz","8":"pa_tur-kitap","9":"pa_yayinevi-pegasus-yayinlari","10":"pa_yazar-marie-aldine-girard","12":"first","13":"instock","14":"sale","15":"shipping-taxable","16":"purchasable","17":"product-type-simple"},"_links":{"self":[{"href":"https:\/\/roveyayinevi.com.tr\/index.php\/wp-json\/wp\/v2\/product\/702315","targetHints":{"allow":["GET"]}}],"collection":[{"href":"https:\/\/roveyayinevi.com.tr\/index.php\/wp-json\/wp\/v2\/product"}],"about":[{"href":"https:\/\/roveyayinevi.com.tr\/index.php\/wp-json\/wp\/v2\/types\/product"}],"wp:attachment":[{"href":"https:\/\/roveyayinevi.com.tr\/index.php\/wp-json\/wp\/v2\/media?parent=702315"}],"wp:term":[{"taxonomy":"product_brand","embeddable":true,"href":"https:\/\/roveyayinevi.com.tr\/index.php\/wp-json\/wp\/v2\/product_brand?post=702315"},{"taxonomy":"product_cat","embeddable":true,"href":"https:\/\/roveyayinevi.com.tr\/index.php\/wp-json\/wp\/v2\/product_cat?post=702315"},{"taxonomy":"product_tag","embeddable":true,"href":"https:\/\/roveyayinevi.com.tr\/index.php\/wp-json\/wp\/v2\/product_tag?post=702315"}],"curies":[{"name":"wp","href":"https:\/\/api.w.org\/{rel}","templated":true}]}}