{"id":702311,"date":"2025-08-27T15:15:38","date_gmt":"2025-08-27T12:15:38","guid":{"rendered":"https:\/\/roveyayinevi.com.tr\/index.php\/urun\/turkce-bilenler-icin-almanca-temel-dilbilgisi-2\/"},"modified":"2026-04-16T02:11:26","modified_gmt":"2026-04-15T23:11:26","slug":"turkce-bilenler-icin-almanca-temel-dilbilgisi-2","status":"publish","type":"product","link":"https:\/\/roveyayinevi.com.tr\/index.php\/urun\/turkce-bilenler-icin-almanca-temel-dilbilgisi-2\/","title":{"rendered":"T\u00fcrk\u00e7e Bilenler \u0130\u00e7in Almanca Temel Dilbilgisi 2"},"content":{"rendered":"<p>Bir dili bilmek demek, bir maksad\u0131 s\u00f6zl\u00fc veya yaz\u0131l\u0131 olarak hatas\u0131z anlatabilmek, anlat\u0131lan\u0131 veya okunan\u0131 da tam olarak anlayabilmektir. Dilbilgisi bize bir dilin konu\u015fma ve yazmada uyulmas\u0131 gerekli b\u00fct\u00fcn kurallar\u0131n\u0131 g\u00f6sterir ve \u00f6\u011fretir. Bu y\u00fczden,k\u00fc\u00e7\u00fck \u00e7ocuklar hari\u00e7, yeti\u015fkinlerin dilbilgisi bilmeden do\u011fru olarak yeni bir dil \u00f6\u011frenmeleri hemen hemen imkans\u0131zd\u0131r. Dili canl\u0131 bir a\u011faca benzetebiliriz. Zamanla hem geli\u015fir, hem de\u011fi\u015fikli\u011fe u\u011frar hem de devaml\u0131 bak\u0131m ister. Birtak\u0131m kelimeler eskiyerek az kullan\u0131l\u0131r veya hi\u00e7 kullan\u0131lmaz hale gelirken, birtak\u0131m yeni kelimeler t\u00fcrer. Dilbilgisi her ne kadar k\u00f6k\u00fc, g\u00f6vdesi ve ana dallar\u0131na benzetecek kadar \u00f6nemli ise de, a\u011fac\u0131n bak\u0131m\u0131n\u0131 da ihmal etmemek gerekir (okumak, yazmak, konu\u015fmak, dinlemek vs.) &#8220;T\u00fcrk\u00e7e Bilenler i\u00e7in Almanca Temel Dilbilgisi&#8221; (Kitap1, Kitap2, Kitap3 ve Alt\u0131n Anahtarlar) ile a\u011fac\u0131 sa\u011flam bir \u015fekilde dikme form\u00fcl\u00fc vermeye \u00e7al\u0131\u015ft\u0131k.Ba\u015far\u0131lar dileriz. &#8211; R\u0131za Kaplan <\/p>\n","protected":false},"excerpt":{"rendered":"<p>Bir dili bilmek demek, bir maksad\u0131 s\u00f6zl\u00fc veya yaz\u0131l\u0131 olarak hatas\u0131z anlatabilmek, anlat\u0131lan\u0131 veya okunan\u0131 da tam olarak anlayabilmektir. Dilbilgisi bize bir dilin konu\u015fma ve yazmada<span class=\"excerpt-hellip\"> [\u2026]<\/span><\/p>\n","protected":false},"featured_media":0,"template":"","meta":{"_monsterinsights_skip_tracking":false,"_monsterinsights_sitenote_active":false,"_monsterinsights_sitenote_note":"","_monsterinsights_sitenote_category":0},"product_brand":[],"product_cat":[26111,14597,12566],"product_tag":[],"class_list":{"0":"post-702311","1":"product","2":"type-product","3":"status-publish","5":"product_cat-almanca","6":"product_cat-dil-ogrenimi","7":"product_cat-egitim","8":"pa_cilt-ciltsiz","9":"pa_tur-kitap","10":"pa_yayinevi-inkilap-kitabevi","11":"pa_yazar-riza-kaplan","13":"first","14":"instock","15":"sale","16":"shipping-taxable","17":"purchasable","18":"product-type-simple"},"_links":{"self":[{"href":"https:\/\/roveyayinevi.com.tr\/index.php\/wp-json\/wp\/v2\/product\/702311","targetHints":{"allow":["GET"]}}],"collection":[{"href":"https:\/\/roveyayinevi.com.tr\/index.php\/wp-json\/wp\/v2\/product"}],"about":[{"href":"https:\/\/roveyayinevi.com.tr\/index.php\/wp-json\/wp\/v2\/types\/product"}],"wp:attachment":[{"href":"https:\/\/roveyayinevi.com.tr\/index.php\/wp-json\/wp\/v2\/media?parent=702311"}],"wp:term":[{"taxonomy":"product_brand","embeddable":true,"href":"https:\/\/roveyayinevi.com.tr\/index.php\/wp-json\/wp\/v2\/product_brand?post=702311"},{"taxonomy":"product_cat","embeddable":true,"href":"https:\/\/roveyayinevi.com.tr\/index.php\/wp-json\/wp\/v2\/product_cat?post=702311"},{"taxonomy":"product_tag","embeddable":true,"href":"https:\/\/roveyayinevi.com.tr\/index.php\/wp-json\/wp\/v2\/product_tag?post=702311"}],"curies":[{"name":"wp","href":"https:\/\/api.w.org\/{rel}","templated":true}]}}