{"id":702310,"date":"2025-08-27T15:15:38","date_gmt":"2025-08-27T12:15:38","guid":{"rendered":"https:\/\/roveyayinevi.com.tr\/index.php\/urun\/300ler-komitesi\/"},"modified":"2025-10-23T03:27:41","modified_gmt":"2025-10-23T00:27:41","slug":"300ler-komitesi","status":"publish","type":"product","link":"https:\/\/roveyayinevi.com.tr\/index.php\/urun\/300ler-komitesi\/","title":{"rendered":"300&#8217;ler Komitesi"},"content":{"rendered":"<p>&#8220;Se\u00e7ilmi\u015f h\u00fck\u00fcmetler pek nadiren halklar\u0131n\u0131 y\u00f6netirler.\u201d- Benjamin Disraeli, \u0130ngiliz Ba\u015fbakan\u0131&#8221;Birbirini tan\u0131yan sadece \u00fc\u00e7 y\u00fcz adam Avrupa&#8217;n\u0131n kaderini idare etmektedir. Bu adamlar haleflerini kendi \u00e7evrelerinden se\u00e7erler. Bu adamlar\u0131n tasvip etmedikleri her devleti yok edecek ara\u00e7lar\u0131 bulunmaktad\u0131r.&#8221;-Walther Rathenau, Alman D\u0131\u015fi\u015fleri Bakan\u0131 ve AEG ba\u015fkan\u0131D\u00fcnyay\u0131 1600&#8217;l\u00fc y\u0131llardan beri uyu\u015fturucu ticareti paras\u0131yla servetler kazanm\u0131\u015f ve ba\u015f\u0131nda \u0130ngiliz monar\u015fisinin bulundu\u011fu 300 ki\u015filik bir komite y\u00f6netmektedir. Yeni D\u00fcnya D\u00fczeni i\u00e7inde Tek D\u00fcnya Devleti kurmay\u0131 ama\u00e7layan bu komitenin her \u00fclkede vatan hainli\u011fi yaparak komplo hiyerar\u015fisi i\u00e7inde y\u00fckselmek isteyen adamlar\u0131 bulunmaktad\u0131r. Komite her devlette paralel yap\u0131lar olu\u015fturarak a\u015fa\u011f\u0131daki faaliyetleri ger\u00e7ekle\u015ftirmektedir:Dindarl\u0131k kisvesi alt\u0131nda &#8220;Dinler aras\u0131 diyalog&#8221; senaryosu i\u00e7inde t\u00fcm dinleri tek bir din alt\u0131nda birle\u015ftirmek\u2026Kalk\u0131nmakta olan \u00fclkelerde end\u00fcstriyelle\u015fmeyi \u00f6nlemek, tar\u0131m\u0131 ortadan kald\u0131rmak\u2026Halklar\u0131 devlet yard\u0131m\u0131 ile ya\u015fayacak hale getirmek\u20262050 y\u0131l\u0131na kadar d\u00fcnya n\u00fcfusunu a\u00e7l\u0131k, salg\u0131n hastal\u0131klar, kanser, sava\u015flar ve homoseks\u00fcelli\u011fin yayg\u0131nla\u015ft\u0131r\u0131lmas\u0131yla 3 milyar ki\u015fi azaltmak\u2026Halklar\u0131 din ve uyu\u015fturucu kullan\u0131m\u0131n\u0131 art\u0131rarak kontrol etmek\u2026T\u00fcm milliyet\u00e7ilik ak\u0131mlar\u0131n\u0131 y\u0131kmak ve \u00fcniter devletlerde \u00e7ok k\u00fclt\u00fcrl\u00fcl\u00fck ad\u0131 alt\u0131nda b\u00f6l\u00fcnmeyi sa\u011flamak, kolay y\u00f6netilebilir k\u00fc\u00e7\u00fck feodal devletler olu\u015fturmak\u2026D\u00fcnyada e\u011fitim d\u00fczeyini a\u015fa\u011f\u0131 \u00e7ekmek\u2026Yanda\u015f medya ile halk kitlelerinin beyinlerini y\u0131kayarak umutsuzlu\u011fa d\u00fc\u015fmelerini sa\u011flamak&#8230;\u00dclkelere &#8220;demokrasi&#8221; getirmek ad\u0131 alt\u0131nda sald\u0131rarak do\u011fal kaynaklar\u0131n\u0131 ele ge\u00e7irmek&#8230; <\/p>\n","protected":false},"excerpt":{"rendered":"<p>&#8220;Se\u00e7ilmi\u015f h\u00fck\u00fcmetler pek nadiren halklar\u0131n\u0131 y\u00f6netirler.\u201d- Benjamin Disraeli, \u0130ngiliz Ba\u015fbakan\u0131&#8221;Birbirini tan\u0131yan sadece \u00fc\u00e7 y\u00fcz adam Avrupa&#8217;n\u0131n kaderini idare etmektedir. Bu adamlar haleflerini kendi \u00e7evrelerinden se\u00e7erler. Bu<span class=\"excerpt-hellip\"> [\u2026]<\/span><\/p>\n","protected":false},"featured_media":0,"template":"","meta":{"_monsterinsights_skip_tracking":false,"_monsterinsights_sitenote_active":false,"_monsterinsights_sitenote_note":"","_monsterinsights_sitenote_category":0},"product_brand":[],"product_cat":[12346,12337],"product_tag":[],"class_list":{"0":"post-702310","1":"product","2":"type-product","3":"status-publish","5":"product_cat-derin-siyaset-komplo-teorileri","6":"product_cat-politika-siyaset","7":"pa_cilt-ciltsiz","8":"pa_tur-kitap","9":"pa_yayinevi-destek-yayinlari","10":"pa_yazar-john-coleman","12":"first","13":"instock","14":"sale","15":"shipping-taxable","16":"purchasable","17":"product-type-simple"},"_links":{"self":[{"href":"https:\/\/roveyayinevi.com.tr\/index.php\/wp-json\/wp\/v2\/product\/702310","targetHints":{"allow":["GET"]}}],"collection":[{"href":"https:\/\/roveyayinevi.com.tr\/index.php\/wp-json\/wp\/v2\/product"}],"about":[{"href":"https:\/\/roveyayinevi.com.tr\/index.php\/wp-json\/wp\/v2\/types\/product"}],"wp:attachment":[{"href":"https:\/\/roveyayinevi.com.tr\/index.php\/wp-json\/wp\/v2\/media?parent=702310"}],"wp:term":[{"taxonomy":"product_brand","embeddable":true,"href":"https:\/\/roveyayinevi.com.tr\/index.php\/wp-json\/wp\/v2\/product_brand?post=702310"},{"taxonomy":"product_cat","embeddable":true,"href":"https:\/\/roveyayinevi.com.tr\/index.php\/wp-json\/wp\/v2\/product_cat?post=702310"},{"taxonomy":"product_tag","embeddable":true,"href":"https:\/\/roveyayinevi.com.tr\/index.php\/wp-json\/wp\/v2\/product_tag?post=702310"}],"curies":[{"name":"wp","href":"https:\/\/api.w.org\/{rel}","templated":true}]}}