{"id":702308,"date":"2025-08-27T15:15:37","date_gmt":"2025-08-27T12:15:37","guid":{"rendered":"https:\/\/roveyayinevi.com.tr\/index.php\/urun\/cilli-karin-agrisi-cuce\/"},"modified":"2026-04-08T02:14:46","modified_gmt":"2026-04-07T23:14:46","slug":"cilli-karin-agrisi-cuce","status":"publish","type":"product","link":"https:\/\/roveyayinevi.com.tr\/index.php\/urun\/cilli-karin-agrisi-cuce\/","title":{"rendered":"\u00c7illi, Kar\u0131n A\u011fr\u0131s\u0131, C\u00fcce"},"content":{"rendered":"<p>Fakir Baykurt, \u00f6yku\u0308lerinde k\u00f6y ya\u015fam\u0131n\u0131n sertli\u011fi, yoksulluk, cahillik, taassup, bat\u0131l inan\u00e7, s\u00f6m\u00fcr\u00fc gibi sorunlar\u0131 ele alarak k\u00f6ylu\u0308nu\u0308n maddi ve manevi du\u0308nyas\u0131n\u0131 toplumsalc\u0131 ve ger\u00e7ek\u00e7i bir bak\u0131\u015ftan i\u015fliyor. G\u00f6zlemlerden, canl\u0131 tan\u0131kl\u0131klardan yola \u00e7\u0131kan yazar, gu\u0308nlu\u0308k konu\u015fma dilini \u00f6yku\u0308ye ta\u015f\u0131yarak zaman zaman mizahi bir dil kullan\u0131yor; bu\u0308rokrasinin \u00e7arklar\u0131 aras\u0131nda s\u0131k\u0131\u015fan ama i\u00e7inde de bir umudu bar\u0131nd\u0131ran \u201cs\u0131radan insan\u0131\u201d, ya\u015fad\u0131\u011f\u0131 yerin atmosferiyle birlikte \u00e7arp\u0131c\u0131 bir bi\u00e7imde betimliyor. \ufffcTan\u0131t\u0131m Metni<\/p>\n","protected":false},"excerpt":{"rendered":"<p>Fakir Baykurt, \u00f6yku\u0308lerinde k\u00f6y ya\u015fam\u0131n\u0131n sertli\u011fi, yoksulluk, cahillik, taassup, bat\u0131l inan\u00e7, s\u00f6m\u00fcr\u00fc gibi sorunlar\u0131 ele alarak k\u00f6ylu\u0308nu\u0308n maddi ve manevi du\u0308nyas\u0131n\u0131 toplumsalc\u0131 ve ger\u00e7ek\u00e7i bir bak\u0131\u015ftan<span class=\"excerpt-hellip\"> [\u2026]<\/span><\/p>\n","protected":false},"featured_media":0,"template":"","meta":{"_monsterinsights_skip_tracking":false,"_monsterinsights_sitenote_active":false,"_monsterinsights_sitenote_note":"","_monsterinsights_sitenote_category":0},"product_brand":[],"product_cat":[12291,12292],"product_tag":[],"class_list":{"0":"post-702308","1":"product","2":"type-product","3":"status-publish","5":"product_cat-edebiyat","6":"product_cat-turk-edebiyati","7":"pa_cilt-ciltsiz","8":"pa_tur-kitap","9":"pa_yayinevi-literatur-yayinevi","10":"pa_yazar-fakir-baykurt","12":"first","13":"instock","14":"sale","15":"shipping-taxable","16":"purchasable","17":"product-type-simple"},"_links":{"self":[{"href":"https:\/\/roveyayinevi.com.tr\/index.php\/wp-json\/wp\/v2\/product\/702308","targetHints":{"allow":["GET"]}}],"collection":[{"href":"https:\/\/roveyayinevi.com.tr\/index.php\/wp-json\/wp\/v2\/product"}],"about":[{"href":"https:\/\/roveyayinevi.com.tr\/index.php\/wp-json\/wp\/v2\/types\/product"}],"wp:attachment":[{"href":"https:\/\/roveyayinevi.com.tr\/index.php\/wp-json\/wp\/v2\/media?parent=702308"}],"wp:term":[{"taxonomy":"product_brand","embeddable":true,"href":"https:\/\/roveyayinevi.com.tr\/index.php\/wp-json\/wp\/v2\/product_brand?post=702308"},{"taxonomy":"product_cat","embeddable":true,"href":"https:\/\/roveyayinevi.com.tr\/index.php\/wp-json\/wp\/v2\/product_cat?post=702308"},{"taxonomy":"product_tag","embeddable":true,"href":"https:\/\/roveyayinevi.com.tr\/index.php\/wp-json\/wp\/v2\/product_tag?post=702308"}],"curies":[{"name":"wp","href":"https:\/\/api.w.org\/{rel}","templated":true}]}}