{"id":702304,"date":"2025-08-27T15:15:36","date_gmt":"2025-08-27T12:15:36","guid":{"rendered":"https:\/\/roveyayinevi.com.tr\/index.php\/urun\/turkce-sozluk-2\/"},"modified":"2026-04-16T02:11:26","modified_gmt":"2026-04-15T23:11:26","slug":"turkce-sozluk-2","status":"publish","type":"product","link":"https:\/\/roveyayinevi.com.tr\/index.php\/urun\/turkce-sozluk-2\/","title":{"rendered":"T\u00fcrk\u00e7e S\u00f6zl\u00fck"},"content":{"rendered":"<p>Bu s\u00f6zl\u00fck haz\u0131rlan\u0131rken, sizlere ana dilimiz olan T\u00fcrk\u00e7eyi sevdirmek amac\u0131 g\u00f6zetilmi\u015ftir. Bir dili g\u00fczel ve etkili bir bi\u00e7imde konu\u015fman\u0131n ilk ve vazge\u00e7ilmez ko\u015fulu geni\u015f bir s\u00f6zc\u00fck da\u011farc\u0131\u011f\u0131na sahip olabilmektir. Bu nedenle, elinizdeki s\u00f6zl\u00fck g\u00fcnl\u00fck ya\u015fam\u0131n\u0131zda sizin i\u00e7in vazge\u00e7ilmez bir kaynak olacakt\u0131r. Bu s\u00f6zl\u00fckte \u015funlar\u0131 bulacaks\u0131n\u0131z: Arad\u0131\u011f\u0131n\u0131z s\u00f6zc\u00fc\u011f\u00fc kolayl\u0131kla bulabilmeniz i\u00e7in sayfan\u0131n bas\u0131nda ve sonunda yer alan s\u00f6zc\u00fckler, her sayfa ba\u015f\u0131nda \u00fcst k\u0131s\u0131mda g\u00f6sterilmi\u015ftir. Her s\u00f6zc\u00fc\u011f\u00fcn dil bilgisi \u00f6zelli\u011fi anlam\u0131ndan \u00f6nce yay ayra\u00e7lar () i\u00e7inde verilmi\u015ftir. Baz\u0131 s\u00f6zc\u00fcklerdeki, yumu\u015fama, benze\u015fme ve ses d\u00fc\u015fmesi ilgili yerlerde g\u00f6sterilmi\u015ftir, S\u00f6zc\u00fcklerin yaz\u0131m\u0131nda, TDK\u2019nin 1996 y\u0131l\u0131 bas\u0131m\u0131 olan Yaz\u0131m (iml\u00e2) K\u0131lavuzu\u2019na uyulmu\u015ftur. <\/p>\n","protected":false},"excerpt":{"rendered":"<p>Bu s\u00f6zl\u00fck haz\u0131rlan\u0131rken, sizlere ana dilimiz olan T\u00fcrk\u00e7eyi sevdirmek amac\u0131 g\u00f6zetilmi\u015ftir. Bir dili g\u00fczel ve etkili bir bi\u00e7imde konu\u015fman\u0131n ilk ve vazge\u00e7ilmez ko\u015fulu geni\u015f bir s\u00f6zc\u00fck<span class=\"excerpt-hellip\"> [\u2026]<\/span><\/p>\n","protected":false},"featured_media":0,"template":"","meta":{"_monsterinsights_skip_tracking":false,"_monsterinsights_sitenote_active":false,"_monsterinsights_sitenote_note":"","_monsterinsights_sitenote_category":0},"product_brand":[],"product_cat":[12566,13611,19496],"product_tag":[],"class_list":{"0":"post-702304","1":"product","2":"type-product","3":"status-publish","5":"product_cat-egitim","6":"product_cat-sozlukler-ve-konusma-kilavuzlari","7":"product_cat-turkce-sozlukler","8":"pa_tur-kitap","9":"pa_yayinevi-alfa-yayinlari","10":"pa_yazar-kolektif","12":"first","13":"instock","14":"sale","15":"shipping-taxable","16":"purchasable","17":"product-type-simple"},"_links":{"self":[{"href":"https:\/\/roveyayinevi.com.tr\/index.php\/wp-json\/wp\/v2\/product\/702304","targetHints":{"allow":["GET"]}}],"collection":[{"href":"https:\/\/roveyayinevi.com.tr\/index.php\/wp-json\/wp\/v2\/product"}],"about":[{"href":"https:\/\/roveyayinevi.com.tr\/index.php\/wp-json\/wp\/v2\/types\/product"}],"wp:attachment":[{"href":"https:\/\/roveyayinevi.com.tr\/index.php\/wp-json\/wp\/v2\/media?parent=702304"}],"wp:term":[{"taxonomy":"product_brand","embeddable":true,"href":"https:\/\/roveyayinevi.com.tr\/index.php\/wp-json\/wp\/v2\/product_brand?post=702304"},{"taxonomy":"product_cat","embeddable":true,"href":"https:\/\/roveyayinevi.com.tr\/index.php\/wp-json\/wp\/v2\/product_cat?post=702304"},{"taxonomy":"product_tag","embeddable":true,"href":"https:\/\/roveyayinevi.com.tr\/index.php\/wp-json\/wp\/v2\/product_tag?post=702304"}],"curies":[{"name":"wp","href":"https:\/\/api.w.org\/{rel}","templated":true}]}}