{"id":702303,"date":"2025-08-27T15:15:36","date_gmt":"2025-08-27T12:15:36","guid":{"rendered":"https:\/\/roveyayinevi.com.tr\/index.php\/urun\/emek-deger-teorileri-ve-disticaret\/"},"modified":"2026-04-16T02:11:26","modified_gmt":"2026-04-15T23:11:26","slug":"emek-deger-teorileri-ve-disticaret","status":"publish","type":"product","link":"https:\/\/roveyayinevi.com.tr\/index.php\/urun\/emek-deger-teorileri-ve-disticaret\/","title":{"rendered":"Emek-De\u011fer Teorileri ve D\u0131\u015fticaret"},"content":{"rendered":"<p>\u201cNail Satl\u0131gan bu \u00e7al\u0131\u015fmay\u0131 doktora tezi olarak haz\u0131rlam\u0131\u015f ve ayn\u0131 zamanda asistan olarak g\u00f6revli oldu\u011fu \u0130stanbul \u00dcniversitesi \u0130ktisat Fak\u00fcltesi\u2019nde 1982 y\u0131l\u0131 i\u00e7inde savunmu\u015ftu. \u015eimdi bu esasl\u0131 \u00e7al\u0131\u015fma, b\u00fct\u00fcnl\u00fc\u011f\u00fc i\u00e7inde iktisatla, \u00f6zel olarak da ekonomi politi\u011fin Marksist ele\u015ftirisiyle ilgilenenler i\u00e7in eri\u015filebilir hale geliyor. Ayn\u0131 zamanda, T\u00fcrkiye topraklar\u0131ndan Marksist literat\u00fcre yap\u0131lm\u0131\u015f d\u00fcnya \u00e7ap\u0131nda bir katk\u0131 da b\u00f6ylece \u00fcniversite k\u00fct\u00fcphanelerinin raflar\u0131nda tozlanmaktan kurtulup gen\u00e7 ku\u015faklar\u0131n \u00fczerine yeni katk\u0131lar bina edebilecekleri bir ortak miras haline geliyor. B\u00f6ylelikle Nail Satl\u0131gan\u2019\u0131n an\u0131s\u0131na g\u00f6sterilebilecek sayg\u0131n\u0131n en g\u00fczel bi\u00e7imlerinden biri ger\u00e7ekle\u015fmi\u015f oluyor: onu gelecek ku\u015faklarla bulu\u015fturmak.\u201d \ufffcTan\u0131t\u0131m Metni<\/p>\n","protected":false},"excerpt":{"rendered":"<p>\u201cNail Satl\u0131gan bu \u00e7al\u0131\u015fmay\u0131 doktora tezi olarak haz\u0131rlam\u0131\u015f ve ayn\u0131 zamanda asistan olarak g\u00f6revli oldu\u011fu \u0130stanbul \u00dcniversitesi \u0130ktisat Fak\u00fcltesi\u2019nde 1982 y\u0131l\u0131 i\u00e7inde savunmu\u015ftu. \u015eimdi bu esasl\u0131<span class=\"excerpt-hellip\"> [\u2026]<\/span><\/p>\n","protected":false},"featured_media":0,"template":"","meta":{"_monsterinsights_skip_tracking":false,"_monsterinsights_sitenote_active":false,"_monsterinsights_sitenote_note":"","_monsterinsights_sitenote_category":0},"product_brand":[],"product_cat":[12312,12304],"product_tag":[],"class_list":{"0":"post-702303","1":"product","2":"type-product","3":"status-publish","5":"product_cat-diger","6":"product_cat-tarih","7":"pa_cilt-ciltsiz","8":"pa_tur-kitap","9":"pa_yayinevi-yordam-kitap","10":"pa_yazar-nail-satligan","12":"first","13":"instock","14":"sale","15":"shipping-taxable","16":"purchasable","17":"product-type-simple"},"_links":{"self":[{"href":"https:\/\/roveyayinevi.com.tr\/index.php\/wp-json\/wp\/v2\/product\/702303","targetHints":{"allow":["GET"]}}],"collection":[{"href":"https:\/\/roveyayinevi.com.tr\/index.php\/wp-json\/wp\/v2\/product"}],"about":[{"href":"https:\/\/roveyayinevi.com.tr\/index.php\/wp-json\/wp\/v2\/types\/product"}],"wp:attachment":[{"href":"https:\/\/roveyayinevi.com.tr\/index.php\/wp-json\/wp\/v2\/media?parent=702303"}],"wp:term":[{"taxonomy":"product_brand","embeddable":true,"href":"https:\/\/roveyayinevi.com.tr\/index.php\/wp-json\/wp\/v2\/product_brand?post=702303"},{"taxonomy":"product_cat","embeddable":true,"href":"https:\/\/roveyayinevi.com.tr\/index.php\/wp-json\/wp\/v2\/product_cat?post=702303"},{"taxonomy":"product_tag","embeddable":true,"href":"https:\/\/roveyayinevi.com.tr\/index.php\/wp-json\/wp\/v2\/product_tag?post=702303"}],"curies":[{"name":"wp","href":"https:\/\/api.w.org\/{rel}","templated":true}]}}