{"id":702296,"date":"2025-08-27T15:15:33","date_gmt":"2025-08-27T12:15:33","guid":{"rendered":"https:\/\/roveyayinevi.com.tr\/index.php\/urun\/felsefeye-giris-4\/"},"modified":"2025-09-25T03:33:15","modified_gmt":"2025-09-25T00:33:15","slug":"felsefeye-giris-4","status":"publish","type":"product","link":"https:\/\/roveyayinevi.com.tr\/index.php\/urun\/felsefeye-giris-4\/","title":{"rendered":"Felsefeye Giri\u015f"},"content":{"rendered":"<p>\u201cSorgulanmam\u0131\u015f hayat ya\u015fanmaya de\u011fer de\u011fildir\u201d der Sokrates. Ele\u015ftirel d\u00fc\u015f\u00fcnmenin \u00f6nemini ve art\u0131k unutulan de\u011ferini ne g\u00fczel \u00f6zetlemi\u015f.Felsefe etkinli\u011fi zihinsel bir u\u011fra\u015f olarak insan\u0131n mutlulu\u011funu art\u0131r\u0131r. Bireye aktar\u0131lan bilgi deryas\u0131n\u0131 ele\u015ftiri s\u00fczgecinden ge\u00e7irmeden mutlak do\u011fru olarak kabul etmesini de\u011fil, do\u011fru olarak inand\u0131\u011f\u0131 bilgi ve de\u011ferlerin gerek\u00e7eleriyle savunabilmesine katk\u0131da bulunur.Sedat Yaz\u0131c\u0131, sade bir dille, felsefeye yeni ba\u015flayanlar i\u00e7in, bilgi felsefesinden ba\u015flayarak \u00e7i\u00e7ekli bir yol a\u00e7\u0131yor. Bilim felsefesi, sosyal bilimler, ahlak, e\u011fitim ve siyaset felsefesine kadar s\u00fcrd\u00fcrd\u00fc\u011f\u00fc yolculu\u011funu, insan haklar\u0131 ile tamaml\u0131yor. \u0130nsanl\u0131k tarihinin d\u00fc\u015f\u00fcnsel \u00fcretimleri ard\u0131 ard\u0131na a\u00e7\u0131lan kap\u0131larla \u015fenleniyor, anlam berrakla\u015f\u0131yor.Bu \u015fenlikli kap\u0131y\u0131 aralay\u0131p, \u00e7i\u00e7ekli yolculu\u011fa \u00e7\u0131kmak i\u00e7in bir f\u0131rsat sunuyor. \ufffc<\/p>\n","protected":false},"excerpt":{"rendered":"<p>\u201cSorgulanmam\u0131\u015f hayat ya\u015fanmaya de\u011fer de\u011fildir\u201d der Sokrates. Ele\u015ftirel d\u00fc\u015f\u00fcnmenin \u00f6nemini ve art\u0131k unutulan de\u011ferini ne g\u00fczel \u00f6zetlemi\u015f.Felsefe etkinli\u011fi zihinsel bir u\u011fra\u015f olarak insan\u0131n mutlulu\u011funu art\u0131r\u0131r. Bireye<span class=\"excerpt-hellip\"> [\u2026]<\/span><\/p>\n","protected":false},"featured_media":0,"template":"","meta":{"_monsterinsights_skip_tracking":false,"_monsterinsights_sitenote_active":false,"_monsterinsights_sitenote_note":"","_monsterinsights_sitenote_category":0},"product_brand":[],"product_cat":[12389,12388],"product_tag":[],"class_list":{"0":"post-702296","1":"product","2":"type-product","3":"status-publish","5":"product_cat-diger-felsefe","6":"product_cat-felsefe","7":"pa_cilt-ciltsiz","8":"pa_tur-kitap","9":"pa_yayinevi-yeni-insan-yayinlari","10":"pa_yazar-sedat-yazici","12":"first","13":"instock","14":"sale","15":"shipping-taxable","16":"purchasable","17":"product-type-simple"},"_links":{"self":[{"href":"https:\/\/roveyayinevi.com.tr\/index.php\/wp-json\/wp\/v2\/product\/702296","targetHints":{"allow":["GET"]}}],"collection":[{"href":"https:\/\/roveyayinevi.com.tr\/index.php\/wp-json\/wp\/v2\/product"}],"about":[{"href":"https:\/\/roveyayinevi.com.tr\/index.php\/wp-json\/wp\/v2\/types\/product"}],"wp:attachment":[{"href":"https:\/\/roveyayinevi.com.tr\/index.php\/wp-json\/wp\/v2\/media?parent=702296"}],"wp:term":[{"taxonomy":"product_brand","embeddable":true,"href":"https:\/\/roveyayinevi.com.tr\/index.php\/wp-json\/wp\/v2\/product_brand?post=702296"},{"taxonomy":"product_cat","embeddable":true,"href":"https:\/\/roveyayinevi.com.tr\/index.php\/wp-json\/wp\/v2\/product_cat?post=702296"},{"taxonomy":"product_tag","embeddable":true,"href":"https:\/\/roveyayinevi.com.tr\/index.php\/wp-json\/wp\/v2\/product_tag?post=702296"}],"curies":[{"name":"wp","href":"https:\/\/api.w.org\/{rel}","templated":true}]}}