{"id":702294,"date":"2025-08-27T15:15:33","date_gmt":"2025-08-27T12:15:33","guid":{"rendered":"https:\/\/roveyayinevi.com.tr\/index.php\/urun\/kuresellesme-surecinde-turkiyenin-finansal-kaynak-sorunu\/"},"modified":"2026-04-16T02:11:26","modified_gmt":"2026-04-15T23:11:26","slug":"kuresellesme-surecinde-turkiyenin-finansal-kaynak-sorunu","status":"publish","type":"product","link":"https:\/\/roveyayinevi.com.tr\/index.php\/urun\/kuresellesme-surecinde-turkiyenin-finansal-kaynak-sorunu\/","title":{"rendered":"K\u00fcreselle\u015fme S\u00fcrecinde T\u00fcrkiye\u2019nin Finansal Kaynak Sorunu"},"content":{"rendered":"<p>Bilim ve teknolojideki geli\u015fmelerin etkisiyle h\u0131zlanan k\u00fcreselle\u015fme s\u00fcreci, ekonomik siyasal ve sosyal alanlarda yeni de\u011fi\u015fim ve d\u00f6n\u00fc\u015f\u00fcmlere yol a\u00e7arak, ba\u015fta devlet olmak \u00fczere t\u00fcm \u00f6rg\u00fctlerini\u015fleyi\u015f ve fonksiyonlar\u0131nda k\u00f6kl\u00fc de\u011fi\u015fikliklere neden olmaktad\u0131r.\u0130\u00e7inde bulundu\u011fumuz 21. y\u00fczy\u0131lda ekonomik ve sosyal geli\u015fmelerin \u00f6nc\u00fcl\u00fc\u011f\u00fcn\u00fc bilimsel bulu\u015f ve geli\u015fmelerle beslenen bilgisayar-elektronik ve ileti\u015fim teknolojileri yapmaktad\u0131r.K\u00fcreselle\u015fme s\u00fcreciyle bilgi ve teknoloji \u00fcretimin ve ya\u015fam\u0131n her alan\u0131na girerek ki\u015fileri ve \u00f6rg\u00fctleri yenili\u011fe, \u00fcretkenli\u011fe ve daha kaliteli e\u011fitime zorlamaktad\u0131r. <\/p>\n","protected":false},"excerpt":{"rendered":"<p>Bilim ve teknolojideki geli\u015fmelerin etkisiyle h\u0131zlanan k\u00fcreselle\u015fme s\u00fcreci, ekonomik siyasal ve sosyal alanlarda yeni de\u011fi\u015fim ve d\u00f6n\u00fc\u015f\u00fcmlere yol a\u00e7arak, ba\u015fta devlet olmak \u00fczere t\u00fcm \u00f6rg\u00fctlerini\u015fleyi\u015f ve<span class=\"excerpt-hellip\"> [\u2026]<\/span><\/p>\n","protected":false},"featured_media":0,"template":"","meta":{"_monsterinsights_skip_tracking":false,"_monsterinsights_sitenote_active":false,"_monsterinsights_sitenote_note":"","_monsterinsights_sitenote_category":0},"product_brand":[],"product_cat":[12573,12566],"product_tag":[],"class_list":{"0":"post-702294","1":"product","2":"type-product","3":"status-publish","5":"product_cat-akademik-kitaplar","6":"product_cat-egitim","7":"pa_cilt-ciltsiz","8":"pa_tur-kitap","9":"pa_yayinevi-gazi-kitabevi","10":"pa_yazar-famil-samiloglu","12":"first","13":"instock","14":"sale","15":"shipping-taxable","16":"purchasable","17":"product-type-simple"},"_links":{"self":[{"href":"https:\/\/roveyayinevi.com.tr\/index.php\/wp-json\/wp\/v2\/product\/702294","targetHints":{"allow":["GET"]}}],"collection":[{"href":"https:\/\/roveyayinevi.com.tr\/index.php\/wp-json\/wp\/v2\/product"}],"about":[{"href":"https:\/\/roveyayinevi.com.tr\/index.php\/wp-json\/wp\/v2\/types\/product"}],"wp:attachment":[{"href":"https:\/\/roveyayinevi.com.tr\/index.php\/wp-json\/wp\/v2\/media?parent=702294"}],"wp:term":[{"taxonomy":"product_brand","embeddable":true,"href":"https:\/\/roveyayinevi.com.tr\/index.php\/wp-json\/wp\/v2\/product_brand?post=702294"},{"taxonomy":"product_cat","embeddable":true,"href":"https:\/\/roveyayinevi.com.tr\/index.php\/wp-json\/wp\/v2\/product_cat?post=702294"},{"taxonomy":"product_tag","embeddable":true,"href":"https:\/\/roveyayinevi.com.tr\/index.php\/wp-json\/wp\/v2\/product_tag?post=702294"}],"curies":[{"name":"wp","href":"https:\/\/api.w.org\/{rel}","templated":true}]}}