{"id":702290,"date":"2025-08-27T15:15:32","date_gmt":"2025-08-27T12:15:32","guid":{"rendered":"https:\/\/roveyayinevi.com.tr\/index.php\/urun\/degirmenler-vadisi\/"},"modified":"2026-04-16T02:11:26","modified_gmt":"2026-04-15T23:11:26","slug":"degirmenler-vadisi","status":"publish","type":"product","link":"https:\/\/roveyayinevi.com.tr\/index.php\/urun\/degirmenler-vadisi\/","title":{"rendered":"De\u011firmenler Vadisi"},"content":{"rendered":"<p>De\u011firmenler Vadisi&#8217;nde birbirine benzeyen erkekler, kad\u0131nlar ve \u00e7ocuklar ya\u015farm\u0131\u015f. Bir g\u00fcn, her \u015feyi en iyi yapan &#8220;makineler&#8221; gelmi\u015f.  \u0130\u015fte bu makineler De\u011firmenler Vadisi halk\u0131na hayal kurmay\u0131 unutturmu\u015f. Art\u0131k vadi halk\u0131n\u0131n isteklerinin yerine gelmesi i\u00e7in tek yapmalar\u0131 gereken bir d\u00fc\u011fmeye basmakt\u0131r. Oysa \u00f6ncesinde herkes hayallerini ger\u00e7ekle\u015ftirmek i\u00e7in \u00e7al\u0131\u015f\u0131rm\u0131\u015f. \u015eimdi ise hayal kurmaya bile \u00fc\u015fenir hale gelmi\u015fler. Vadideki halk\u0131 bu tehlikeli durumdan kurtaracak, onlara yeniden hayal kurmay\u0131 \u00f6\u011fretecek biri var m\u0131 acaba?T\u00fcrk Pedagoji Derne\u011fi taraf\u0131ndan tavsiye edilen okunmas\u0131 gereken 10 \u00e7ocuk kitab\u0131 aras\u0131nda yer alan De\u011firmenler Vadisi, yenilenen sayfa boyutuyla okurlar\u0131n\u0131 bekliyor.<\/p>\n","protected":false},"excerpt":{"rendered":"<p>De\u011firmenler Vadisi&#8217;nde birbirine benzeyen erkekler, kad\u0131nlar ve \u00e7ocuklar ya\u015farm\u0131\u015f. Bir g\u00fcn, her \u015feyi en iyi yapan &#8220;makineler&#8221; gelmi\u015f. \u0130\u015fte bu makineler De\u011firmenler Vadisi halk\u0131na hayal kurmay\u0131<span class=\"excerpt-hellip\"> [\u2026]<\/span><\/p>\n","protected":false},"featured_media":0,"template":"","meta":{"_monsterinsights_skip_tracking":false,"_monsterinsights_sitenote_active":false,"_monsterinsights_sitenote_note":"","_monsterinsights_sitenote_category":0},"product_brand":[],"product_cat":[12274,12284],"product_tag":[],"class_list":{"0":"post-702290","1":"product","2":"type-product","3":"status-publish","5":"product_cat-cocuk-ve-genclik-kitaplari","6":"product_cat-hikayeler","7":"pa_cilt-ciltli","8":"pa_tur-kitap","9":"pa_yayinevi-abm-yayinevi","10":"pa_yazar-noelia-blanco","12":"first","13":"instock","14":"sale","15":"shipping-taxable","16":"purchasable","17":"product-type-simple"},"_links":{"self":[{"href":"https:\/\/roveyayinevi.com.tr\/index.php\/wp-json\/wp\/v2\/product\/702290","targetHints":{"allow":["GET"]}}],"collection":[{"href":"https:\/\/roveyayinevi.com.tr\/index.php\/wp-json\/wp\/v2\/product"}],"about":[{"href":"https:\/\/roveyayinevi.com.tr\/index.php\/wp-json\/wp\/v2\/types\/product"}],"wp:attachment":[{"href":"https:\/\/roveyayinevi.com.tr\/index.php\/wp-json\/wp\/v2\/media?parent=702290"}],"wp:term":[{"taxonomy":"product_brand","embeddable":true,"href":"https:\/\/roveyayinevi.com.tr\/index.php\/wp-json\/wp\/v2\/product_brand?post=702290"},{"taxonomy":"product_cat","embeddable":true,"href":"https:\/\/roveyayinevi.com.tr\/index.php\/wp-json\/wp\/v2\/product_cat?post=702290"},{"taxonomy":"product_tag","embeddable":true,"href":"https:\/\/roveyayinevi.com.tr\/index.php\/wp-json\/wp\/v2\/product_tag?post=702290"}],"curies":[{"name":"wp","href":"https:\/\/api.w.org\/{rel}","templated":true}]}}