{"id":702288,"date":"2025-08-27T15:15:31","date_gmt":"2025-08-27T12:15:31","guid":{"rendered":"https:\/\/roveyayinevi.com.tr\/index.php\/urun\/enflasyon-muhasebesi-2\/"},"modified":"2026-04-16T02:11:26","modified_gmt":"2026-04-15T23:11:26","slug":"enflasyon-muhasebesi-2","status":"publish","type":"product","link":"https:\/\/roveyayinevi.com.tr\/index.php\/urun\/enflasyon-muhasebesi-2\/","title":{"rendered":"Enflasyon Muhasebesi"},"content":{"rendered":"<p>Mali olaylar\u0131n kay\u0131tlanmas\u0131 ve mail tablolar\u0131n d\u00fczenlenmesinde \u00f6l\u00e7\u00fc birimi olarak ulusal para kullan\u0131lmaktad\u0131r. Ancak enflasyon ortam\u0131nda olan \u00fclkelerde ulusal para de\u011fer \u00f6l\u00e7me i\u015flemini yerine getirememektedir.Mali Tablo d\u00f6nemlerinde enflasyona g\u00f6re gerekli d\u00fczeltmeler yap\u0131lmazsa mali tablolar\u0131n kar\u015f\u0131la\u015ft\u0131r\u0131labilirli\u011finin ortadan kalkmas\u0131, ger\u00e7ek olmayan k\u00e2rlar\u0131n olu\u015fmas\u0131, sermayenin vergilendirilmesi, ger\u00e7ek olmayan k\u00e2rlara g\u00f6re k\u00e2r da\u011f\u0131t\u0131m\u0131, \u00fccretlendirme ve yat\u0131r\u0131m karlar\u0131n\u0131n al\u0131nmas\u0131 gibi uygulamalar i\u015fletmelerin s\u00fcreklili\u011fini tehlikeye d\u00fc\u015f\u00fcrecek sonu\u00e7lara neden olmaktad\u0131r. <\/p>\n","protected":false},"excerpt":{"rendered":"<p>Mali olaylar\u0131n kay\u0131tlanmas\u0131 ve mail tablolar\u0131n d\u00fczenlenmesinde \u00f6l\u00e7\u00fc birimi olarak ulusal para kullan\u0131lmaktad\u0131r. Ancak enflasyon ortam\u0131nda olan \u00fclkelerde ulusal para de\u011fer \u00f6l\u00e7me i\u015flemini yerine getirememektedir.Mali Tablo<span class=\"excerpt-hellip\"> [\u2026]<\/span><\/p>\n","protected":false},"featured_media":0,"template":"","meta":{"_monsterinsights_skip_tracking":false,"_monsterinsights_sitenote_active":false,"_monsterinsights_sitenote_note":"","_monsterinsights_sitenote_category":0},"product_brand":[],"product_cat":[12573,12566],"product_tag":[],"class_list":{"0":"post-702288","1":"product","2":"type-product","3":"status-publish","5":"product_cat-akademik-kitaplar","6":"product_cat-egitim","7":"pa_cilt-ciltsiz","8":"pa_tur-kitap","9":"pa_yayinevi-gazi-kitabevi","10":"pa_yazar-remzi-orten","12":"first","13":"instock","14":"sale","15":"shipping-taxable","16":"purchasable","17":"product-type-simple"},"_links":{"self":[{"href":"https:\/\/roveyayinevi.com.tr\/index.php\/wp-json\/wp\/v2\/product\/702288","targetHints":{"allow":["GET"]}}],"collection":[{"href":"https:\/\/roveyayinevi.com.tr\/index.php\/wp-json\/wp\/v2\/product"}],"about":[{"href":"https:\/\/roveyayinevi.com.tr\/index.php\/wp-json\/wp\/v2\/types\/product"}],"wp:attachment":[{"href":"https:\/\/roveyayinevi.com.tr\/index.php\/wp-json\/wp\/v2\/media?parent=702288"}],"wp:term":[{"taxonomy":"product_brand","embeddable":true,"href":"https:\/\/roveyayinevi.com.tr\/index.php\/wp-json\/wp\/v2\/product_brand?post=702288"},{"taxonomy":"product_cat","embeddable":true,"href":"https:\/\/roveyayinevi.com.tr\/index.php\/wp-json\/wp\/v2\/product_cat?post=702288"},{"taxonomy":"product_tag","embeddable":true,"href":"https:\/\/roveyayinevi.com.tr\/index.php\/wp-json\/wp\/v2\/product_tag?post=702288"}],"curies":[{"name":"wp","href":"https:\/\/api.w.org\/{rel}","templated":true}]}}