{"id":702286,"date":"2025-08-27T15:15:31","date_gmt":"2025-08-27T12:15:31","guid":{"rendered":"https:\/\/roveyayinevi.com.tr\/index.php\/urun\/bir-apaci-masali-4-biz-ucuz-adamlardik\/"},"modified":"2026-04-16T02:11:26","modified_gmt":"2026-04-15T23:11:26","slug":"bir-apaci-masali-4-biz-ucuz-adamlardik","status":"publish","type":"product","link":"https:\/\/roveyayinevi.com.tr\/index.php\/urun\/bir-apaci-masali-4-biz-ucuz-adamlardik\/","title":{"rendered":"Bir Apa\u00e7i Masal\u0131 4 &#8211; Biz Ucuz Adamlard\u0131k"},"content":{"rendered":"<p>Angutyus\u2019un ba\u015f d\u00f6nd\u00fcr\u00fcc\u00fc maceras\u0131 frene basmadan devam ediyor. \u0130ngiltere\u2019de vitrinin arkas\u0131ndaki hayat\u0131n tam g\u00f6be\u011finde, kavgan\u0131n, tehlikenin, karma\u015fan\u0131n kol gezdi\u011fi sokaklarda tek ba\u015f\u0131na gen\u00e7 bir adam. Yersiz yurtsuz, ge\u00e7mi\u015finden ve gelece\u011finden vazge\u00e7mi\u015f, kas\u0131rgalar\u0131n i\u00e7inde savrulan bir kebabman. Biliyordum, ilk kural \u015fuydu: \u201c\u0130ngiltere\u2019de asla yere d\u00fc\u015fme!\u201d Ama d\u00fc\u015ft\u00fcm. Beni darmada\u011f\u0131n ettiler. Alanya kumsallar\u0131ndan yola \u00e7\u0131k\u0131p kendini \u0130ngiltere\u2019de bulan Angutyus\u2019un art\u0131k tek istedi\u011fi bir par\u00e7a s\u00fckunet. Fakat onunki \u00f6yle bir d\u00fcnya ki; holiganlar, ayya\u015flar, eroinmanlar, yok say\u0131lanlar, ka\u00e7aklar, fahi\u015feler, \u00fc\u00e7ka\u011f\u0131t\u00e7\u0131lar her k\u00f6\u015fede fink at\u0131yor. Gurbet, hasret, eski hesaplar, yeni a\u015fklar ve iyile\u015fmeyen yaralarla bo\u011fu\u015furken kan revan i\u00e7inde yaz\u0131lan bir destana tan\u0131kl\u0131k edeceksiniz. Leeds ma\u00e7\u0131nda ya\u015fananlar bir milat oldu.. Ben bu insanlar\u0131 biraz tan\u0131yorsam, \u00e7ok yak\u0131nda buralarda insan av\u0131 ba\u015flayacakt\u0131. Angutyus\u2019un heyecanl\u0131, duygusal, komik ama mutlaka okuyan\u0131 yerine \u00e7ivileyen yolculu\u011fu, Bir Apa\u00e7i Masal\u0131 4 \u2013 Biz Ucuz Adamlard\u0131k\u2019ta s\u00fcr\u00fcyor. Kimselere k\u00fcsk\u00fcn de\u011fildim. Biz b\u00f6yle adamlard\u0131k i\u015fte. Halil, eni\u015fte, Kadir, Beyto, Erol, \u015eakir, Cezmi ve onlarcas\u0131. Eline sopay\u0131 al\u0131nca insaf\u0131 da vicdan\u0131 da kalmayanlar. Ben. Biz ucuz adamlard\u0131k. <\/p>\n","protected":false},"excerpt":{"rendered":"<p>Angutyus\u2019un ba\u015f d\u00f6nd\u00fcr\u00fcc\u00fc maceras\u0131 frene basmadan devam ediyor. \u0130ngiltere\u2019de vitrinin arkas\u0131ndaki hayat\u0131n tam g\u00f6be\u011finde, kavgan\u0131n, tehlikenin, karma\u015fan\u0131n kol gezdi\u011fi sokaklarda tek ba\u015f\u0131na gen\u00e7 bir adam. Yersiz<span class=\"excerpt-hellip\"> [\u2026]<\/span><\/p>\n","protected":false},"featured_media":0,"template":"","meta":{"_monsterinsights_skip_tracking":false,"_monsterinsights_sitenote_active":false,"_monsterinsights_sitenote_note":"","_monsterinsights_sitenote_category":0},"product_brand":[],"product_cat":[12777,12291],"product_tag":[],"class_list":{"0":"post-702286","1":"product","2":"type-product","3":"status-publish","5":"product_cat-deneme","6":"product_cat-edebiyat","7":"pa_tur-kitap","8":"pa_yayinevi-okuyan-us-yayin","9":"pa_yazar-angutyus","11":"first","12":"instock","13":"sale","14":"shipping-taxable","15":"purchasable","16":"product-type-simple"},"_links":{"self":[{"href":"https:\/\/roveyayinevi.com.tr\/index.php\/wp-json\/wp\/v2\/product\/702286","targetHints":{"allow":["GET"]}}],"collection":[{"href":"https:\/\/roveyayinevi.com.tr\/index.php\/wp-json\/wp\/v2\/product"}],"about":[{"href":"https:\/\/roveyayinevi.com.tr\/index.php\/wp-json\/wp\/v2\/types\/product"}],"wp:attachment":[{"href":"https:\/\/roveyayinevi.com.tr\/index.php\/wp-json\/wp\/v2\/media?parent=702286"}],"wp:term":[{"taxonomy":"product_brand","embeddable":true,"href":"https:\/\/roveyayinevi.com.tr\/index.php\/wp-json\/wp\/v2\/product_brand?post=702286"},{"taxonomy":"product_cat","embeddable":true,"href":"https:\/\/roveyayinevi.com.tr\/index.php\/wp-json\/wp\/v2\/product_cat?post=702286"},{"taxonomy":"product_tag","embeddable":true,"href":"https:\/\/roveyayinevi.com.tr\/index.php\/wp-json\/wp\/v2\/product_tag?post=702286"}],"curies":[{"name":"wp","href":"https:\/\/api.w.org\/{rel}","templated":true}]}}