{"id":702285,"date":"2025-08-27T15:15:30","date_gmt":"2025-08-27T12:15:30","guid":{"rendered":"https:\/\/roveyayinevi.com.tr\/index.php\/urun\/hazardan-karadenize-stratejik-bakis\/"},"modified":"2026-04-16T02:11:26","modified_gmt":"2026-04-15T23:11:26","slug":"hazardan-karadenize-stratejik-bakis","status":"publish","type":"product","link":"https:\/\/roveyayinevi.com.tr\/index.php\/urun\/hazardan-karadenize-stratejik-bakis\/","title":{"rendered":"Hazar&#8217;dan Karadeniz&#8217;e Stratejik Bak\u0131\u015f"},"content":{"rendered":"<p>Avrupa ve Asya\u2019n\u0131n Hazar, Akdeniz ve Karadeniz b\u00f6lgelerinin kav\u015fa\u011f\u0131nda yer alan, \u00f6nemli jeostratejik ve jeopolitik konumuna, siyasi ve ekonomik geli\u015fmeler i\u00e7in elveri\u015fli co\u011frafyas\u0131ndan dolay\u0131 s\u00fcrekli d\u00fcnyan\u0131n en n\u00fcfuzlu devletlerinin dikkatini kendine \u00e7eken Kafkasya, yeniden ABD, Rusya, \u0130ran, T\u00fcrkiye ve Bat\u0131 Avrupa devletlerinin menfaatlerinin \u00e7at\u0131\u015ft\u0131\u011f\u0131 bir co\u011frafyaya d\u00f6n\u00fc\u015ft\u00fc. <\/p>\n","protected":false},"excerpt":{"rendered":"<p>Avrupa ve Asya\u2019n\u0131n Hazar, Akdeniz ve Karadeniz b\u00f6lgelerinin kav\u015fa\u011f\u0131nda yer alan, \u00f6nemli jeostratejik ve jeopolitik konumuna, siyasi ve ekonomik geli\u015fmeler i\u00e7in elveri\u015fli co\u011frafyas\u0131ndan dolay\u0131 s\u00fcrekli d\u00fcnyan\u0131n<span class=\"excerpt-hellip\"> [\u2026]<\/span><\/p>\n","protected":false},"featured_media":0,"template":"","meta":{"_monsterinsights_skip_tracking":false,"_monsterinsights_sitenote_active":false,"_monsterinsights_sitenote_note":"","_monsterinsights_sitenote_category":0},"product_brand":[],"product_cat":[13059,12337],"product_tag":[],"class_list":{"0":"post-702285","1":"product","2":"type-product","3":"status-publish","5":"product_cat-diger-politika-siyaset","6":"product_cat-politika-siyaset","7":"pa_tur-kitap","8":"pa_yayinevi-yeditepe-yayinevi","9":"pa_yazar-okan-yesilot","11":"first","12":"instock","13":"sale","14":"shipping-taxable","15":"purchasable","16":"product-type-simple"},"_links":{"self":[{"href":"https:\/\/roveyayinevi.com.tr\/index.php\/wp-json\/wp\/v2\/product\/702285","targetHints":{"allow":["GET"]}}],"collection":[{"href":"https:\/\/roveyayinevi.com.tr\/index.php\/wp-json\/wp\/v2\/product"}],"about":[{"href":"https:\/\/roveyayinevi.com.tr\/index.php\/wp-json\/wp\/v2\/types\/product"}],"wp:attachment":[{"href":"https:\/\/roveyayinevi.com.tr\/index.php\/wp-json\/wp\/v2\/media?parent=702285"}],"wp:term":[{"taxonomy":"product_brand","embeddable":true,"href":"https:\/\/roveyayinevi.com.tr\/index.php\/wp-json\/wp\/v2\/product_brand?post=702285"},{"taxonomy":"product_cat","embeddable":true,"href":"https:\/\/roveyayinevi.com.tr\/index.php\/wp-json\/wp\/v2\/product_cat?post=702285"},{"taxonomy":"product_tag","embeddable":true,"href":"https:\/\/roveyayinevi.com.tr\/index.php\/wp-json\/wp\/v2\/product_tag?post=702285"}],"curies":[{"name":"wp","href":"https:\/\/api.w.org\/{rel}","templated":true}]}}