{"id":702279,"date":"2025-08-27T15:15:29","date_gmt":"2025-08-27T12:15:29","guid":{"rendered":"https:\/\/roveyayinevi.com.tr\/index.php\/urun\/egitim-bilimine-giris\/"},"modified":"2026-04-16T02:11:25","modified_gmt":"2026-04-15T23:11:25","slug":"egitim-bilimine-giris","status":"publish","type":"product","link":"https:\/\/roveyayinevi.com.tr\/index.php\/urun\/egitim-bilimine-giris\/","title":{"rendered":"E\u011fitim Bilimine Giri\u015f"},"content":{"rendered":"<p>\u00d6\u011fretmenlik meslek bilgisi ve beceri alan\u0131na y\u00f6nelik olarak \u00f6\u011fretmen adaylar\u0131na okutulan \u00f6nemli derslerden biri E\u011fitim Bilimine Giri\u015f tir. Bu ders, E\u011fitim bilimleri alan\u0131na y\u00f6nelik temel kuramsal yap\u0131n\u0131n olu\u015fmas\u0131na katk\u0131da bulunan, giri\u015f niteli\u011fi ta\u015f\u0131r. \u00dcniversitelerde bu derste kaynak kitap olarak okutulan ve T\u00fcrk akademisyenler taraf\u0131ndan yaz\u0131lm\u0131\u015f bir \u00e7ok ders kitab\u0131 bulunmas\u0131na ra\u011fmen \u00e7eviri kitap niteli\u011finde herhangi bir kayna\u011fa rastlan\u0131lmam\u0131\u015ft\u0131r. Bu gereksinimden yola \u00e7\u0131karak \u015fu an okumakta oldu\u011funuz bu kitab\u0131n \u00e7evirisine karar verilerek, alana y\u00f6nelik bir ilk ger\u00e7ekle\u015ftirilmi\u015ftir. \ufffcTan\u0131t\u0131m Metni<\/p>\n","protected":false},"excerpt":{"rendered":"<p>\u00d6\u011fretmenlik meslek bilgisi ve beceri alan\u0131na y\u00f6nelik olarak \u00f6\u011fretmen adaylar\u0131na okutulan \u00f6nemli derslerden biri E\u011fitim Bilimine Giri\u015f tir. Bu ders, E\u011fitim bilimleri alan\u0131na y\u00f6nelik temel kuramsal<span class=\"excerpt-hellip\"> [\u2026]<\/span><\/p>\n","protected":false},"featured_media":0,"template":"","meta":{"_monsterinsights_skip_tracking":false,"_monsterinsights_sitenote_active":false,"_monsterinsights_sitenote_note":"","_monsterinsights_sitenote_category":0},"product_brand":[],"product_cat":[15351,15350],"product_tag":[],"class_list":{"0":"post-702279","1":"product","2":"type-product","3":"status-publish","5":"product_cat-ders-kitaplari","6":"product_cat-hukuk","7":"pa_cilt-ciltsiz","8":"pa_tur-kitap","9":"pa_yayinevi-ani-yayincilik","10":"pa_yazar-steve-bartlett","12":"first","13":"instock","14":"sale","15":"shipping-taxable","16":"purchasable","17":"product-type-simple"},"_links":{"self":[{"href":"https:\/\/roveyayinevi.com.tr\/index.php\/wp-json\/wp\/v2\/product\/702279","targetHints":{"allow":["GET"]}}],"collection":[{"href":"https:\/\/roveyayinevi.com.tr\/index.php\/wp-json\/wp\/v2\/product"}],"about":[{"href":"https:\/\/roveyayinevi.com.tr\/index.php\/wp-json\/wp\/v2\/types\/product"}],"wp:attachment":[{"href":"https:\/\/roveyayinevi.com.tr\/index.php\/wp-json\/wp\/v2\/media?parent=702279"}],"wp:term":[{"taxonomy":"product_brand","embeddable":true,"href":"https:\/\/roveyayinevi.com.tr\/index.php\/wp-json\/wp\/v2\/product_brand?post=702279"},{"taxonomy":"product_cat","embeddable":true,"href":"https:\/\/roveyayinevi.com.tr\/index.php\/wp-json\/wp\/v2\/product_cat?post=702279"},{"taxonomy":"product_tag","embeddable":true,"href":"https:\/\/roveyayinevi.com.tr\/index.php\/wp-json\/wp\/v2\/product_tag?post=702279"}],"curies":[{"name":"wp","href":"https:\/\/api.w.org\/{rel}","templated":true}]}}