{"id":702276,"date":"2025-08-27T15:15:28","date_gmt":"2025-08-27T12:15:28","guid":{"rendered":"https:\/\/roveyayinevi.com.tr\/index.php\/urun\/kalonanin-dususu\/"},"modified":"2026-04-16T02:11:25","modified_gmt":"2026-04-15T23:11:25","slug":"kalonanin-dususu","status":"publish","type":"product","link":"https:\/\/roveyayinevi.com.tr\/index.php\/urun\/kalonanin-dususu\/","title":{"rendered":"Kalona&#8217;n\u0131n D\u00fc\u015f\u00fc\u015f\u00fc"},"content":{"rendered":"<p>A\u015fk\u0131n g\u00fcc\u00fc hi\u00e7bir zaman kontrol edilemez.Tanr\u0131\u00e7a taraf\u0131ndan bile.G\u00fcne\u015f ve Ay\u2019dan, kanatl\u0131 iki karde\u015f do\u011far: Oyun arkada\u015f\u0131 ve dost olan alt\u0131n Erebus ile sava\u015f\u00e7\u0131 ve sevgili olan gizemli Kalona. Tanr\u0131\u00e7a Nyx\u2019in yolda\u015flar\u0131.Nyx ilk andan itibaren ikisini de sever ama sevgisi ikisi i\u00e7in de farkl\u0131d\u0131r. Erebus\u2019la sohbet eder, g\u00fcler ve dans eder. Kalona\u2019yla beraberken bedenindeki ate\u015f par\u0131ldar ve onun g\u00fcc\u00fcne s\u0131\u011f\u0131narak rahatlar. Ama Nyx\u2019in geceleri Kalona\u2019ya yetmemektedir. Onunla olmad\u0131\u011f\u0131 her saniye i\u00e7ini \u015f\u00fcphe ve \u00f6zlemle doldurmaktad\u0131r. Karde\u015fine duydu\u011fu k\u0131skan\u00e7l\u0131k ile \u00f6fkeye kendini kapt\u0131ran, Tanr\u0131\u00e7as\u0131na duydu\u011fu a\u015fkla kavrulan Kalona kendini ispat etmek ve Nyx\u2019in sonsuza kadar ona ait oldu\u011funu kan\u0131tlamak i\u00e7in gereken g\u00fcc\u00fcn pe\u015fine d\u00fc\u015fecektir.Ve Karanl\u0131k, onu reddetmeyecek bir kalbi kap\u0131 olarak kullanmak i\u00e7in beklemektedir. Tanr\u0131\u00e7a taraf\u0131ndan bile. <\/p>\n","protected":false},"excerpt":{"rendered":"<p>A\u015fk\u0131n g\u00fcc\u00fc hi\u00e7bir zaman kontrol edilemez.Tanr\u0131\u00e7a taraf\u0131ndan bile.G\u00fcne\u015f ve Ay\u2019dan, kanatl\u0131 iki karde\u015f do\u011far: Oyun arkada\u015f\u0131 ve dost olan alt\u0131n Erebus ile sava\u015f\u00e7\u0131 ve sevgili olan<span class=\"excerpt-hellip\"> [\u2026]<\/span><\/p>\n","protected":false},"featured_media":0,"template":"","meta":{"_monsterinsights_skip_tracking":false,"_monsterinsights_sitenote_active":false,"_monsterinsights_sitenote_note":"","_monsterinsights_sitenote_category":0},"product_brand":[],"product_cat":[12291,17033],"product_tag":[],"class_list":{"0":"post-702276","1":"product","2":"type-product","3":"status-publish","5":"product_cat-edebiyat","6":"product_cat-korku-gerilim","7":"pa_cilt-ciltsiz","8":"pa_tur-kitap","9":"pa_yayinevi-pegasus-yayinlari","10":"pa_yazar-kristin-cast","12":"first","13":"instock","14":"sale","15":"shipping-taxable","16":"purchasable","17":"product-type-simple"},"_links":{"self":[{"href":"https:\/\/roveyayinevi.com.tr\/index.php\/wp-json\/wp\/v2\/product\/702276","targetHints":{"allow":["GET"]}}],"collection":[{"href":"https:\/\/roveyayinevi.com.tr\/index.php\/wp-json\/wp\/v2\/product"}],"about":[{"href":"https:\/\/roveyayinevi.com.tr\/index.php\/wp-json\/wp\/v2\/types\/product"}],"wp:attachment":[{"href":"https:\/\/roveyayinevi.com.tr\/index.php\/wp-json\/wp\/v2\/media?parent=702276"}],"wp:term":[{"taxonomy":"product_brand","embeddable":true,"href":"https:\/\/roveyayinevi.com.tr\/index.php\/wp-json\/wp\/v2\/product_brand?post=702276"},{"taxonomy":"product_cat","embeddable":true,"href":"https:\/\/roveyayinevi.com.tr\/index.php\/wp-json\/wp\/v2\/product_cat?post=702276"},{"taxonomy":"product_tag","embeddable":true,"href":"https:\/\/roveyayinevi.com.tr\/index.php\/wp-json\/wp\/v2\/product_tag?post=702276"}],"curies":[{"name":"wp","href":"https:\/\/api.w.org\/{rel}","templated":true}]}}