{"id":702275,"date":"2025-08-27T15:15:27","date_gmt":"2025-08-27T12:15:27","guid":{"rendered":"https:\/\/roveyayinevi.com.tr\/index.php\/urun\/anayasal-butce-reformunun-esaslari\/"},"modified":"2026-04-16T02:11:25","modified_gmt":"2026-04-15T23:11:25","slug":"anayasal-butce-reformunun-esaslari","status":"publish","type":"product","link":"https:\/\/roveyayinevi.com.tr\/index.php\/urun\/anayasal-butce-reformunun-esaslari\/","title":{"rendered":"Anayasal B\u00fct\u00e7e Reformunun Esaslar\u0131"},"content":{"rendered":"<p>1998 y\u0131l\u0131 Milliyet Ekonomi dal\u0131nda birincilik \u00f6d\u00fcl\u00fc alan bu \u00e7al\u0131\u015fma, ciddi anlamda ekonomik bir \u00e7al\u0131\u015fman\u0131n \u00fcr\u00fcn\u00fcd\u00fcr. Yakla\u015f\u0131k 1 y\u0131ll\u0131k d\u00f6nem i\u00e7erisinde \u00e7al\u0131\u015fma yay\u0131n hakk\u0131n\u0131n gazetenin elinde bulundurmas\u0131 dolay\u0131s\u0131yla bast\u0131r\u0131lamam\u0131\u015ft\u0131r. Akademik olarak y\u00fcksek lisans ve doktora seviyesinde kaynak niteli\u011fi ta\u015f\u0131yan bilgilerin, konuyla ilgili olanlar\u0131n dikkatine sunulmak amac\u0131yla bas\u0131l\u0131 eser haline getirilmesi kendi ko\u015fullar\u0131m\u0131z\u0131 zorlayarak olmu\u015ftur.Ara\u015ft\u0131rmada temel olarak kamu ekonomisinin geni\u015flemesi ve bu geni\u015flemenin ortaya \u00e7\u0131kard\u0131\u011f\u0131 ekonomik ve siyasal sorunlar tart\u0131\u015f\u0131lm\u0131\u015ft\u0131r. Bu tart\u0131\u015fman\u0131n \u0131\u015f\u0131\u011f\u0131nda mali disiplinin sa\u011flanmas\u0131na y\u00f6nelik tart\u0131\u015fmalara yer verilmi\u015ftir. Bu yakla\u015f\u0131mlar i\u00e7erisinde bilhassa Kamu Tercihi ve Anayasal \u0130ktisat yakla\u015f\u0131m\u0131 \u00e7er\u00e7evesinde konu irdelenmi\u015ftir. <\/p>\n","protected":false},"excerpt":{"rendered":"<p>1998 y\u0131l\u0131 Milliyet Ekonomi dal\u0131nda birincilik \u00f6d\u00fcl\u00fc alan bu \u00e7al\u0131\u015fma, ciddi anlamda ekonomik bir \u00e7al\u0131\u015fman\u0131n \u00fcr\u00fcn\u00fcd\u00fcr. Yakla\u015f\u0131k 1 y\u0131ll\u0131k d\u00f6nem i\u00e7erisinde \u00e7al\u0131\u015fma yay\u0131n hakk\u0131n\u0131n gazetenin elinde<span class=\"excerpt-hellip\"> [\u2026]<\/span><\/p>\n","protected":false},"featured_media":0,"template":"","meta":{"_monsterinsights_skip_tracking":false,"_monsterinsights_sitenote_active":false,"_monsterinsights_sitenote_note":"","_monsterinsights_sitenote_category":0},"product_brand":[],"product_cat":[12573,12566],"product_tag":[],"class_list":{"0":"post-702275","1":"product","2":"type-product","3":"status-publish","5":"product_cat-akademik-kitaplar","6":"product_cat-egitim","7":"pa_cilt-ciltsiz","8":"pa_tur-kitap","9":"pa_yayinevi-gazi-kitabevi","10":"pa_yazar-mustafa-sakal","12":"first","13":"instock","14":"sale","15":"shipping-taxable","16":"purchasable","17":"product-type-simple"},"_links":{"self":[{"href":"https:\/\/roveyayinevi.com.tr\/index.php\/wp-json\/wp\/v2\/product\/702275","targetHints":{"allow":["GET"]}}],"collection":[{"href":"https:\/\/roveyayinevi.com.tr\/index.php\/wp-json\/wp\/v2\/product"}],"about":[{"href":"https:\/\/roveyayinevi.com.tr\/index.php\/wp-json\/wp\/v2\/types\/product"}],"wp:attachment":[{"href":"https:\/\/roveyayinevi.com.tr\/index.php\/wp-json\/wp\/v2\/media?parent=702275"}],"wp:term":[{"taxonomy":"product_brand","embeddable":true,"href":"https:\/\/roveyayinevi.com.tr\/index.php\/wp-json\/wp\/v2\/product_brand?post=702275"},{"taxonomy":"product_cat","embeddable":true,"href":"https:\/\/roveyayinevi.com.tr\/index.php\/wp-json\/wp\/v2\/product_cat?post=702275"},{"taxonomy":"product_tag","embeddable":true,"href":"https:\/\/roveyayinevi.com.tr\/index.php\/wp-json\/wp\/v2\/product_tag?post=702275"}],"curies":[{"name":"wp","href":"https:\/\/api.w.org\/{rel}","templated":true}]}}