{"id":702274,"date":"2025-08-27T15:15:27","date_gmt":"2025-08-27T12:15:27","guid":{"rendered":"https:\/\/roveyayinevi.com.tr\/index.php\/urun\/kucuk-burjuvalar\/"},"modified":"2026-04-16T02:11:25","modified_gmt":"2026-04-15T23:11:25","slug":"kucuk-burjuvalar","status":"publish","type":"product","link":"https:\/\/roveyayinevi.com.tr\/index.php\/urun\/kucuk-burjuvalar\/","title":{"rendered":"K\u00fc\u00e7\u00fck Burjuvalar"},"content":{"rendered":"<p>19. y\u00fczy\u0131l klasik Rus edebiyat\u0131 gelene\u011fini \u00f6nc\u00fcllerinden devralan Maksim Gorki, sosyalist ger\u00e7ek\u00e7i yakla\u015f\u0131m\u0131n \u00f6nc\u00fcs\u00fc olarak Sovyet edebiyat\u0131nda yeni ufuklar a\u00e7m\u0131\u015ft\u0131r. 20. y\u00fczy\u0131l ba\u015flar\u0131nda Anton \u00c7ehov\u2019un etkisi alt\u0131na girmi\u015f; onun sayesinde Moskova Sanat Tiyatrosu\u2019nun iki \u00f6nemli \u015fahsiyeti Konstantin Stanislavski ve Vladimir Nemirovi\u00e7-Dan\u00e7enko ile tan\u0131\u015fm\u0131\u015ft\u0131r. Gorki\u2019nin tiyatro alan\u0131na ilk ad\u0131m at\u0131\u015f\u0131 da Moskova Sanat Tiyatrosu i\u00e7in yazd\u0131\u011f\u0131 K\u00fc\u00e7\u00fck Burjuvalar ile olur.<\/p>\n","protected":false},"excerpt":{"rendered":"<p>19. y\u00fczy\u0131l klasik Rus edebiyat\u0131 gelene\u011fini \u00f6nc\u00fcllerinden devralan Maksim Gorki, sosyalist ger\u00e7ek\u00e7i yakla\u015f\u0131m\u0131n \u00f6nc\u00fcs\u00fc olarak Sovyet edebiyat\u0131nda yeni ufuklar a\u00e7m\u0131\u015ft\u0131r. 20. y\u00fczy\u0131l ba\u015flar\u0131nda Anton \u00c7ehov\u2019un etkisi<span class=\"excerpt-hellip\"> [\u2026]<\/span><\/p>\n","protected":false},"featured_media":0,"template":"","meta":{"_monsterinsights_skip_tracking":false,"_monsterinsights_sitenote_active":false,"_monsterinsights_sitenote_note":"","_monsterinsights_sitenote_category":0},"product_brand":[],"product_cat":[12291,13570],"product_tag":[],"class_list":{"0":"post-702274","1":"product","2":"type-product","3":"status-publish","5":"product_cat-edebiyat","6":"product_cat-rus-edebiyati","7":"pa_cilt-ciltsiz","8":"pa_tur-kitap","9":"pa_yayinevi-is-bankasi-kultur-yayinlari","10":"pa_yazar-maksim-gorki","12":"first","13":"instock","14":"sale","15":"shipping-taxable","16":"purchasable","17":"product-type-simple"},"_links":{"self":[{"href":"https:\/\/roveyayinevi.com.tr\/index.php\/wp-json\/wp\/v2\/product\/702274","targetHints":{"allow":["GET"]}}],"collection":[{"href":"https:\/\/roveyayinevi.com.tr\/index.php\/wp-json\/wp\/v2\/product"}],"about":[{"href":"https:\/\/roveyayinevi.com.tr\/index.php\/wp-json\/wp\/v2\/types\/product"}],"wp:attachment":[{"href":"https:\/\/roveyayinevi.com.tr\/index.php\/wp-json\/wp\/v2\/media?parent=702274"}],"wp:term":[{"taxonomy":"product_brand","embeddable":true,"href":"https:\/\/roveyayinevi.com.tr\/index.php\/wp-json\/wp\/v2\/product_brand?post=702274"},{"taxonomy":"product_cat","embeddable":true,"href":"https:\/\/roveyayinevi.com.tr\/index.php\/wp-json\/wp\/v2\/product_cat?post=702274"},{"taxonomy":"product_tag","embeddable":true,"href":"https:\/\/roveyayinevi.com.tr\/index.php\/wp-json\/wp\/v2\/product_tag?post=702274"}],"curies":[{"name":"wp","href":"https:\/\/api.w.org\/{rel}","templated":true}]}}