{"id":702259,"date":"2025-08-27T15:15:23","date_gmt":"2025-08-27T12:15:23","guid":{"rendered":"https:\/\/roveyayinevi.com.tr\/index.php\/urun\/genel-muhasebe-teori-ve-uygulama\/"},"modified":"2025-11-13T03:23:33","modified_gmt":"2025-11-13T00:23:33","slug":"genel-muhasebe-teori-ve-uygulama","status":"publish","type":"product","link":"https:\/\/roveyayinevi.com.tr\/index.php\/urun\/genel-muhasebe-teori-ve-uygulama\/","title":{"rendered":"Genel Muhasebe Teori ve Uygulama"},"content":{"rendered":"<p>Bu \u00e7al\u0131\u015fmada Genel Muhasebe&#8217;ye ili\u015fkin teori ve uygulamalar, tekd\u00fczen Hesap Plan \u00e7er\u00e7evesinde verilmeye \u00e7al\u0131\u015f\u0131ld\u0131. Hesap Plan\u0131 olarak, Maliye Bakanl\u0131\u011f\u0131nca ilan edilen Tekd\u00fczen Hesap \u00c7er\u00e7evesi esas al\u0131nd\u0131. Bu \u00e7er\u00e7eveye alt hesaplar yerle\u015ftirilmedi, ancak muhasebe kay\u0131tlar\u0131nda kullan\u0131labilir alt hesaplar kod numaralar\u0131 konulmaks\u0131z\u0131n \u00f6rnek olarak verildi. <\/p>\n","protected":false},"excerpt":{"rendered":"<p>Bu \u00e7al\u0131\u015fmada Genel Muhasebe&#8217;ye ili\u015fkin teori ve uygulamalar, tekd\u00fczen Hesap Plan \u00e7er\u00e7evesinde verilmeye \u00e7al\u0131\u015f\u0131ld\u0131. Hesap Plan\u0131 olarak, Maliye Bakanl\u0131\u011f\u0131nca ilan edilen Tekd\u00fczen Hesap \u00c7er\u00e7evesi esas al\u0131nd\u0131.<span class=\"excerpt-hellip\"> [\u2026]<\/span><\/p>\n","protected":false},"featured_media":0,"template":"","meta":{"_monsterinsights_skip_tracking":false,"_monsterinsights_sitenote_active":false,"_monsterinsights_sitenote_note":"","_monsterinsights_sitenote_category":0},"product_brand":[],"product_cat":[12573,12566],"product_tag":[],"class_list":{"0":"post-702259","1":"product","2":"type-product","3":"status-publish","5":"product_cat-akademik-kitaplar","6":"product_cat-egitim","7":"pa_cilt-ciltsiz","8":"pa_tur-kitap","9":"pa_yayinevi-gazi-kitabevi","10":"pa_yazar-ertugrul-cetiner","12":"first","13":"instock","14":"sale","15":"shipping-taxable","16":"purchasable","17":"product-type-simple"},"_links":{"self":[{"href":"https:\/\/roveyayinevi.com.tr\/index.php\/wp-json\/wp\/v2\/product\/702259","targetHints":{"allow":["GET"]}}],"collection":[{"href":"https:\/\/roveyayinevi.com.tr\/index.php\/wp-json\/wp\/v2\/product"}],"about":[{"href":"https:\/\/roveyayinevi.com.tr\/index.php\/wp-json\/wp\/v2\/types\/product"}],"wp:attachment":[{"href":"https:\/\/roveyayinevi.com.tr\/index.php\/wp-json\/wp\/v2\/media?parent=702259"}],"wp:term":[{"taxonomy":"product_brand","embeddable":true,"href":"https:\/\/roveyayinevi.com.tr\/index.php\/wp-json\/wp\/v2\/product_brand?post=702259"},{"taxonomy":"product_cat","embeddable":true,"href":"https:\/\/roveyayinevi.com.tr\/index.php\/wp-json\/wp\/v2\/product_cat?post=702259"},{"taxonomy":"product_tag","embeddable":true,"href":"https:\/\/roveyayinevi.com.tr\/index.php\/wp-json\/wp\/v2\/product_tag?post=702259"}],"curies":[{"name":"wp","href":"https:\/\/api.w.org\/{rel}","templated":true}]}}