{"id":702258,"date":"2025-08-27T15:15:22","date_gmt":"2025-08-27T12:15:22","guid":{"rendered":"https:\/\/roveyayinevi.com.tr\/index.php\/urun\/gelisim-icin-egitim\/"},"modified":"2026-04-16T02:11:25","modified_gmt":"2026-04-15T23:11:25","slug":"gelisim-icin-egitim","status":"publish","type":"product","link":"https:\/\/roveyayinevi.com.tr\/index.php\/urun\/gelisim-icin-egitim\/","title":{"rendered":"Geli\u015fim \u0130\u00e7in E\u011fitim"},"content":{"rendered":"<p>Bu kitap, D\u00fcnya Bankas\u0131 analizlerine ve ara\u015ft\u0131rmalar\u0131na ve e\u011fitim yat\u0131r\u0131m planlamalar\u0131 \u00fczerine geni\u015f alan yaz\u0131na dikkat \u00e7ekmektedir. Dersler D\u00fcnya Bankas\u0131n\u0131n e\u011fitim projeleri ile ilgili deneyimlerinden \u00e7ekilmi\u015f olsa bile, kitap \u00f6ncelikli olarak projelerin detayl\u0131 haz\u0131rlanmas\u0131, tasarlanmas\u0131, ger\u00e7ekle\u015ftirilmesi veya de\u011ferlendirilmesi ile ilgilenmez. Daha \u00e7ok e\u011fitim yat\u0131r\u0131m analizleri meseleleri ile ilgilidir. <\/p>\n","protected":false},"excerpt":{"rendered":"<p>Bu kitap, D\u00fcnya Bankas\u0131 analizlerine ve ara\u015ft\u0131rmalar\u0131na ve e\u011fitim yat\u0131r\u0131m planlamalar\u0131 \u00fczerine geni\u015f alan yaz\u0131na dikkat \u00e7ekmektedir. Dersler D\u00fcnya Bankas\u0131n\u0131n e\u011fitim projeleri ile ilgili deneyimlerinden \u00e7ekilmi\u015f<span class=\"excerpt-hellip\"> [\u2026]<\/span><\/p>\n","protected":false},"featured_media":0,"template":"","meta":{"_monsterinsights_skip_tracking":false,"_monsterinsights_sitenote_active":false,"_monsterinsights_sitenote_note":"","_monsterinsights_sitenote_category":0},"product_brand":[],"product_cat":[12573,12566],"product_tag":[],"class_list":{"0":"post-702258","1":"product","2":"type-product","3":"status-publish","5":"product_cat-akademik-kitaplar","6":"product_cat-egitim","7":"pa_cilt-ciltsiz","8":"pa_tur-kitap","9":"pa_yayinevi-gazi-kitabevi","10":"pa_yazar-senay-nartgun","12":"first","13":"instock","14":"sale","15":"shipping-taxable","16":"purchasable","17":"product-type-simple"},"_links":{"self":[{"href":"https:\/\/roveyayinevi.com.tr\/index.php\/wp-json\/wp\/v2\/product\/702258","targetHints":{"allow":["GET"]}}],"collection":[{"href":"https:\/\/roveyayinevi.com.tr\/index.php\/wp-json\/wp\/v2\/product"}],"about":[{"href":"https:\/\/roveyayinevi.com.tr\/index.php\/wp-json\/wp\/v2\/types\/product"}],"wp:attachment":[{"href":"https:\/\/roveyayinevi.com.tr\/index.php\/wp-json\/wp\/v2\/media?parent=702258"}],"wp:term":[{"taxonomy":"product_brand","embeddable":true,"href":"https:\/\/roveyayinevi.com.tr\/index.php\/wp-json\/wp\/v2\/product_brand?post=702258"},{"taxonomy":"product_cat","embeddable":true,"href":"https:\/\/roveyayinevi.com.tr\/index.php\/wp-json\/wp\/v2\/product_cat?post=702258"},{"taxonomy":"product_tag","embeddable":true,"href":"https:\/\/roveyayinevi.com.tr\/index.php\/wp-json\/wp\/v2\/product_tag?post=702258"}],"curies":[{"name":"wp","href":"https:\/\/api.w.org\/{rel}","templated":true}]}}