{"id":702257,"date":"2025-08-27T15:15:22","date_gmt":"2025-08-27T12:15:22","guid":{"rendered":"https:\/\/roveyayinevi.com.tr\/index.php\/urun\/ekonominin-temel-ilkeleri\/"},"modified":"2026-04-16T02:11:25","modified_gmt":"2026-04-15T23:11:25","slug":"ekonominin-temel-ilkeleri","status":"publish","type":"product","link":"https:\/\/roveyayinevi.com.tr\/index.php\/urun\/ekonominin-temel-ilkeleri\/","title":{"rendered":"Ekonominin Temel \u0130lkeleri"},"content":{"rendered":"<p>Ekonominin Temel \u0130lkeleri&#8221; ba\u015fl\u0131\u011f\u0131 alt\u0131nda haz\u0131rlanm\u0131\u015f olan bu \u00e7al\u0131\u015fma, kapsam y\u00f6n\u00fcnden ekonomi bilimi sistemati\u011fini genel bir bak\u0131\u015fla inceleme amac\u0131 g\u00fctmektedir.\u00c7al\u0131\u015fma, akademisyenlik ya\u015fam\u0131m\u0131n b\u00fcy\u00fck b\u00f6l\u00fcm\u00fcn\u00fc ge\u00e7irdi\u011fim Dokuz Eyl\u00fcl \u00dcniversitesi &#8211; M\u00fchendislik Fak\u00fcltesi&#8217;nin de\u011ferli \u00f6\u011frencilerine (\u00f6zellikle uzun y\u0131llar y\u00f6neticisi olmak k\u0131vanc\u0131n\u0131 duydu\u011fum End\u00fcstri M\u00fchendisli\u011fi B\u00f6l\u00fcm\u00fc \u00f6\u011frencilerine) Ekonomi bilgisi ve formasyonu kazand\u0131rma \u00e7abalar\u0131m\u0131n bir \u00fcr\u00fcn\u00fcd\u00fcr.Eserin ilk d\u00f6rt b\u00f6l\u00fcm\u00fc Mikroekonomi konular\u0131na ayr\u0131lm\u0131\u015ft\u0131r. Burada \u00f6nce temel ekonomik kavramlar ve temel ekonomik sorunlar a\u00e7\u0131klanm\u0131\u015ft\u0131r. Daha sonra Ekonomik Sistemler, T\u00fcketim Teorisi, \u00dcretim ve Maliyet Teorisi ve farkl\u0131 Piyasa Modellerinde Piyasa ve Firma Dengeleri incelenmi\u015ftir.Be\u015finci b\u00f6l\u00fcm\u00fcn konusunu Makroekonomik Kavramlar ve Milli Gelir Denge Analizleri olu\u015fturmaktad\u0131r. Bu b\u00f6l\u00fcmde denge analizleri \u00d6nce reel ekonomi boyutunda ele al\u0131nm\u0131\u015ft\u0131r. Daha sonra Keynesgil analizlere ge\u00e7ilerek genel dengenin moneter boyutlar\u0131 \u00e7al\u0131\u015fmaya dahil edilmi\u015ftir. Nihayet Para Piyasas\u0131nda ve Mallar Piyasas\u0131nda E\u015fanh Dengenin, yani Milli Gelir Genel Dengesinin nas\u0131l olu\u015ftu\u011fu incelenmi\u015ftir. <\/p>\n","protected":false},"excerpt":{"rendered":"<p>Ekonominin Temel \u0130lkeleri&#8221; ba\u015fl\u0131\u011f\u0131 alt\u0131nda haz\u0131rlanm\u0131\u015f olan bu \u00e7al\u0131\u015fma, kapsam y\u00f6n\u00fcnden ekonomi bilimi sistemati\u011fini genel bir bak\u0131\u015fla inceleme amac\u0131 g\u00fctmektedir.\u00c7al\u0131\u015fma, akademisyenlik ya\u015fam\u0131m\u0131n b\u00fcy\u00fck b\u00f6l\u00fcm\u00fcn\u00fc ge\u00e7irdi\u011fim Dokuz<span class=\"excerpt-hellip\"> [\u2026]<\/span><\/p>\n","protected":false},"featured_media":0,"template":"","meta":{"_monsterinsights_skip_tracking":false,"_monsterinsights_sitenote_active":false,"_monsterinsights_sitenote_note":"","_monsterinsights_sitenote_category":0},"product_brand":[],"product_cat":[12573,12566],"product_tag":[],"class_list":{"0":"post-702257","1":"product","2":"type-product","3":"status-publish","5":"product_cat-akademik-kitaplar","6":"product_cat-egitim","7":"pa_cilt-ciltsiz","8":"pa_tur-kitap","9":"pa_yayinevi-gazi-kitabevi","10":"pa_yazar-hasan-eski","12":"first","13":"instock","14":"sale","15":"shipping-taxable","16":"purchasable","17":"product-type-simple"},"_links":{"self":[{"href":"https:\/\/roveyayinevi.com.tr\/index.php\/wp-json\/wp\/v2\/product\/702257","targetHints":{"allow":["GET"]}}],"collection":[{"href":"https:\/\/roveyayinevi.com.tr\/index.php\/wp-json\/wp\/v2\/product"}],"about":[{"href":"https:\/\/roveyayinevi.com.tr\/index.php\/wp-json\/wp\/v2\/types\/product"}],"wp:attachment":[{"href":"https:\/\/roveyayinevi.com.tr\/index.php\/wp-json\/wp\/v2\/media?parent=702257"}],"wp:term":[{"taxonomy":"product_brand","embeddable":true,"href":"https:\/\/roveyayinevi.com.tr\/index.php\/wp-json\/wp\/v2\/product_brand?post=702257"},{"taxonomy":"product_cat","embeddable":true,"href":"https:\/\/roveyayinevi.com.tr\/index.php\/wp-json\/wp\/v2\/product_cat?post=702257"},{"taxonomy":"product_tag","embeddable":true,"href":"https:\/\/roveyayinevi.com.tr\/index.php\/wp-json\/wp\/v2\/product_tag?post=702257"}],"curies":[{"name":"wp","href":"https:\/\/api.w.org\/{rel}","templated":true}]}}