{"id":702254,"date":"2025-08-27T15:15:21","date_gmt":"2025-08-27T12:15:21","guid":{"rendered":"https:\/\/roveyayinevi.com.tr\/index.php\/urun\/kuresellesmenin-ekonomi-politigi\/"},"modified":"2026-03-09T02:14:51","modified_gmt":"2026-03-08T23:14:51","slug":"kuresellesmenin-ekonomi-politigi","status":"publish","type":"product","link":"https:\/\/roveyayinevi.com.tr\/index.php\/urun\/kuresellesmenin-ekonomi-politigi\/","title":{"rendered":"K\u00fcreselle\u015fmenin Ekonomi-Politi\u011fi"},"content":{"rendered":"<p>D\u00fcnya ekonomisinin \u00f6zellikle 1980&#8217;den sonra neoliberal politikalar ekseninde ya\u015fad\u0131\u011f\u0131 temel d\u00f6n\u00fc\u015f\u00fcmlerle birlikte girmi\u015f oldu\u011fu de\u011fi\u015fim ve d\u00f6n\u00fc\u015f\u00fcm s\u00fcreci genel kan\u0131ya g\u00f6re k\u00fcreselle\u015fme olarak adland\u0131r\u0131lmaktad\u0131r. Son y\u0131llarda ya\u015fanan her t\u00fcrl\u00fc de\u011fi\u015fim ve d\u00f6n\u00fc\u015f\u00fcm\u00fc a\u00e7\u0131klamak i\u00e7in &#8220;k\u00fcreselle\u015fme&#8221; kavram\u0131na ba\u015fvurmak adeta moda haline gelmekle birlikte, konuyla ilgili olarak olduk\u00e7a geni\u015f bir akademik literat\u00fcr ortaya \u00e7\u0131km\u0131\u015ft\u0131r. Bu s\u00fcre\u00e7, \u00fcretim ili\u015fkilerinin yap\u0131sal d\u00f6n\u00fc\u015f\u00fcm\u00fcne ba\u011fl\u0131 olarak k\u00fcresel konjokt\u00fcr\u00fcn bir gere\u011fi ve sonucu olarak ortaya \u00e7\u0131km\u0131\u015f, uluslar aras\u0131 sermayenin merkezden \u00e7evreye yay\u0131lmas\u0131yla bug\u00fcnk\u00fc a\u015famas\u0131na gelmi\u015ftir&#8230; So\u011fuk sava\u015f\u0131n biti\u015fi, ileti\u015fim tknolojilerindeki muazzam geli\u015fmeler, fiziki mekan ve s\u0131n\u0131rlar\u0131n anlam\u0131n\u0131 yitirmesi, uluslararas\u0131 yat\u0131r\u0131mlardaki art\u0131\u015flar vb. geli\u015fmeler s\u00fcrecin temel kurgusunu olu\u015fturmu\u015ftur. <\/p>\n","protected":false},"excerpt":{"rendered":"<p>D\u00fcnya ekonomisinin \u00f6zellikle 1980&#8217;den sonra neoliberal politikalar ekseninde ya\u015fad\u0131\u011f\u0131 temel d\u00f6n\u00fc\u015f\u00fcmlerle birlikte girmi\u015f oldu\u011fu de\u011fi\u015fim ve d\u00f6n\u00fc\u015f\u00fcm s\u00fcreci genel kan\u0131ya g\u00f6re k\u00fcreselle\u015fme olarak adland\u0131r\u0131lmaktad\u0131r. Son y\u0131llarda<span class=\"excerpt-hellip\"> [\u2026]<\/span><\/p>\n","protected":false},"featured_media":0,"template":"","meta":{"_monsterinsights_skip_tracking":false,"_monsterinsights_sitenote_active":false,"_monsterinsights_sitenote_note":"","_monsterinsights_sitenote_category":0},"product_brand":[],"product_cat":[12573,12566],"product_tag":[],"class_list":{"0":"post-702254","1":"product","2":"type-product","3":"status-publish","5":"product_cat-akademik-kitaplar","6":"product_cat-egitim","7":"pa_cilt-ciltsiz","8":"pa_tur-kitap","9":"pa_yayinevi-gazi-kitabevi","10":"pa_yazar-mehmet-dikkaya","12":"first","13":"instock","14":"sale","15":"shipping-taxable","16":"purchasable","17":"product-type-simple"},"_links":{"self":[{"href":"https:\/\/roveyayinevi.com.tr\/index.php\/wp-json\/wp\/v2\/product\/702254","targetHints":{"allow":["GET"]}}],"collection":[{"href":"https:\/\/roveyayinevi.com.tr\/index.php\/wp-json\/wp\/v2\/product"}],"about":[{"href":"https:\/\/roveyayinevi.com.tr\/index.php\/wp-json\/wp\/v2\/types\/product"}],"wp:attachment":[{"href":"https:\/\/roveyayinevi.com.tr\/index.php\/wp-json\/wp\/v2\/media?parent=702254"}],"wp:term":[{"taxonomy":"product_brand","embeddable":true,"href":"https:\/\/roveyayinevi.com.tr\/index.php\/wp-json\/wp\/v2\/product_brand?post=702254"},{"taxonomy":"product_cat","embeddable":true,"href":"https:\/\/roveyayinevi.com.tr\/index.php\/wp-json\/wp\/v2\/product_cat?post=702254"},{"taxonomy":"product_tag","embeddable":true,"href":"https:\/\/roveyayinevi.com.tr\/index.php\/wp-json\/wp\/v2\/product_tag?post=702254"}],"curies":[{"name":"wp","href":"https:\/\/api.w.org\/{rel}","templated":true}]}}