{"id":702253,"date":"2025-08-27T15:15:21","date_gmt":"2025-08-27T12:15:21","guid":{"rendered":"https:\/\/roveyayinevi.com.tr\/index.php\/urun\/kurumsal-kaynak-planlamasi\/"},"modified":"2026-04-16T02:11:25","modified_gmt":"2026-04-15T23:11:25","slug":"kurumsal-kaynak-planlamasi","status":"publish","type":"product","link":"https:\/\/roveyayinevi.com.tr\/index.php\/urun\/kurumsal-kaynak-planlamasi\/","title":{"rendered":"Kurumsal Kaynak Planlamas\u0131"},"content":{"rendered":"<p>Kurumsal Kaynak Planlamas\u0131, i\u015fletmelerde mal ve hizmet \u00fcretimi i\u00e7in gereken i\u015fg\u00fcc\u00fc, makine, malzeme gibi kaynaklar\u0131n verimli bir \u015fekilde kullan\u0131lmas\u0131n\u0131 sa\u011flayan entegre y\u00f6netim sistemleridir. Kurumsal Kaynak Planlamas\u0131, i\u015fletmenin t\u00fcm fonksiyonlar\u0131n\u0131 b\u00fct\u00fcnle\u015ftirip, kaynaklar\u0131n verimli olarak kullan\u0131lmas\u0131 i\u00e7in tasarlanm\u0131\u015f sistemler olarak hem \u00fcretim i\u015fletmelerinde hem de vak\u0131flar, devlet kurumlar\u0131 gibi k\u00e2r amac\u0131 g\u00fctmeyen kurulu\u015flarda geni\u015f kullan\u0131m alan\u0131 bulunmaktad\u0131r. <\/p>\n","protected":false},"excerpt":{"rendered":"<p>Kurumsal Kaynak Planlamas\u0131, i\u015fletmelerde mal ve hizmet \u00fcretimi i\u00e7in gereken i\u015fg\u00fcc\u00fc, makine, malzeme gibi kaynaklar\u0131n verimli bir \u015fekilde kullan\u0131lmas\u0131n\u0131 sa\u011flayan entegre y\u00f6netim sistemleridir. Kurumsal Kaynak Planlamas\u0131,<span class=\"excerpt-hellip\"> [\u2026]<\/span><\/p>\n","protected":false},"featured_media":0,"template":"","meta":{"_monsterinsights_skip_tracking":false,"_monsterinsights_sitenote_active":false,"_monsterinsights_sitenote_note":"","_monsterinsights_sitenote_category":0},"product_brand":[],"product_cat":[12573,12566],"product_tag":[],"class_list":{"0":"post-702253","1":"product","2":"type-product","3":"status-publish","5":"product_cat-akademik-kitaplar","6":"product_cat-egitim","7":"pa_cilt-ciltsiz","8":"pa_tur-kitap","9":"pa_yayinevi-gazi-kitabevi","10":"pa_yazar-rafet-aktas","12":"first","13":"instock","14":"sale","15":"shipping-taxable","16":"purchasable","17":"product-type-simple"},"_links":{"self":[{"href":"https:\/\/roveyayinevi.com.tr\/index.php\/wp-json\/wp\/v2\/product\/702253","targetHints":{"allow":["GET"]}}],"collection":[{"href":"https:\/\/roveyayinevi.com.tr\/index.php\/wp-json\/wp\/v2\/product"}],"about":[{"href":"https:\/\/roveyayinevi.com.tr\/index.php\/wp-json\/wp\/v2\/types\/product"}],"wp:attachment":[{"href":"https:\/\/roveyayinevi.com.tr\/index.php\/wp-json\/wp\/v2\/media?parent=702253"}],"wp:term":[{"taxonomy":"product_brand","embeddable":true,"href":"https:\/\/roveyayinevi.com.tr\/index.php\/wp-json\/wp\/v2\/product_brand?post=702253"},{"taxonomy":"product_cat","embeddable":true,"href":"https:\/\/roveyayinevi.com.tr\/index.php\/wp-json\/wp\/v2\/product_cat?post=702253"},{"taxonomy":"product_tag","embeddable":true,"href":"https:\/\/roveyayinevi.com.tr\/index.php\/wp-json\/wp\/v2\/product_tag?post=702253"}],"curies":[{"name":"wp","href":"https:\/\/api.w.org\/{rel}","templated":true}]}}