{"id":702252,"date":"2025-08-27T15:15:21","date_gmt":"2025-08-27T12:15:21","guid":{"rendered":"https:\/\/roveyayinevi.com.tr\/index.php\/urun\/kurumlarda-kullanilan-zemin-ve-duvar-kaplama-malzemeleri\/"},"modified":"2026-04-16T02:11:25","modified_gmt":"2026-04-15T23:11:25","slug":"kurumlarda-kullanilan-zemin-ve-duvar-kaplama-malzemeleri","status":"publish","type":"product","link":"https:\/\/roveyayinevi.com.tr\/index.php\/urun\/kurumlarda-kullanilan-zemin-ve-duvar-kaplama-malzemeleri\/","title":{"rendered":"Kurumlarda Kullan\u0131lan Zemin ve Duvar Kaplama Malzemeleri"},"content":{"rendered":"<p>Bilim ve teknolojideki h\u0131zl\u0131 geli\u015fmeler, t\u00fcm d\u00fcnyada oldu\u011fu gibi, \u00fclkemizde de yap\u0131 \u00fcretim s\u00fcrecini \u00f6nemli \u00f6l\u00e7\u00fcde etkilemektedir. Bu s\u00fcrecinin \u00f6nemli bile\u015fenlerinden biri zemin ve duvarlarda kullan\u0131lan kaplama malzemeleridir. Geli\u015fen ve de\u011fi\u015fen d\u00fcnyam\u0131zda t\u00fcketicilerin daha nitelikli hizmet ve \u00fcr\u00fcn istemlerine kar\u015f\u0131l\u0131k \u00fcreticiler de buna uygun \u00fcr\u00fcnler sunma iste\u011fi i\u00e7indedirler. Bunun yan\u0131s\u0131ra t\u00fcketiciye hizmet sunan \u00e7e\u015fitli kurumlar da kullan\u0131c\u0131 memnuniyetini art\u0131rmak amac\u0131yla daha nitelikli, sa\u011fl\u0131kl\u0131 ve ekonomik \u00fcr\u00fcnler tercih etmektedir. Bug\u00fcn piyasada bulunan bir\u00e7ok malzeme i\u00e7inden, kullan\u0131lacak alan\u0131n \u00f6zelliklerine uygun malzeme se\u00e7imi, se\u00e7eneklerin \u00e7oklu\u011fu nedeniyle gittik\u00e7e karma\u015f\u0131k bir hal almakta ve zorla\u015fmaktad\u0131r. Ayr\u0131ca zemin ve duvarda kullan\u0131lan kaplama malzemeleri, bir kez uyguland\u0131\u011f\u0131nda de\u011fi\u015ftirilmeleri olduk\u00e7a zordur ve ekonomik de\u011fildir. Bu nedenle, farkl\u0131 kullan\u0131m alanlar\u0131 i\u00e7in do\u011fru malzeme se\u00e7imi olduk\u00e7a \u00f6nem ta\u015f\u0131maktad\u0131r. Kaplama malzemelerinin se\u00e7imi i\u00e7in do\u011fru karar vermede kullan\u0131c\u0131ya rehber olmas\u0131 amac\u0131yla kitapta yer alan b\u00f6l\u00fcmlerde; zemin ve duvar kaplama malzemelerinde kullan\u0131c\u0131 a\u00e7\u0131s\u0131ndan ta\u015f\u0131mas\u0131 gereken \u00f6zellikler tan\u0131mlanm\u0131\u015f, malzeme se\u00e7iminde dikkat edilmesi gereken hususlar, malzemelerin s\u0131n\u0131fland\u0131r\u0131lmas\u0131, malzemenin \u00f6zellikleri ile temizlik ve bak\u0131mlar\u0131, kullan\u0131m alanlar\u0131, nanoteknoloji kullan\u0131larak \u00fcretilen kaplama malzemeleri ele al\u0131nm\u0131\u015ft\u0131r. <\/p>\n","protected":false},"excerpt":{"rendered":"<p>Bilim ve teknolojideki h\u0131zl\u0131 geli\u015fmeler, t\u00fcm d\u00fcnyada oldu\u011fu gibi, \u00fclkemizde de yap\u0131 \u00fcretim s\u00fcrecini \u00f6nemli \u00f6l\u00e7\u00fcde etkilemektedir. Bu s\u00fcrecinin \u00f6nemli bile\u015fenlerinden biri zemin ve duvarlarda kullan\u0131lan<span class=\"excerpt-hellip\"> [\u2026]<\/span><\/p>\n","protected":false},"featured_media":0,"template":"","meta":{"_monsterinsights_skip_tracking":false,"_monsterinsights_sitenote_active":false,"_monsterinsights_sitenote_note":"","_monsterinsights_sitenote_category":0},"product_brand":[],"product_cat":[12573,12566],"product_tag":[],"class_list":{"0":"post-702252","1":"product","2":"type-product","3":"status-publish","5":"product_cat-akademik-kitaplar","6":"product_cat-egitim","7":"pa_cilt-ciltsiz","8":"pa_tur-kitap","9":"pa_yayinevi-gazi-kitabevi","10":"pa_yazar-sukran-safak","12":"first","13":"instock","14":"sale","15":"shipping-taxable","16":"purchasable","17":"product-type-simple"},"_links":{"self":[{"href":"https:\/\/roveyayinevi.com.tr\/index.php\/wp-json\/wp\/v2\/product\/702252","targetHints":{"allow":["GET"]}}],"collection":[{"href":"https:\/\/roveyayinevi.com.tr\/index.php\/wp-json\/wp\/v2\/product"}],"about":[{"href":"https:\/\/roveyayinevi.com.tr\/index.php\/wp-json\/wp\/v2\/types\/product"}],"wp:attachment":[{"href":"https:\/\/roveyayinevi.com.tr\/index.php\/wp-json\/wp\/v2\/media?parent=702252"}],"wp:term":[{"taxonomy":"product_brand","embeddable":true,"href":"https:\/\/roveyayinevi.com.tr\/index.php\/wp-json\/wp\/v2\/product_brand?post=702252"},{"taxonomy":"product_cat","embeddable":true,"href":"https:\/\/roveyayinevi.com.tr\/index.php\/wp-json\/wp\/v2\/product_cat?post=702252"},{"taxonomy":"product_tag","embeddable":true,"href":"https:\/\/roveyayinevi.com.tr\/index.php\/wp-json\/wp\/v2\/product_tag?post=702252"}],"curies":[{"name":"wp","href":"https:\/\/api.w.org\/{rel}","templated":true}]}}