{"id":702251,"date":"2025-08-27T15:15:20","date_gmt":"2025-08-27T12:15:20","guid":{"rendered":"https:\/\/roveyayinevi.com.tr\/index.php\/urun\/fil\/"},"modified":"2026-04-16T02:11:25","modified_gmt":"2026-04-15T23:11:25","slug":"fil","status":"publish","type":"product","link":"https:\/\/roveyayinevi.com.tr\/index.php\/urun\/fil\/","title":{"rendered":"Fil"},"content":{"rendered":"<p>Kollar\u0131n\u0131 boynuma dolay\u0131p bana sar\u0131l\u0131yor ve ba\u015f\u0131n\u0131 omzuma yasl\u0131yor. Ama mesele \u015fu: Az \u00f6nce ona s\u00f6ylediklerim, b\u00fct\u00fcn g\u00fcn ara ara d\u00fc\u015f\u00fcnd\u00fcklerim, \u015fey, bir t\u00fcr g\u00f6r\u00fcnmez \u00e7izgiyi a\u015fm\u0131\u015f\u0131m gibi hissediyorum. \ufffcTan\u0131t\u0131m Metni<\/p>\n","protected":false},"excerpt":{"rendered":"<p>Kollar\u0131n\u0131 boynuma dolay\u0131p bana sar\u0131l\u0131yor ve ba\u015f\u0131n\u0131 omzuma yasl\u0131yor. Ama mesele \u015fu: Az \u00f6nce ona s\u00f6ylediklerim, b\u00fct\u00fcn g\u00fcn ara ara d\u00fc\u015f\u00fcnd\u00fcklerim, \u015fey, bir t\u00fcr g\u00f6r\u00fcnmez \u00e7izgiyi<span class=\"excerpt-hellip\"> [\u2026]<\/span><\/p>\n","protected":false},"featured_media":0,"template":"","meta":{"_monsterinsights_skip_tracking":false,"_monsterinsights_sitenote_active":false,"_monsterinsights_sitenote_note":"","_monsterinsights_sitenote_category":0},"product_brand":[],"product_cat":[12291,12711],"product_tag":[],"class_list":{"0":"post-702251","1":"product","2":"type-product","3":"status-publish","5":"product_cat-edebiyat","6":"product_cat-roman-oyku","7":"pa_cilt-ciltsiz","8":"pa_tur-kitap","9":"pa_yayinevi-can-yayinlari","10":"pa_yazar-raymond-carver","12":"first","13":"instock","14":"sale","15":"shipping-taxable","16":"purchasable","17":"product-type-simple"},"_links":{"self":[{"href":"https:\/\/roveyayinevi.com.tr\/index.php\/wp-json\/wp\/v2\/product\/702251","targetHints":{"allow":["GET"]}}],"collection":[{"href":"https:\/\/roveyayinevi.com.tr\/index.php\/wp-json\/wp\/v2\/product"}],"about":[{"href":"https:\/\/roveyayinevi.com.tr\/index.php\/wp-json\/wp\/v2\/types\/product"}],"wp:attachment":[{"href":"https:\/\/roveyayinevi.com.tr\/index.php\/wp-json\/wp\/v2\/media?parent=702251"}],"wp:term":[{"taxonomy":"product_brand","embeddable":true,"href":"https:\/\/roveyayinevi.com.tr\/index.php\/wp-json\/wp\/v2\/product_brand?post=702251"},{"taxonomy":"product_cat","embeddable":true,"href":"https:\/\/roveyayinevi.com.tr\/index.php\/wp-json\/wp\/v2\/product_cat?post=702251"},{"taxonomy":"product_tag","embeddable":true,"href":"https:\/\/roveyayinevi.com.tr\/index.php\/wp-json\/wp\/v2\/product_tag?post=702251"}],"curies":[{"name":"wp","href":"https:\/\/api.w.org\/{rel}","templated":true}]}}