{"id":702250,"date":"2025-08-27T15:15:20","date_gmt":"2025-08-27T12:15:20","guid":{"rendered":"https:\/\/roveyayinevi.com.tr\/index.php\/urun\/karikaturler-ve-hafiza-teknikleriyle-dilbilgisi\/"},"modified":"2026-04-16T02:11:25","modified_gmt":"2026-04-15T23:11:25","slug":"karikaturler-ve-hafiza-teknikleriyle-dilbilgisi","status":"publish","type":"product","link":"https:\/\/roveyayinevi.com.tr\/index.php\/urun\/karikaturler-ve-hafiza-teknikleriyle-dilbilgisi\/","title":{"rendered":"Karikat\u00fcrler ve Haf\u0131za Teknikleriyle Dilbilgisi"},"content":{"rendered":"<p>Konu\u015furken, d\u00fc\u015f\u00fcn\u00fcrken, yazarken yukar\u0131daki ve daha bir\u00e7ok dil bilgisi terimini kullanmayan var m\u0131d\u0131r? Bunlar olmadan a\u00e7\u0131k, anla\u015f\u0131l\u0131r ve mant\u0131kl\u0131 c\u00fcmleler kullanmak, duygular\u0131 ifade etmek m\u00fcmk\u00fcn m\u00fcd\u00fcr? <\/p>\n","protected":false},"excerpt":{"rendered":"<p>Konu\u015furken, d\u00fc\u015f\u00fcn\u00fcrken, yazarken yukar\u0131daki ve daha bir\u00e7ok dil bilgisi terimini kullanmayan var m\u0131d\u0131r? Bunlar olmadan a\u00e7\u0131k, anla\u015f\u0131l\u0131r ve mant\u0131kl\u0131 c\u00fcmleler kullanmak, duygular\u0131 ifade etmek m\u00fcmk\u00fcn m\u00fcd\u00fcr?<\/p>\n","protected":false},"featured_media":0,"template":"","meta":{"_monsterinsights_skip_tracking":false,"_monsterinsights_sitenote_active":false,"_monsterinsights_sitenote_note":"","_monsterinsights_sitenote_category":0},"product_brand":[],"product_cat":[13072,12291],"product_tag":[],"class_list":{"0":"post-702250","1":"product","2":"type-product","3":"status-publish","5":"product_cat-arastirma-inceleme-referans","6":"product_cat-edebiyat","7":"pa_tur-kitap","8":"pa_yayinevi-berikan-yayinlari","9":"pa_yazar-muammer-ozer","11":"first","12":"instock","13":"sale","14":"shipping-taxable","15":"purchasable","16":"product-type-simple"},"_links":{"self":[{"href":"https:\/\/roveyayinevi.com.tr\/index.php\/wp-json\/wp\/v2\/product\/702250","targetHints":{"allow":["GET"]}}],"collection":[{"href":"https:\/\/roveyayinevi.com.tr\/index.php\/wp-json\/wp\/v2\/product"}],"about":[{"href":"https:\/\/roveyayinevi.com.tr\/index.php\/wp-json\/wp\/v2\/types\/product"}],"wp:attachment":[{"href":"https:\/\/roveyayinevi.com.tr\/index.php\/wp-json\/wp\/v2\/media?parent=702250"}],"wp:term":[{"taxonomy":"product_brand","embeddable":true,"href":"https:\/\/roveyayinevi.com.tr\/index.php\/wp-json\/wp\/v2\/product_brand?post=702250"},{"taxonomy":"product_cat","embeddable":true,"href":"https:\/\/roveyayinevi.com.tr\/index.php\/wp-json\/wp\/v2\/product_cat?post=702250"},{"taxonomy":"product_tag","embeddable":true,"href":"https:\/\/roveyayinevi.com.tr\/index.php\/wp-json\/wp\/v2\/product_tag?post=702250"}],"curies":[{"name":"wp","href":"https:\/\/api.w.org\/{rel}","templated":true}]}}