{"id":702245,"date":"2025-08-27T15:15:19","date_gmt":"2025-08-27T12:15:19","guid":{"rendered":"https:\/\/roveyayinevi.com.tr\/index.php\/urun\/kutle-transferi-esaslari-ve-uygulamalari\/"},"modified":"2026-04-16T02:11:25","modified_gmt":"2026-04-15T23:11:25","slug":"kutle-transferi-esaslari-ve-uygulamalari","status":"publish","type":"product","link":"https:\/\/roveyayinevi.com.tr\/index.php\/urun\/kutle-transferi-esaslari-ve-uygulamalari\/","title":{"rendered":"K\u00fctle Transferi &#8211; Esaslar\u0131 ve Uygulamalar\u0131"},"content":{"rendered":"<p>Akademik hayat\u0131mda 1990 y\u0131l\u0131na kadar Orta Do\u011fu Teknik \u00dcniversitesi\u2019nde ve daha sonra \u00dcrd\u00fcn bilim ve Teknoloji \u00dcniversitesinde \u0130ngilizce ders verdim ve M\u00fchendislik-Mimarl\u0131k Fak\u00fcltesi Kimya M\u00fchendisli\u011fi B\u00f6l\u00fcm\u00fcnde ders vermeye ba\u015flad\u0131\u011f\u0131mda T\u00fcrk\u00e7e yaz\u0131lm\u0131\u015f teknik kitap ve kaynaklar\u0131n eksikli\u011fini ve \u00f6\u011frencilerimin bu konudaki s\u0131k\u0131nt\u0131s\u0131n\u0131 \u00e7ok yak\u0131ndan hissettim. \u00d6\u011frencilerimin ve ya\u015fad\u0131\u011f\u0131 bu kaynak eksikli\u011fini k\u0131smen gidermek i\u00e7in de bu kitab\u0131n i\u00e7eri\u011fini s\u0131n\u0131rl\u0131 tutmam gerekti\u011fini d\u00fc\u015f\u00fcnd\u00fcm. Esas olarak, genellikle Kimya m\u00fchendisli\u011fi B\u00f6l\u00fcmlerinde iki ders halinde okutulan K\u00fctle Transferi ve Ay\u0131rma \u0130\u015flemlerinin birinci dersinin i\u015flemlerinde uygulamalar\u0131 bu kitab\u0131n i\u00e7eri\u011fini olu\u015fturmaktad\u0131r. Ancak dokuzuncu b\u00f6l\u00fcmde \u00f6zetlenen ay\u0131rma i\u015flemlerinin genel hesaplama y\u00f6ntemleri, di\u011fer ay\u0131rma i\u015flemlerini de kolayca uygulanabilir. Kitab\u0131n b\u00f6l\u00fcmlerini d\u00fczenlerken, m\u00fcmk\u00fcn oldu\u011funca makul bir ders anlat\u0131m plan\u0131na uymaya gayret ettim. D\u00fcnya teknik literat\u00fcr\u00fcndeki son e\u011filimlere paralel olarak kitab\u0131n t\u00fcm\u00fcnde SI birim sistemi kullan\u0131lm\u0131\u015ft\u0131r. Bu birim sistemi hakk\u0131nda detayl\u0131 bilgiler Ek A\u2019da verilmi\u015ftir. \u0130ncelenen konular\u0131n daha iyi anla\u015f\u0131lmas\u0131na uygulamadaki ve hesaplamalarda ki detaylar\u0131n a\u00e7\u0131k\u00e7a g\u00f6r\u00fclmesini sa\u011flayacak ve ayn\u0131 olacak \u015fekilde haz\u0131rlanm\u0131\u015ft\u0131r. \u00d6zellikle tasar\u0131ma yard\u0131mc\u0131 olmak i\u00e7in rafl\u0131 kolonlarda genellikle kullan\u0131lan delikli raf tasar\u0131m\u0131 ile ilgili ayr\u0131 bir ek ve bire \u00f6rnek verilmi\u015ftir. Kitab\u0131n t\u00fcm\u00fcn\u00fc bilgisayarla yazd\u0131m ve \u00e7izimleri de bilgisayarla yapt\u0131m Son haline getirmeden \u00f6nce iki y\u0131l \u00f6\u011frencilerime ders notu olarak da\u011f\u0131t\u0131p eksiklikleri tamamlamaya \u00e7al\u0131\u015ft\u0131m buna ra\u011fmen g\u00f6z\u00fcmden ka\u00e7m\u0131\u015f olan bir hata varsa okuyuculardan \u015fimdiden \u00f6z\u00fcr dilerim. S\u0131n\u0131rl\u0131 kapsaml\u0131 da olsa, bu kitab\u0131n Kimya M\u00fchendisli\u011fi \u00f6\u011frencilerine faydal\u0131 olmas\u0131n\u0131 dilerim. Yeni yeti\u015fen Kimya m\u00fchendislerimizin d\u00fcnyada h\u0131zla geli\u015fen teknolojiye ve bilgi \u00e7a\u011f\u0131na olumlu katk\u0131larda bulunmas\u0131n\u0131 sa\u011flayabilmek i\u00e7in biz \u00f6\u011fretim \u00fcyelerine d\u00fc\u015fen g\u00f6revin, T\u00fcrk\u00e7e teknik kaynak sa\u011flamak oldu\u011funa inan\u0131yorum. Bu kitap gibi m\u00fctevazi katk\u0131lar\u0131n, onlara \u00e7ok daha iyisini ba\u015farmak i\u00e7in bir basamak olaca\u011f\u0131n\u0131 ve imkan sa\u011flayaca\u011f\u0131n\u0131 \u00fcmit ediyorum. Aral\u0131klarla on yedi y\u0131ld\u0131r verdi\u011fim bu derste \u00f6\u011frencilerin konular\u0131n nas\u0131l daha anla\u015f\u0131l\u0131r hale getirilebilece\u011fi hususunda etkilendim. Hepsine te\u015fekk\u00fcr ederim. Buy s\u00fcre i\u00e7inde bana yard\u0131mc\u0131 olan asistanlar\u0131ma ve bilimsel tart\u0131\u015fma yard\u0131mla\u015fma ortam\u0131 sa\u011flayan Orta Do\u011fu Teknik \u00dcniversitesindeki \u00dcrd\u00fcn Bilim ve Teknoloji \u00dcniversitesi\u2019ndeki ve Gazi \u00dcniversitesi\u2019ndeki \u00f6\u011fretim \u00fcyesi arkada\u015flar\u0131ma te\u015fekk\u00fcr ederim. \ufffcTan\u0131t\u0131m Metni<\/p>\n","protected":false},"excerpt":{"rendered":"<p>Akademik hayat\u0131mda 1990 y\u0131l\u0131na kadar Orta Do\u011fu Teknik \u00dcniversitesi\u2019nde ve daha sonra \u00dcrd\u00fcn bilim ve Teknoloji \u00dcniversitesinde \u0130ngilizce ders verdim ve M\u00fchendislik-Mimarl\u0131k Fak\u00fcltesi Kimya M\u00fchendisli\u011fi B\u00f6l\u00fcm\u00fcnde<span class=\"excerpt-hellip\"> [\u2026]<\/span><\/p>\n","protected":false},"featured_media":0,"template":"","meta":{"_monsterinsights_skip_tracking":false,"_monsterinsights_sitenote_active":false,"_monsterinsights_sitenote_note":"","_monsterinsights_sitenote_category":0},"product_brand":[],"product_cat":[12573,12566],"product_tag":[],"class_list":{"0":"post-702245","1":"product","2":"type-product","3":"status-publish","5":"product_cat-akademik-kitaplar","6":"product_cat-egitim","7":"pa_cilt-ciltsiz","8":"pa_tur-kitap","9":"pa_yayinevi-gazi-kitabevi","10":"pa_yazar-bekir-zuhtu-uysal","12":"first","13":"instock","14":"sale","15":"shipping-taxable","16":"purchasable","17":"product-type-simple"},"_links":{"self":[{"href":"https:\/\/roveyayinevi.com.tr\/index.php\/wp-json\/wp\/v2\/product\/702245","targetHints":{"allow":["GET"]}}],"collection":[{"href":"https:\/\/roveyayinevi.com.tr\/index.php\/wp-json\/wp\/v2\/product"}],"about":[{"href":"https:\/\/roveyayinevi.com.tr\/index.php\/wp-json\/wp\/v2\/types\/product"}],"wp:attachment":[{"href":"https:\/\/roveyayinevi.com.tr\/index.php\/wp-json\/wp\/v2\/media?parent=702245"}],"wp:term":[{"taxonomy":"product_brand","embeddable":true,"href":"https:\/\/roveyayinevi.com.tr\/index.php\/wp-json\/wp\/v2\/product_brand?post=702245"},{"taxonomy":"product_cat","embeddable":true,"href":"https:\/\/roveyayinevi.com.tr\/index.php\/wp-json\/wp\/v2\/product_cat?post=702245"},{"taxonomy":"product_tag","embeddable":true,"href":"https:\/\/roveyayinevi.com.tr\/index.php\/wp-json\/wp\/v2\/product_tag?post=702245"}],"curies":[{"name":"wp","href":"https:\/\/api.w.org\/{rel}","templated":true}]}}