{"id":702244,"date":"2025-08-27T15:15:18","date_gmt":"2025-08-27T12:15:18","guid":{"rendered":"https:\/\/roveyayinevi.com.tr\/index.php\/urun\/kuresel-arenada-girisimci-ve-girisimcilik\/"},"modified":"2026-04-16T02:11:25","modified_gmt":"2026-04-15T23:11:25","slug":"kuresel-arenada-girisimci-ve-girisimcilik","status":"publish","type":"product","link":"https:\/\/roveyayinevi.com.tr\/index.php\/urun\/kuresel-arenada-girisimci-ve-girisimcilik\/","title":{"rendered":"K\u00fcresel Arena\u2019da Giri\u015fimci ve Giri\u015fimcilik"},"content":{"rendered":"<p>Giri\u015fimci s\u00f6zc\u00fc\u011f\u00fc ge\u00e7mi\u015fte, \u00f6rne\u011fin 16. y\u00fczy\u0131lda yabanc\u0131 \u00fclkelere yap\u0131lan askeri operasyonlar\u0131 y\u00f6neten ki\u015fileri oldu\u011fu kadar, hen\u00fcz ke\u015ffedilmemi\u015f yabanc\u0131 topraklarda koloniler kuran, yeni yerle\u015fim alanlar\u0131 a\u00e7an bireyleri betimlemek amac\u0131yla da kullan\u0131lan bir terim olmaktad\u0131r. \ufffcTan\u0131t\u0131m Metni<\/p>\n","protected":false},"excerpt":{"rendered":"<p>Giri\u015fimci s\u00f6zc\u00fc\u011f\u00fc ge\u00e7mi\u015fte, \u00f6rne\u011fin 16. y\u00fczy\u0131lda yabanc\u0131 \u00fclkelere yap\u0131lan askeri operasyonlar\u0131 y\u00f6neten ki\u015fileri oldu\u011fu kadar, hen\u00fcz ke\u015ffedilmemi\u015f yabanc\u0131 topraklarda koloniler kuran, yeni yerle\u015fim alanlar\u0131 a\u00e7an bireyleri<span class=\"excerpt-hellip\"> [\u2026]<\/span><\/p>\n","protected":false},"featured_media":0,"template":"","meta":{"_monsterinsights_skip_tracking":false,"_monsterinsights_sitenote_active":false,"_monsterinsights_sitenote_note":"","_monsterinsights_sitenote_category":0},"product_brand":[],"product_cat":[12573,12566],"product_tag":[],"class_list":{"0":"post-702244","1":"product","2":"type-product","3":"status-publish","5":"product_cat-akademik-kitaplar","6":"product_cat-egitim","7":"pa_cilt-ciltsiz","8":"pa_tur-kitap","9":"pa_yayinevi-gazi-kitabevi","10":"pa_yazar-mehmet-ali-gurol","12":"first","13":"instock","14":"sale","15":"shipping-taxable","16":"purchasable","17":"product-type-simple"},"_links":{"self":[{"href":"https:\/\/roveyayinevi.com.tr\/index.php\/wp-json\/wp\/v2\/product\/702244","targetHints":{"allow":["GET"]}}],"collection":[{"href":"https:\/\/roveyayinevi.com.tr\/index.php\/wp-json\/wp\/v2\/product"}],"about":[{"href":"https:\/\/roveyayinevi.com.tr\/index.php\/wp-json\/wp\/v2\/types\/product"}],"wp:attachment":[{"href":"https:\/\/roveyayinevi.com.tr\/index.php\/wp-json\/wp\/v2\/media?parent=702244"}],"wp:term":[{"taxonomy":"product_brand","embeddable":true,"href":"https:\/\/roveyayinevi.com.tr\/index.php\/wp-json\/wp\/v2\/product_brand?post=702244"},{"taxonomy":"product_cat","embeddable":true,"href":"https:\/\/roveyayinevi.com.tr\/index.php\/wp-json\/wp\/v2\/product_cat?post=702244"},{"taxonomy":"product_tag","embeddable":true,"href":"https:\/\/roveyayinevi.com.tr\/index.php\/wp-json\/wp\/v2\/product_tag?post=702244"}],"curies":[{"name":"wp","href":"https:\/\/api.w.org\/{rel}","templated":true}]}}