{"id":702240,"date":"2025-08-27T15:15:17","date_gmt":"2025-08-27T12:15:17","guid":{"rendered":"https:\/\/roveyayinevi.com.tr\/index.php\/urun\/kriz-ve-stres-yonetimi\/"},"modified":"2026-04-16T02:11:25","modified_gmt":"2026-04-15T23:11:25","slug":"kriz-ve-stres-yonetimi","status":"publish","type":"product","link":"https:\/\/roveyayinevi.com.tr\/index.php\/urun\/kriz-ve-stres-yonetimi\/","title":{"rendered":"Kriz ve Stres Y\u00f6netimi"},"content":{"rendered":"<p>Kriz ve Stres Y\u00f6netimi adl\u0131 bu kitap temelde iki ayr\u0131 k\u0131s\u0131mda d\u00fczenlenmi\u015ftir. \u0130lk k\u0131s\u0131m kriz y\u00f6netimi, ikinci k\u0131s\u0131m ise stres y\u00f6netimi ba\u015fl\u0131klar\u0131n\u0131 ta\u015f\u0131maktad\u0131r. Kriz y\u00f6netimi ba\u015fl\u0131\u011f\u0131n\u0131 ta\u015f\u0131yan ilk k\u0131s\u0131mda; kriz ile ilgili kavramlar, kriz kavram\u0131, kapsam\u0131 ve \u00f6zellikleri, krizin boyutlar\u0131 ve temel etmenleri, kriz s\u00fcreci, krizin sonu\u00e7lar\u0131, kriz y\u00f6netimi kavram\u0131 ve kapsam\u0131, kriz y\u00f6netimi s\u00fcreci ve kriz y\u00f6netimi yakla\u015f\u0131mlar\u0131, krizi \u00f6nleme, \u00e7\u00f6zme veya faydaya d\u00f6n\u00fc\u015ft\u00fcrmede kullan\u0131labilecek y\u00f6ntemler a\u00e7\u0131klanm\u0131\u015ft\u0131r. Bu b\u00f6l\u00fcm &#8220;\u0130\u015fletmelerde Kriz Y\u00f6netimine \u0130li\u015fkin Teorik ve Uygulamal\u0131 Bir \u00c7al\u0131\u015fma&#8221; ba\u015fl\u0131kl\u0131 \u00e7al\u0131\u015fmam\u0131z\u0131n g\u00fcncel bilgiler kat\u0131larak geni\u015fletilmesinden olu\u015fmu\u015ftur. Stres y\u00f6netimi ba\u015fl\u0131\u011f\u0131n\u0131 ta\u015f\u0131yan ikinci k\u0131s\u0131mda ise stres ile ilgili kavramlar, stres kavram\u0131 ve kapsam\u0131, stresin belirtileri ve temel a\u015famalar\u0131, strese neden olan fakt\u00f6rler, stresin yol a\u00e7t\u0131\u011f\u0131 sonu\u00e7lar ile stres y\u00f6netimi ve kontrol\u00fc konular\u0131 \u00fczerinde durulmu\u015ftur. Bu \u00e7al\u0131\u015fmada, kriz ve stres ile bunlara y\u00f6nelik \u00e7\u00f6z\u00fcm \u00f6nerilerine yer veren temel eserlerin bir \u00e7o\u011fundan yararlan\u0131lm\u0131\u015ft\u0131r. Ayr\u0131ca, uygulanabilir testler ile baz\u0131 g\u00fcncel okuma par\u00e7alar\u0131na yer verilerek konular\u0131n zenginle\u015ftirilmesine \u00e7al\u0131\u015f\u0131lm\u0131\u015ft\u0131r. <\/p>\n","protected":false},"excerpt":{"rendered":"<p>Kriz ve Stres Y\u00f6netimi adl\u0131 bu kitap temelde iki ayr\u0131 k\u0131s\u0131mda d\u00fczenlenmi\u015ftir. \u0130lk k\u0131s\u0131m kriz y\u00f6netimi, ikinci k\u0131s\u0131m ise stres y\u00f6netimi ba\u015fl\u0131klar\u0131n\u0131 ta\u015f\u0131maktad\u0131r. Kriz y\u00f6netimi ba\u015fl\u0131\u011f\u0131n\u0131<span class=\"excerpt-hellip\"> [\u2026]<\/span><\/p>\n","protected":false},"featured_media":0,"template":"","meta":{"_monsterinsights_skip_tracking":false,"_monsterinsights_sitenote_active":false,"_monsterinsights_sitenote_note":"","_monsterinsights_sitenote_category":0},"product_brand":[],"product_cat":[12573,12566],"product_tag":[],"class_list":{"0":"post-702240","1":"product","2":"type-product","3":"status-publish","5":"product_cat-akademik-kitaplar","6":"product_cat-egitim","7":"pa_cilt-ciltsiz","8":"pa_tur-kitap","9":"pa_yayinevi-gazi-kitabevi","10":"pa_yazar-adnan-celik","12":"first","13":"instock","14":"sale","15":"shipping-taxable","16":"purchasable","17":"product-type-simple"},"_links":{"self":[{"href":"https:\/\/roveyayinevi.com.tr\/index.php\/wp-json\/wp\/v2\/product\/702240","targetHints":{"allow":["GET"]}}],"collection":[{"href":"https:\/\/roveyayinevi.com.tr\/index.php\/wp-json\/wp\/v2\/product"}],"about":[{"href":"https:\/\/roveyayinevi.com.tr\/index.php\/wp-json\/wp\/v2\/types\/product"}],"wp:attachment":[{"href":"https:\/\/roveyayinevi.com.tr\/index.php\/wp-json\/wp\/v2\/media?parent=702240"}],"wp:term":[{"taxonomy":"product_brand","embeddable":true,"href":"https:\/\/roveyayinevi.com.tr\/index.php\/wp-json\/wp\/v2\/product_brand?post=702240"},{"taxonomy":"product_cat","embeddable":true,"href":"https:\/\/roveyayinevi.com.tr\/index.php\/wp-json\/wp\/v2\/product_cat?post=702240"},{"taxonomy":"product_tag","embeddable":true,"href":"https:\/\/roveyayinevi.com.tr\/index.php\/wp-json\/wp\/v2\/product_tag?post=702240"}],"curies":[{"name":"wp","href":"https:\/\/api.w.org\/{rel}","templated":true}]}}