{"id":702239,"date":"2025-08-27T15:15:16","date_gmt":"2025-08-27T12:15:16","guid":{"rendered":"https:\/\/roveyayinevi.com.tr\/index.php\/urun\/kamu-yonetimi-ve-polis\/"},"modified":"2026-04-16T02:11:25","modified_gmt":"2026-04-15T23:11:25","slug":"kamu-yonetimi-ve-polis","status":"publish","type":"product","link":"https:\/\/roveyayinevi.com.tr\/index.php\/urun\/kamu-yonetimi-ve-polis\/","title":{"rendered":"Kamu Y\u00f6netimi ve Polis"},"content":{"rendered":"<p>G\u00fcvenlik hizmeti toplumda son derece \u00f6nemli bir kamu hizmeti oldu\u011fu gibi, bu hizmeti topluma sunmakla g\u00f6revli polis te\u015fkilat\u0131n\u0131n da kamu y\u00f6netimi sistemi i\u00e7erisinde \u00f6nemli bir yen ve rol\u00fc vard\u0131r. Ancak ne var ki polis, \u00f6zellikle polis y\u00f6netimi konusu uzmanlar ve bilim adamlar\u0131 taraf\u0131ndan yeterince incelenmemi\u015f, dolay\u0131s\u0131yla bu alanda \u00e7ok az say\u0131da uzman yeti\u015fmi\u015f ve az say\u0131da eser verilmi\u015ftir. \u0130\u015fte T\u00fcrkiye\u2019de kamu y\u00f6netimi alan\u0131nda \u00e7al\u0131\u015f\u0131p, polis y\u00f6netimi konusunu ara\u015ft\u0131rma alan\u0131 olarak se\u00e7en birka\u00e7 akademisyenden biri olan \u00dcniversitemiz \u0130ktisad\u0131 ve idari Bilimler Fak\u00fcltesi \u00f6\u011fretim \u00fcyesi Prof. Dr. Ahmet Hamd\u0131 Ayd\u0131n taraf\u0131ndan haz\u0131rlanan bu kitap, alan\u0131nda \u00f6nemli b\u0130r bo\u015flu\u011fu dolduracak niteliktedir. Derleme kitaplar\u0131n yayg\u0131nla\u015ft\u0131\u011f\u0131 g\u00fcn\u00fcm\u00fczde, bilim adamlar\u0131n\u0131n daha \u00f6nce yay\u0131nlad\u0131klar\u0131 kendi \u00e7al\u0131\u015fmalar\u0131n\u0131 bir araya getirerek yay\u0131nlay\u0131p okuyucuya sunmas\u0131n\u0131n da son derece do\u011fru ve yararl\u0131 bir y\u00f6ntem oldu\u011fu kanaatindeyim. Bu gelenekselle\u015fmi\u015f y\u00f6ntem, \u0130lgilenenlere yazar\u0131n bir\u00e7ok \u00e7al\u0131\u015fmas\u0131na kolayca ula\u015fma olana\u011f\u0131 vermesi bak\u0131m\u0131ndan \u00f6nemlidir. <\/p>\n","protected":false},"excerpt":{"rendered":"<p>G\u00fcvenlik hizmeti toplumda son derece \u00f6nemli bir kamu hizmeti oldu\u011fu gibi, bu hizmeti topluma sunmakla g\u00f6revli polis te\u015fkilat\u0131n\u0131n da kamu y\u00f6netimi sistemi i\u00e7erisinde \u00f6nemli bir yen<span class=\"excerpt-hellip\"> [\u2026]<\/span><\/p>\n","protected":false},"featured_media":0,"template":"","meta":{"_monsterinsights_skip_tracking":false,"_monsterinsights_sitenote_active":false,"_monsterinsights_sitenote_note":"","_monsterinsights_sitenote_category":0},"product_brand":[],"product_cat":[12573,12566],"product_tag":[],"class_list":{"0":"post-702239","1":"product","2":"type-product","3":"status-publish","5":"product_cat-akademik-kitaplar","6":"product_cat-egitim","7":"pa_cilt-ciltsiz","8":"pa_tur-kitap","9":"pa_yayinevi-gazi-kitabevi","10":"pa_yazar-ahmet-hamdi-aydin","12":"first","13":"instock","14":"sale","15":"shipping-taxable","16":"purchasable","17":"product-type-simple"},"_links":{"self":[{"href":"https:\/\/roveyayinevi.com.tr\/index.php\/wp-json\/wp\/v2\/product\/702239","targetHints":{"allow":["GET"]}}],"collection":[{"href":"https:\/\/roveyayinevi.com.tr\/index.php\/wp-json\/wp\/v2\/product"}],"about":[{"href":"https:\/\/roveyayinevi.com.tr\/index.php\/wp-json\/wp\/v2\/types\/product"}],"wp:attachment":[{"href":"https:\/\/roveyayinevi.com.tr\/index.php\/wp-json\/wp\/v2\/media?parent=702239"}],"wp:term":[{"taxonomy":"product_brand","embeddable":true,"href":"https:\/\/roveyayinevi.com.tr\/index.php\/wp-json\/wp\/v2\/product_brand?post=702239"},{"taxonomy":"product_cat","embeddable":true,"href":"https:\/\/roveyayinevi.com.tr\/index.php\/wp-json\/wp\/v2\/product_cat?post=702239"},{"taxonomy":"product_tag","embeddable":true,"href":"https:\/\/roveyayinevi.com.tr\/index.php\/wp-json\/wp\/v2\/product_tag?post=702239"}],"curies":[{"name":"wp","href":"https:\/\/api.w.org\/{rel}","templated":true}]}}